{"id":9705,"date":"2026-04-23T15:39:27","date_gmt":"2026-04-23T15:39:27","guid":{"rendered":"https:\/\/kernd.de\/?page_id=9705"},"modified":"2026-04-23T15:42:13","modified_gmt":"2026-04-23T15:42:13","slug":"9705-2","status":"publish","type":"page","link":"https:\/\/kernd.de\/en\/9705-2\/","title":{"rendered":""},"content":{"rendered":"<div data-elementor-type=\"wp-page\" data-elementor-id=\"9705\" class=\"elementor elementor-9705\">\n\t\t\t\t\t\t<section class=\"elementor-section elementor-top-section elementor-element elementor-element-19ed0a6 elementor-section-boxed elementor-section-height-default elementor-section-height-default\" data-id=\"19ed0a6\" data-element_type=\"section\" data-e-type=\"section\">\n\t\t\t\t\t\t<div class=\"elementor-container elementor-column-gap-default\">\n\t\t\t\t\t<div class=\"elementor-column elementor-col-100 elementor-top-column elementor-element elementor-element-e6f7e18\" data-id=\"e6f7e18\" data-element_type=\"column\" data-e-type=\"column\">\n\t\t\t<div class=\"elementor-widget-wrap elementor-element-populated\">\n\t\t\t\t\t\t<div class=\"elementor-element elementor-element-9ac00fb elementor-widget elementor-widget-text-editor\" data-id=\"9ac00fb\" data-element_type=\"widget\" data-e-type=\"widget\" data-widget_type=\"text-editor.default\">\n\t\t\t\t<div class=\"elementor-widget-container\">\n\t\t\t\t\t\t\t\t\t<p>Am 21. Mai in Berlin l\u00e4dt KernD zum diesj\u00e4hrigen Verbandstag in die Wartehalle Berlin ein.<\/p><p>Unter dem Leitmotiv \u201eIndustrie der Zukunft\u201c versammelt die Veranstaltung ausgew\u00e4hlte Pers\u00f6nlichkeiten aus Industrie, Wissenschaft, Politik und Medien. Im Fokus stehen zentrale Fragen der europ\u00e4ischen Energiesouver\u00e4nit\u00e4t sowie die Rolle technologischer Innovationen \u2013 insbesondere im Bereich der Kerntechnik \u2013 f\u00fcr Wettbewerbsf\u00e4higkeit und Versorgungssicherheit.<\/p><p>Der Verbandstag versteht sich als exklusives Forum f\u00fcr einen offenen und fundierten Austausch in einem hochkar\u00e4tigen Kreis. Die Veranstaltung richtet sich an einen geladenen Teilnehmerkreis.<\/p><p><span style=\"color: #d94d7a;\"><strong>Programm\u00fcberblick<\/strong><\/span><\/p><p>09:00 Uhr \u2013<span>\u00a0<\/span><strong>Einlass und Begr\u00fc\u00dfung<\/strong><br \/>09:30 Uhr \u2013<span>\u00a0<\/span><strong>Er\u00f6ffnung<\/strong><br \/>Dr. Martin Pache &amp; Nicole Koch (KernD)<\/p><p>09:35 Uhr \u2013<span>\u00a0<\/span><strong>Politischer Impuls<\/strong><\/p><p>09:50 Uhr \u2013<span>\u00a0<\/span><strong>Panel 1: Europa baut neu<\/strong><br \/>Mit Vertreterinnen und Vertretern aus Politik und Industrie, u. a. Hidde Baars (Nucleair Nederland) und Carl Bergl\u00f6f (Ministry of Climate and Enterprise Schweden)<\/p><p>11:00 Uhr \u2013 Kaffeepause<\/p><p>11:30 Uhr \u2013<span>\u00a0<\/span><strong>Panel 2: SMR als europ\u00e4isches Industrieprojekt<\/strong><br \/>Mit Beitr\u00e4gen f\u00fchrender europ\u00e4ischer Unternehmen und Organisationen: Kalev Kallemets (FERMI Energia), Dr. Magnus Mori (Urenco), Tobias Ravn Thomas (Copenhagen Atomics), Emmanuel Brutin (nucleareurope)<\/p><p>12:30 Uhr \u2013 Mittagessen<\/p><p>14:30 Uhr \u2013<span>\u00a0<\/span><strong>Keynote: Strom- und W\u00e4rmeanforderungen von Hyperscalern<\/strong><br \/>15:00 Uhr \u2013<span>\u00a0<\/span><strong>Diskussion<\/strong><\/p><p>15:30 Uhr \u2013<span>\u00a0<\/span><strong>Panel 3: Endlagerung \u2013 Europas Erfolgsmodelle<\/strong><br \/>Einblicke in Endlagerstrategien aus Finnland, der Schweiz und Deutschland: Mika Pohjonen (Posiva Solutions), Philipp Senn (Nagra), Dagmar Dehmer (Bundesgesellschaft f\u00fcr Endlagerung), Franklin Servan-Schreiber (Transmutex)<\/p><p>16:30 Uhr \u2013 Kaffeepause<\/p><p>16:50 Uhr \u2013<span>\u00a0<\/span><strong>Panel 4: Akzeptanz &amp; Narrative: Was wir von unseren Nachbarn lernen k\u00f6nnen<\/strong><br \/>Perspektiven aus Finnland, der Schweiz und Polen: Atte Harjanne (Finnish Greens), Lukas Aebi (Nuklearforum Schweiz), Jakub Wiech (Energetyka24)<\/p><p>17:50 Uhr \u2013<span>\u00a0<\/span><strong>Abschluss: Was bedeutet das f\u00fcr Deutschland?<\/strong><br \/>Dr. Martin Pache (KernD)<\/p><p>18:15 Uhr \u2013 Get Together<\/p><p>Der Verbandstag bietet die Gelegenheit, aktuelle Entwicklungen der europ\u00e4ischen Energiepolitik einzuordnen, voneinander zu lernen und gemeinsam Perspektiven f\u00fcr die Industrie der Zukunft zu entwickeln.<\/p><p>F\u00fcr weiterf\u00fchrende Informationen und R\u00fcckfragen zur Veranstaltung steht Nicole Koch gerne zur Verf\u00fcgung.<\/p>\t\t\t\t\t\t\t\t<\/div>\n\t\t\t\t<\/div>\n\t\t\t\t\t<\/div>\n\t\t<\/div>\n\t\t\t\t\t<\/div>\n\t\t<\/section>\n\t\t\t\t<section class=\"elementor-section elementor-top-section elementor-element elementor-element-1d0e40a2 elementor-section-content-middle elementor-section-boxed elementor-section-height-default elementor-section-height-default\" data-id=\"1d0e40a2\" data-element_type=\"section\" data-e-type=\"section\">\n\t\t\t\t\t\t<div class=\"elementor-container elementor-column-gap-no\">\n\t\t\t\t\t<div class=\"elementor-column elementor-col-100 elementor-top-column elementor-element elementor-element-53853c06\" data-id=\"53853c06\" data-element_type=\"column\" data-e-type=\"column\">\n\t\t\t<div class=\"elementor-widget-wrap elementor-element-populated\">\n\t\t\t\t\t\t<div class=\"elementor-element elementor-element-7845b138 elementor-position-left elementor-vertical-align-middle elementor-widget elementor-widget-image-box\" data-id=\"7845b138\" data-element_type=\"widget\" data-e-type=\"widget\" data-widget_type=\"image-box.default\">\n\t\t\t\t<div class=\"elementor-widget-container\">\n\t\t\t\t\t<div class=\"elementor-image-box-wrapper\"><figure class=\"elementor-image-box-img\"><a href=\"mailto:nicole.koch@kernd.de\" tabindex=\"-1\"><img fetchpriority=\"high\" decoding=\"async\" width=\"1200\" height=\"1200\" src=\"https:\/\/kernd.de\/wp-content\/uploads\/2026\/03\/Nicole-Koch_.png\" class=\"attachment-full size-full wp-image-9604\" alt=\"\" srcset=\"https:\/\/kernd.de\/wp-content\/uploads\/2026\/03\/Nicole-Koch_.png 1200w, https:\/\/kernd.de\/wp-content\/uploads\/2026\/03\/Nicole-Koch_-300x300.png 300w, https:\/\/kernd.de\/wp-content\/uploads\/2026\/03\/Nicole-Koch_-1024x1024.png 1024w, https:\/\/kernd.de\/wp-content\/uploads\/2026\/03\/Nicole-Koch_-150x150.png 150w, https:\/\/kernd.de\/wp-content\/uploads\/2026\/03\/Nicole-Koch_-768x768.png 768w, https:\/\/kernd.de\/wp-content\/uploads\/2026\/03\/Nicole-Koch_-12x12.png 12w, https:\/\/kernd.de\/wp-content\/uploads\/2026\/03\/Nicole-Koch_-230x230.png 230w, https:\/\/kernd.de\/wp-content\/uploads\/2026\/03\/Nicole-Koch_-600x600.png 600w, https:\/\/kernd.de\/wp-content\/uploads\/2026\/03\/Nicole-Koch_-160x160.png 160w\" sizes=\"(max-width: 1200px) 100vw, 1200px\" \/><\/a><\/figure><div class=\"elementor-image-box-content\"><h3 class=\"elementor-image-box-title\"><a href=\"mailto:nicole.koch@kernd.de\">Nicole Koch<\/a><\/h3><p class=\"elementor-image-box-description\">nicole.koch@kernd.de<\/p><\/div><\/div>\t\t\t\t<\/div>\n\t\t\t\t<\/div>\n\t\t\t\t\t<\/div>\n\t\t<\/div>\n\t\t\t\t\t<\/div>\n\t\t<\/section>\n\t\t\t\t<\/div>","protected":false},"excerpt":{"rendered":"<p>Am 21. Mai in Berlin l\u00e4dt KernD zum diesj\u00e4hrigen Verbandstag in die Wartehalle Berlin ein. Unter dem Leitmotiv \u201eIndustrie der Zukunft\u201c versammelt die Veranstaltung ausgew\u00e4hlte Pers\u00f6nlichkeiten aus Industrie, Wissenschaft, Politik und Medien. Im Fokus stehen zentrale Fragen der europ\u00e4ischen Energiesouver\u00e4nit\u00e4t sowie die Rolle technologischer Innovationen \u2013 insbesondere im Bereich der [&hellip;]<\/p>\n","protected":false},"author":3,"featured_media":9698,"parent":0,"menu_order":0,"comment_status":"closed","ping_status":"closed","template":"","meta":{"footnotes":""},"class_list":["post-9705","page","type-page","status-publish","has-post-thumbnail","hentry"],"aioseo_notices":[],"_links":{"self":[{"href":"https:\/\/kernd.de\/en\/wp-json\/wp\/v2\/pages\/9705","targetHints":{"allow":["GET"]}}],"collection":[{"href":"https:\/\/kernd.de\/en\/wp-json\/wp\/v2\/pages"}],"about":[{"href":"https:\/\/kernd.de\/en\/wp-json\/wp\/v2\/types\/page"}],"author":[{"embeddable":true,"href":"https:\/\/kernd.de\/en\/wp-json\/wp\/v2\/users\/3"}],"replies":[{"embeddable":true,"href":"https:\/\/kernd.de\/en\/wp-json\/wp\/v2\/comments?post=9705"}],"version-history":[{"count":8,"href":"https:\/\/kernd.de\/en\/wp-json\/wp\/v2\/pages\/9705\/revisions"}],"predecessor-version":[{"id":9715,"href":"https:\/\/kernd.de\/en\/wp-json\/wp\/v2\/pages\/9705\/revisions\/9715"}],"wp:featuredmedia":[{"embeddable":true,"href":"https:\/\/kernd.de\/en\/wp-json\/wp\/v2\/media\/9698"}],"wp:attachment":[{"href":"https:\/\/kernd.de\/en\/wp-json\/wp\/v2\/media?parent=9705"}],"curies":[{"name":"wp","href":"https:\/\/api.w.org\/{rel}","templated":true}]}}