{"id":9674,"date":"2026-04-13T06:57:45","date_gmt":"2026-04-13T06:57:45","guid":{"rendered":"https:\/\/kernd.de\/?page_id=9674"},"modified":"2026-04-13T07:12:47","modified_gmt":"2026-04-13T07:12:47","slug":"dekarbonisierung-der-waerme-warum-kernenergie-teil-der-loesung-ist","status":"publish","type":"page","link":"https:\/\/kernd.de\/en\/dekarbonisierung-der-waerme-warum-kernenergie-teil-der-loesung-ist\/","title":{"rendered":"Dekarbonisierung der W\u00e4rme: Warum Kernenergie Teil der L\u00f6sung ist"},"content":{"rendered":"<div data-elementor-type=\"wp-page\" data-elementor-id=\"9674\" class=\"elementor elementor-9674\">\n\t\t\t\t\t\t<section class=\"elementor-section elementor-top-section elementor-element elementor-element-19ed0a6 elementor-section-boxed elementor-section-height-default elementor-section-height-default\" data-id=\"19ed0a6\" data-element_type=\"section\" data-e-type=\"section\">\n\t\t\t\t\t\t<div class=\"elementor-container elementor-column-gap-default\">\n\t\t\t\t\t<div class=\"elementor-column elementor-col-100 elementor-top-column elementor-element elementor-element-e6f7e18\" data-id=\"e6f7e18\" data-element_type=\"column\" data-e-type=\"column\">\n\t\t\t<div class=\"elementor-widget-wrap elementor-element-populated\">\n\t\t\t\t\t\t<div class=\"elementor-element elementor-element-9ac00fb elementor-widget elementor-widget-text-editor\" data-id=\"9ac00fb\" data-element_type=\"widget\" data-e-type=\"widget\" data-widget_type=\"text-editor.default\">\n\t\t\t\t<div class=\"elementor-widget-container\">\n\t\t\t\t\t\t\t\t\t<p>Die Transformation der Fern- und Prozessw\u00e4rme z\u00e4hlt zu den gr\u00f6\u00dften Herausforderungen der Energiewende. W\u00e4hrend erneuerbare Technologien wichtige Beitr\u00e4ge leisten, sto\u00dfen sie insbesondere bei hohen Temperaturen, kontinuierlichem Bedarf und saisonalen Schwankungen an ihre Grenzen. Die Sonderausgabe der <em data-start=\"410\" data-end=\"415\" data-is-only-node=\"\">atw &#8211; International Journal for Nuclear Power<\/em> zeigt, wie innovative nukleare Konzepte diese L\u00fccken schlie\u00dfen k\u00f6nnen: technisch, wirtschaftlich und rechtlich.<\/p><p><a href=\"https:\/\/kernd.de\/wp-content\/uploads\/2026\/04\/atw_2026_Extra_Fernwaerme.pdf\">PDF der Sonderausgabe herunterladen<\/a><\/p><p>Von kleinen modularen Reaktoren f\u00fcr Fernw\u00e4rme bis hin zu Hochtemperaturreaktoren f\u00fcr industrielle Prozesse beleuchtet die Ausgabe konkrete Anwendungen, aktuelle Projekte und regulatorische Rahmenbedingungen. Sie macht deutlich: Kernenergie kann einen entscheidenden Beitrag leisten, um Versorgungssicherheit, Wettbewerbsf\u00e4higkeit und Klimaschutz in Einklang zu bringen &#8211; gerade im W\u00e4rmesektor, der bislang oft untersch\u00e4tzt wird.<\/p>\t\t\t\t\t\t\t\t<\/div>\n\t\t\t\t<\/div>\n\t\t\t\t\t<\/div>\n\t\t<\/div>\n\t\t\t\t\t<\/div>\n\t\t<\/section>\n\t\t\t\t<\/div>","protected":false},"excerpt":{"rendered":"<p>Die Transformation der Fern- und Prozessw\u00e4rme z\u00e4hlt zu den gr\u00f6\u00dften Herausforderungen der Energiewende. W\u00e4hrend erneuerbare Technologien wichtige Beitr\u00e4ge leisten, sto\u00dfen sie insbesondere bei hohen Temperaturen, kontinuierlichem Bedarf und saisonalen Schwankungen an ihre Grenzen. Die Sonderausgabe der atw &#8211; International Journal for Nuclear Power zeigt, wie innovative nukleare Konzepte diese L\u00fccken [&hellip;]<\/p>\n","protected":false},"author":3,"featured_media":9675,"parent":0,"menu_order":0,"comment_status":"closed","ping_status":"closed","template":"","meta":{"footnotes":""},"class_list":["post-9674","page","type-page","status-publish","has-post-thumbnail","hentry"],"aioseo_notices":[],"_links":{"self":[{"href":"https:\/\/kernd.de\/en\/wp-json\/wp\/v2\/pages\/9674","targetHints":{"allow":["GET"]}}],"collection":[{"href":"https:\/\/kernd.de\/en\/wp-json\/wp\/v2\/pages"}],"about":[{"href":"https:\/\/kernd.de\/en\/wp-json\/wp\/v2\/types\/page"}],"author":[{"embeddable":true,"href":"https:\/\/kernd.de\/en\/wp-json\/wp\/v2\/users\/3"}],"replies":[{"embeddable":true,"href":"https:\/\/kernd.de\/en\/wp-json\/wp\/v2\/comments?post=9674"}],"version-history":[{"count":3,"href":"https:\/\/kernd.de\/en\/wp-json\/wp\/v2\/pages\/9674\/revisions"}],"predecessor-version":[{"id":9679,"href":"https:\/\/kernd.de\/en\/wp-json\/wp\/v2\/pages\/9674\/revisions\/9679"}],"wp:featuredmedia":[{"embeddable":true,"href":"https:\/\/kernd.de\/en\/wp-json\/wp\/v2\/media\/9675"}],"wp:attachment":[{"href":"https:\/\/kernd.de\/en\/wp-json\/wp\/v2\/media?parent=9674"}],"curies":[{"name":"wp","href":"https:\/\/api.w.org\/{rel}","templated":true}]}}