{"id":9609,"date":"2026-03-17T12:08:50","date_gmt":"2026-03-17T12:08:50","guid":{"rendered":"https:\/\/kernd.de\/?page_id=9609"},"modified":"2026-03-17T12:14:21","modified_gmt":"2026-03-17T12:14:21","slug":"wne-2027-deutscher-gemeinschaftsstand-unter-kernd-flagge-geplant","status":"publish","type":"page","link":"https:\/\/kernd.de\/en\/wne-2027-deutscher-gemeinschaftsstand-unter-kernd-flagge-geplant\/","title":{"rendered":"WNE 2027: Deutscher Gemeinschaftsstand unter KernD-Flagge geplant"},"content":{"rendered":"<div data-elementor-type=\"wp-page\" data-elementor-id=\"9609\" class=\"elementor elementor-9609\">\n\t\t\t\t\t\t<section class=\"elementor-section elementor-top-section elementor-element elementor-element-017cd7c hero-section elementor-section-boxed elementor-section-height-default elementor-section-height-default\" data-id=\"017cd7c\" data-element_type=\"section\" data-e-type=\"section\">\n\t\t\t\t\t\t\t<div class=\"elementor-background-overlay\"><\/div>\n\t\t\t\t\t\t\t<div class=\"elementor-container elementor-column-gap-default\">\n\t\t\t\t\t<div class=\"elementor-column elementor-col-100 elementor-top-column elementor-element elementor-element-2bfa637 hero-container\" data-id=\"2bfa637\" data-element_type=\"column\" data-e-type=\"column\">\n\t\t\t<div class=\"elementor-widget-wrap elementor-element-populated\">\n\t\t\t\t\t\t<div class=\"elementor-element elementor-element-2d29fa6 elementor-widget elementor-widget-text-editor\" data-id=\"2d29fa6\" data-element_type=\"widget\" data-e-type=\"widget\" data-widget_type=\"text-editor.default\">\n\t\t\t\t<div class=\"elementor-widget-container\">\n\t\t\t\t\t\t\t\t\t<h1><span style=\"color: #d94d7a;\"><strong>WNE 2027: Deutscher Gemeinschaftsstand unter KernD-Flagge geplant<\/strong><\/span><\/h1>\t\t\t\t\t\t\t\t<\/div>\n\t\t\t\t<\/div>\n\t\t\t\t\t<\/div>\n\t\t<\/div>\n\t\t\t\t\t<\/div>\n\t\t<\/section>\n\t\t\t\t<section class=\"elementor-section elementor-top-section elementor-element elementor-element-6468f23 elementor-section-boxed elementor-section-height-default elementor-section-height-default\" data-id=\"6468f23\" data-element_type=\"section\" data-e-type=\"section\">\n\t\t\t\t\t\t<div class=\"elementor-container elementor-column-gap-default\">\n\t\t\t\t\t<div class=\"elementor-column elementor-col-100 elementor-top-column elementor-element elementor-element-4b29781\" data-id=\"4b29781\" data-element_type=\"column\" data-e-type=\"column\">\n\t\t\t<div class=\"elementor-widget-wrap elementor-element-populated\">\n\t\t\t\t\t\t<div class=\"elementor-element elementor-element-f585c76 elementor-widget elementor-widget-spacer\" data-id=\"f585c76\" data-element_type=\"widget\" data-e-type=\"widget\" data-widget_type=\"spacer.default\">\n\t\t\t\t<div class=\"elementor-widget-container\">\n\t\t\t\t\t\t\t<div class=\"elementor-spacer\">\n\t\t\t<div class=\"elementor-spacer-inner\"><\/div>\n\t\t<\/div>\n\t\t\t\t\t\t<\/div>\n\t\t\t\t<\/div>\n\t\t\t\t\t<\/div>\n\t\t<\/div>\n\t\t\t\t\t<\/div>\n\t\t<\/section>\n\t\t\t\t<section class=\"elementor-section elementor-top-section elementor-element elementor-element-19ed0a6 elementor-section-boxed elementor-section-height-default elementor-section-height-default\" data-id=\"19ed0a6\" data-element_type=\"section\" data-e-type=\"section\">\n\t\t\t\t\t\t<div class=\"elementor-container elementor-column-gap-default\">\n\t\t\t\t\t<div class=\"elementor-column elementor-col-100 elementor-top-column elementor-element elementor-element-e6f7e18\" data-id=\"e6f7e18\" data-element_type=\"column\" data-e-type=\"column\">\n\t\t\t<div class=\"elementor-widget-wrap elementor-element-populated\">\n\t\t\t\t\t\t<div class=\"elementor-element elementor-element-9ac00fb elementor-widget elementor-widget-text-editor\" data-id=\"9ac00fb\" data-element_type=\"widget\" data-e-type=\"widget\" data-widget_type=\"text-editor.default\">\n\t\t\t\t<div class=\"elementor-widget-container\">\n\t\t\t\t\t\t\t\t\t<p>Aufbauend auf den Erfolg des German Pavilion auf der WNE 2025 organisiert KernD f\u00fcr die WNE 2027 in Paris vom 7. bis 9. Dezember erneut einen gemeinsamen deutschen Messeauftritt, das \u201eDeutsche Dorf\u201c.<\/p><p>Ziel ist ein zentraler Gemeinschaftsstand unter KernD-Flagge, der als Treffpunkt, Plattform f\u00fcr Austausch und Servicepunkt f\u00fcr alle teilnehmenden Unternehmen dient. Gleichzeitig bleiben individuelle Pr\u00e4sentationsfl\u00e4chen und Vertriebsoptionen m\u00f6glich.<\/p><p>Die Vorteile einer Beteiligung auf einen Blick:<\/p><ul><li><strong>Premium-Pr\u00e4senz:<\/strong> zentrale Lage auf der Messe mit maximaler Sichtbarkeit<\/li><li><strong>Gemeinsame Strahlkraft:<\/strong> geb\u00fcndelte deutsche Innovationskraft<\/li><li><strong>Individuelle Optionen:<\/strong> eigene Pr\u00e4sentationsfl\u00e4che und Vertriebsaktivit\u00e4ten<\/li><li><strong>Full-Service:<\/strong> Koordination, Standbau und Logistik durch KernD<\/li><li><strong>Networking &amp; Hospitality:<\/strong> Austausch mit internationalen Partnern in deutscher Atmosph\u00e4re<\/li><\/ul><p>Um die Gesamtfl\u00e4che und Standgestaltung fr\u00fchzeitig planen zu k\u00f6nnen, f\u00fchrt KernD derzeit eine Interessenabfrage unter deutschen Unternehmen durch. So k\u00f6nnen wir einen starken, sichtbaren und gut organisierten deutschen Auftritt auf der WNE 2027 sicherstellen.<\/p>\t\t\t\t\t\t\t\t<\/div>\n\t\t\t\t<\/div>\n\t\t\t\t\t<\/div>\n\t\t<\/div>\n\t\t\t\t\t<\/div>\n\t\t<\/section>\n\t\t\t\t<section class=\"elementor-section elementor-top-section elementor-element elementor-element-bf4951a elementor-section-boxed elementor-section-height-default elementor-section-height-default\" data-id=\"bf4951a\" data-element_type=\"section\" data-e-type=\"section\">\n\t\t\t\t\t\t<div class=\"elementor-container elementor-column-gap-default\">\n\t\t\t\t\t<div class=\"elementor-column elementor-col-100 elementor-top-column elementor-element elementor-element-609c4e5\" data-id=\"609c4e5\" data-element_type=\"column\" data-e-type=\"column\">\n\t\t\t<div class=\"elementor-widget-wrap elementor-element-populated\">\n\t\t\t\t\t\t<div class=\"elementor-element elementor-element-8be8e0a elementor-widget elementor-widget-spacer\" data-id=\"8be8e0a\" data-element_type=\"widget\" data-e-type=\"widget\" data-widget_type=\"spacer.default\">\n\t\t\t\t<div class=\"elementor-widget-container\">\n\t\t\t\t\t\t\t<div class=\"elementor-spacer\">\n\t\t\t<div class=\"elementor-spacer-inner\"><\/div>\n\t\t<\/div>\n\t\t\t\t\t\t<\/div>\n\t\t\t\t<\/div>\n\t\t\t\t<div class=\"elementor-element elementor-element-fcd4620 elementor-align-center elementor-widget elementor-widget-button\" data-id=\"fcd4620\" data-element_type=\"widget\" data-e-type=\"widget\" data-widget_type=\"button.default\">\n\t\t\t\t<div class=\"elementor-widget-container\">\n\t\t\t\t\t\t\t\t\t<div class=\"elementor-button-wrapper\">\n\t\t\t\t\t<a class=\"elementor-button elementor-button-link elementor-size-sm\" href=\"mailto:bea.heinze@inforum-gmbh.de\">\n\t\t\t\t\t\t<span class=\"elementor-button-content-wrapper\">\n\t\t\t\t\t\t\t\t\t<span class=\"elementor-button-text\">Interesse an einer Beteiligung melden<\/span>\n\t\t\t\t\t<\/span>\n\t\t\t\t\t<\/a>\n\t\t\t\t<\/div>\n\t\t\t\t\t\t\t\t<\/div>\n\t\t\t\t<\/div>\n\t\t\t\t<div class=\"elementor-element elementor-element-ea9748a elementor-widget elementor-widget-spacer\" data-id=\"ea9748a\" data-element_type=\"widget\" data-e-type=\"widget\" data-widget_type=\"spacer.default\">\n\t\t\t\t<div class=\"elementor-widget-container\">\n\t\t\t\t\t\t\t<div class=\"elementor-spacer\">\n\t\t\t<div class=\"elementor-spacer-inner\"><\/div>\n\t\t<\/div>\n\t\t\t\t\t\t<\/div>\n\t\t\t\t<\/div>\n\t\t\t\t\t<\/div>\n\t\t<\/div>\n\t\t\t\t\t<\/div>\n\t\t<\/section>\n\t\t\t\t<section class=\"elementor-section elementor-top-section elementor-element elementor-element-436b624 elementor-section-boxed elementor-section-height-default elementor-section-height-default\" data-id=\"436b624\" data-element_type=\"section\" data-e-type=\"section\">\n\t\t\t\t\t\t<div class=\"elementor-container elementor-column-gap-default\">\n\t\t\t\t\t<div class=\"elementor-column elementor-col-100 elementor-top-column elementor-element elementor-element-7db551f\" data-id=\"7db551f\" data-element_type=\"column\" data-e-type=\"column\">\n\t\t\t<div class=\"elementor-widget-wrap elementor-element-populated\">\n\t\t\t\t\t\t<div class=\"elementor-element elementor-element-2d90ac8 elementor-widget elementor-widget-testimonial\" data-id=\"2d90ac8\" data-element_type=\"widget\" data-e-type=\"widget\" data-widget_type=\"testimonial.default\">\n\t\t\t\t<div class=\"elementor-widget-container\">\n\t\t\t\t\t\t\t<div class=\"elementor-testimonial-wrapper\">\n\t\t\t\t\t\t\t<div class=\"elementor-testimonial-content\">F\u00fcr R\u00fcckfragen oder Ideen steht das KernD-Team jederzeit gerne zur Verf\u00fcgung.<\/div>\n\t\t\t\n\t\t\t\t\t\t<div class=\"elementor-testimonial-meta elementor-has-image elementor-testimonial-image-position-aside\">\n\t\t\t\t<div class=\"elementor-testimonial-meta-inner\">\n\t\t\t\t\t\t\t\t\t\t\t<div class=\"elementor-testimonial-image\">\n\t\t\t\t\t\t\t<a href=\"mailto:bea.heinze@inforum-gmbh.de\"><img fetchpriority=\"high\" decoding=\"async\" width=\"1200\" height=\"1200\" src=\"https:\/\/kernd.de\/wp-content\/uploads\/2026\/03\/Bea-Heinze_.png\" class=\"attachment-full size-full wp-image-9602\" alt=\"\" srcset=\"https:\/\/kernd.de\/wp-content\/uploads\/2026\/03\/Bea-Heinze_.png 1200w, https:\/\/kernd.de\/wp-content\/uploads\/2026\/03\/Bea-Heinze_-300x300.png 300w, https:\/\/kernd.de\/wp-content\/uploads\/2026\/03\/Bea-Heinze_-1024x1024.png 1024w, https:\/\/kernd.de\/wp-content\/uploads\/2026\/03\/Bea-Heinze_-150x150.png 150w, https:\/\/kernd.de\/wp-content\/uploads\/2026\/03\/Bea-Heinze_-768x768.png 768w, https:\/\/kernd.de\/wp-content\/uploads\/2026\/03\/Bea-Heinze_-12x12.png 12w, https:\/\/kernd.de\/wp-content\/uploads\/2026\/03\/Bea-Heinze_-230x230.png 230w, https:\/\/kernd.de\/wp-content\/uploads\/2026\/03\/Bea-Heinze_-600x600.png 600w, https:\/\/kernd.de\/wp-content\/uploads\/2026\/03\/Bea-Heinze_-160x160.png 160w\" sizes=\"(max-width: 1200px) 100vw, 1200px\" \/><\/a>\t\t\t\t\t\t<\/div>\n\t\t\t\t\t\n\t\t\t\t\t\t\t\t\t\t<div class=\"elementor-testimonial-details\">\n\t\t\t\t\t\t\t\t\t\t\t\t\t\t<a class=\"elementor-testimonial-name\" href=\"mailto:bea.heinze@inforum-gmbh.de\">Bea Heinze<\/a>\n\t\t\t\t\t\t\t\t\t\t\t\t\t\t\t\t\t\t\t\t\t\t<a class=\"elementor-testimonial-job\" href=\"mailto:bea.heinze@inforum-gmbh.de\">bea.heinze@inforum-gmbh.de<\/a>\n\t\t\t\t\t\t\t\t\t\t\t\t\t<\/div>\n\t\t\t\t\t\t\t\t\t<\/div>\n\t\t\t<\/div>\n\t\t\t\t\t<\/div>\n\t\t\t\t\t\t<\/div>\n\t\t\t\t<\/div>\n\t\t\t\t<div class=\"elementor-element elementor-element-da12a8e elementor-arrows-position-inside elementor-pagination-position-outside elementor-widget elementor-widget-image-carousel\" data-id=\"da12a8e\" data-element_type=\"widget\" data-e-type=\"widget\" data-settings=\"{&quot;navigation&quot;:&quot;both&quot;,&quot;autoplay&quot;:&quot;yes&quot;,&quot;pause_on_hover&quot;:&quot;yes&quot;,&quot;pause_on_interaction&quot;:&quot;yes&quot;,&quot;autoplay_speed&quot;:5000,&quot;infinite&quot;:&quot;yes&quot;,&quot;speed&quot;:500}\" data-widget_type=\"image-carousel.default\">\n\t\t\t\t<div class=\"elementor-widget-container\">\n\t\t\t\t\t\t\t<div class=\"elementor-image-carousel-wrapper swiper\" role=\"region\" aria-roledescription=\"carousel\" aria-label=\"Bild Karussell\" dir=\"ltr\">\n\t\t\t<div class=\"elementor-image-carousel swiper-wrapper\" aria-live=\"off\">\n\t\t\t\t\t\t\t\t<div class=\"swiper-slide\" role=\"group\" aria-roledescription=\"slide\" aria-label=\"1 von 3\"><figure class=\"swiper-slide-inner\"><img decoding=\"async\" class=\"swiper-slide-image\" src=\"https:\/\/kernd.de\/wp-content\/uploads\/2026\/03\/Impressionen-WNE-4-300x225.jpeg\" alt=\"Impressionen WNE 4\" \/><\/figure><\/div><div class=\"swiper-slide\" role=\"group\" aria-roledescription=\"slide\" aria-label=\"2 von 3\"><figure class=\"swiper-slide-inner\"><img decoding=\"async\" class=\"swiper-slide-image\" src=\"https:\/\/kernd.de\/wp-content\/uploads\/2026\/03\/PB053197-300x225.jpg\" alt=\"OLYMPUS DIGITAL CAMERA\" \/><\/figure><\/div><div class=\"swiper-slide\" role=\"group\" aria-roledescription=\"slide\" aria-label=\"3 von 3\"><figure class=\"swiper-slide-inner\"><img decoding=\"async\" class=\"swiper-slide-image\" src=\"https:\/\/kernd.de\/wp-content\/uploads\/2026\/03\/WNE2-300x225.jpg\" alt=\"WNE2\" \/><\/figure><\/div>\t\t\t<\/div>\n\t\t\t\t\t\t\t\t\t\t\t\t<div class=\"elementor-swiper-button elementor-swiper-button-prev\" role=\"button\" tabindex=\"0\">\n\t\t\t\t\t\t<i aria-hidden=\"true\" class=\"eicon-chevron-left\"><\/i>\t\t\t\t\t<\/div>\n\t\t\t\t\t<div class=\"elementor-swiper-button elementor-swiper-button-next\" role=\"button\" tabindex=\"0\">\n\t\t\t\t\t\t<i aria-hidden=\"true\" class=\"eicon-chevron-right\"><\/i>\t\t\t\t\t<\/div>\n\t\t\t\t\n\t\t\t\t\t\t\t\t\t<div class=\"swiper-pagination\"><\/div>\n\t\t\t\t\t\t\t\t\t<\/div>\n\t\t\t\t\t\t<\/div>\n\t\t\t\t<\/div>\n\t\t\t\t\t<\/div>\n\t\t<\/div>\n\t\t\t\t\t<\/div>\n\t\t<\/section>\n\t\t\t\t<\/div>","protected":false},"excerpt":{"rendered":"<p>WNE 2027: Deutscher Gemeinschaftsstand unter KernD-Flagge geplant Aufbauend auf den Erfolg des German Pavilion auf der WNE 2025 organisiert KernD f\u00fcr die WNE 2027 in Paris vom 7. bis 9. Dezember erneut einen gemeinsamen deutschen Messeauftritt, das \u201eDeutsche Dorf\u201c. Ziel ist ein zentraler Gemeinschaftsstand unter KernD-Flagge, der als Treffpunkt, Plattform [&hellip;]<\/p>\n","protected":false},"author":3,"featured_media":9608,"parent":0,"menu_order":0,"comment_status":"closed","ping_status":"closed","template":"page-templates\/template-pagebuilder-full-width.php","meta":{"footnotes":""},"class_list":["post-9609","page","type-page","status-publish","has-post-thumbnail","hentry"],"aioseo_notices":[],"_links":{"self":[{"href":"https:\/\/kernd.de\/en\/wp-json\/wp\/v2\/pages\/9609","targetHints":{"allow":["GET"]}}],"collection":[{"href":"https:\/\/kernd.de\/en\/wp-json\/wp\/v2\/pages"}],"about":[{"href":"https:\/\/kernd.de\/en\/wp-json\/wp\/v2\/types\/page"}],"author":[{"embeddable":true,"href":"https:\/\/kernd.de\/en\/wp-json\/wp\/v2\/users\/3"}],"replies":[{"embeddable":true,"href":"https:\/\/kernd.de\/en\/wp-json\/wp\/v2\/comments?post=9609"}],"version-history":[{"count":3,"href":"https:\/\/kernd.de\/en\/wp-json\/wp\/v2\/pages\/9609\/revisions"}],"predecessor-version":[{"id":9615,"href":"https:\/\/kernd.de\/en\/wp-json\/wp\/v2\/pages\/9609\/revisions\/9615"}],"wp:featuredmedia":[{"embeddable":true,"href":"https:\/\/kernd.de\/en\/wp-json\/wp\/v2\/media\/9608"}],"wp:attachment":[{"href":"https:\/\/kernd.de\/en\/wp-json\/wp\/v2\/media?parent=9609"}],"curies":[{"name":"wp","href":"https:\/\/api.w.org\/{rel}","templated":true}]}}