{"id":9547,"date":"2026-02-16T07:06:20","date_gmt":"2026-02-16T07:06:20","guid":{"rendered":"https:\/\/kernd.de\/?page_id=9547"},"modified":"2026-02-16T07:13:01","modified_gmt":"2026-02-16T07:13:01","slug":"kernd-mitglied-bei-nucleareurope","status":"publish","type":"page","link":"https:\/\/kernd.de\/en\/kernd-mitglied-bei-nucleareurope\/","title":{"rendered":"KernD Mitglied bei nucleareurope"},"content":{"rendered":"<div data-elementor-type=\"wp-page\" data-elementor-id=\"9547\" class=\"elementor elementor-9547\">\n\t\t\t\t\t\t<section class=\"elementor-section elementor-top-section elementor-element elementor-element-017cd7c hero-section elementor-section-boxed elementor-section-height-default elementor-section-height-default\" data-id=\"017cd7c\" data-element_type=\"section\" data-e-type=\"section\">\n\t\t\t\t\t\t\t<div class=\"elementor-background-overlay\"><\/div>\n\t\t\t\t\t\t\t<div class=\"elementor-container elementor-column-gap-default\">\n\t\t\t\t\t<div class=\"elementor-column elementor-col-100 elementor-top-column elementor-element elementor-element-2bfa637 hero-container\" data-id=\"2bfa637\" data-element_type=\"column\" data-e-type=\"column\">\n\t\t\t<div class=\"elementor-widget-wrap elementor-element-populated\">\n\t\t\t\t\t\t<div class=\"elementor-element elementor-element-2d29fa6 elementor-widget elementor-widget-text-editor\" data-id=\"2d29fa6\" data-element_type=\"widget\" data-e-type=\"widget\" data-widget_type=\"text-editor.default\">\n\t\t\t\t<div class=\"elementor-widget-container\">\n\t\t\t\t\t\t\t\t\t<h1><span style=\"color: #d94d7a;\"><strong>Kerntechnik Deutschland e. V. joins nucleareurope<\/strong><\/span><span style=\"color: #d94d7a;\"><strong><\/strong><\/span><\/h1>\t\t\t\t\t\t\t\t<\/div>\n\t\t\t\t<\/div>\n\t\t\t\t\t<\/div>\n\t\t<\/div>\n\t\t\t\t\t<\/div>\n\t\t<\/section>\n\t\t\t\t<section class=\"elementor-section elementor-top-section elementor-element elementor-element-6468f23 elementor-section-boxed elementor-section-height-default elementor-section-height-default\" data-id=\"6468f23\" data-element_type=\"section\" data-e-type=\"section\">\n\t\t\t\t\t\t<div class=\"elementor-container elementor-column-gap-default\">\n\t\t\t\t\t<div class=\"elementor-column elementor-col-100 elementor-top-column elementor-element elementor-element-4b29781\" data-id=\"4b29781\" data-element_type=\"column\" data-e-type=\"column\">\n\t\t\t<div class=\"elementor-widget-wrap elementor-element-populated\">\n\t\t\t\t\t\t<div class=\"elementor-element elementor-element-f585c76 elementor-widget elementor-widget-spacer\" data-id=\"f585c76\" data-element_type=\"widget\" data-e-type=\"widget\" data-widget_type=\"spacer.default\">\n\t\t\t\t<div class=\"elementor-widget-container\">\n\t\t\t\t\t\t\t<div class=\"elementor-spacer\">\n\t\t\t<div class=\"elementor-spacer-inner\"><\/div>\n\t\t<\/div>\n\t\t\t\t\t\t<\/div>\n\t\t\t\t<\/div>\n\t\t\t\t\t<\/div>\n\t\t<\/div>\n\t\t\t\t\t<\/div>\n\t\t<\/section>\n\t\t\t\t<section class=\"elementor-section elementor-top-section elementor-element elementor-element-19ed0a6 elementor-section-boxed elementor-section-height-default elementor-section-height-default\" data-id=\"19ed0a6\" data-element_type=\"section\" data-e-type=\"section\">\n\t\t\t\t\t\t<div class=\"elementor-container elementor-column-gap-default\">\n\t\t\t\t\t<div class=\"elementor-column elementor-col-100 elementor-top-column elementor-element elementor-element-e6f7e18\" data-id=\"e6f7e18\" data-element_type=\"column\" data-e-type=\"column\">\n\t\t\t<div class=\"elementor-widget-wrap elementor-element-populated\">\n\t\t\t\t\t\t<div class=\"elementor-element elementor-element-9ac00fb elementor-widget elementor-widget-text-editor\" data-id=\"9ac00fb\" data-element_type=\"widget\" data-e-type=\"widget\" data-widget_type=\"text-editor.default\">\n\t\t\t\t<div class=\"elementor-widget-container\">\n\t\t\t\t\t\t\t\t\t<p>Berlin \u2013 February 16, 2026<\/p><p>Kerntechnik Deutschland e. V. (KernD), the association representing Germany\u2019s nuclear technology sector in industry and research, has become a member of the European nuclear energy association nucleareurope. With this step, KernD strengthens the European networking of its members and reinforces the position of Germany\u2019s nuclear industry and research community within the European context.<\/p><p>nucleareurope currently brings together 17 national nuclear energy and nuclear technology associations, as well as 19 corporate members. In total, more than 3,000 organisations from across the entire nuclear value chain are represented, ranging from major international nuclear power plant operators and companies in the nuclear fuel cycle to specialised equipment manufacturers and transport companies.<\/p><p>Membership provides KernD with new opportunities to active participation in European nuclear energy projects. Germany\u2019s nuclear industry and research institutions contribute valuable industrial know-how and decades of experience to these developments. At the same time, German companies and research centres benefit from involvement in numerous new-build and innovation projects across Europe, particularly focusing on maintaining nuclear expertise and safeguarding highly skilled jobs in Germany.<\/p><p>Commenting on the accession, Thomas Seipolt, Chairman of the Board of KernD, said: \u201cWith nuclear energy gaining renewed focus across Europe, nucleareurope is an ideal partner for KernD and the German nuclear industry. Germany brings strong industrial expertise and research capabilities to the European nuclear value chain, and our members are committed to contributing to competitiveness, security of supply, and Europe\u2019s climate and energy sovereignty.\"<\/p><p>For KernD, joining nucleareurope also represents a return to the European level under new circumstances. One of KernD\u2019s two predecessor organisations, the German Atomic Forum (DatF), had already been a long-standing member of nucleareurope\u2019s predecessor organisation Foratom until its withdrawal in 2016.<\/p><p><em>KernD is the leading competence network for nuclear energy in Germany. As an association of key players in the industry, KernD brings together companies, research institutions and experts who are committed to the safe use, research and further development of nuclear technology. With its expertise and experience, KernD is the first point of contact for all questions relating to nuclear technology in Germany.<\/em><\/p><p><em><br \/><\/em>Contact:<\/p><p><strong>Nicolas Wendler<\/strong><\/p><p>Phone: +49 172 237 9184<br \/>E-Mail: <a href=\"mailto:presse@kernd.de\">presse@kernd.de<\/a><\/p><p><strong>Kerntechnik Deutschland e.V. (KernD)<br \/><\/strong>Berliner Stra\u00dfe 88A<br \/>13467 Berlin, Germany<br \/><a href=\"http:\/\/www.KernD.de\">www.KernD.de<\/a><\/p><p>Chairman of the Management Board: Thomas Seipolt<br \/>Managing Director: Nicole Koch<br \/>Registered office: Berlin, Charlottenburg Local court, VR 21055<\/p>\t\t\t\t\t\t\t\t<\/div>\n\t\t\t\t<\/div>\n\t\t\t\t\t<\/div>\n\t\t<\/div>\n\t\t\t\t\t<\/div>\n\t\t<\/section>\n\t\t\t\t<section class=\"elementor-section elementor-top-section elementor-element elementor-element-d0c51a5 elementor-section-boxed elementor-section-height-default elementor-section-height-default\" data-id=\"d0c51a5\" data-element_type=\"section\" data-e-type=\"section\">\n\t\t\t\t\t\t<div class=\"elementor-container elementor-column-gap-narrow\">\n\t\t\t\t\t<div class=\"elementor-column elementor-col-33 elementor-top-column elementor-element elementor-element-5753239\" data-id=\"5753239\" data-element_type=\"column\" data-e-type=\"column\">\n\t\t\t<div class=\"elementor-widget-wrap elementor-element-populated\">\n\t\t\t\t\t\t<div class=\"elementor-element elementor-element-a616b32 elementor-button-info elementor-widget elementor-widget-button\" data-id=\"a616b32\" data-element_type=\"widget\" data-e-type=\"widget\" data-widget_type=\"button.default\">\n\t\t\t\t<div class=\"elementor-widget-container\">\n\t\t\t\t\t\t\t\t\t<div class=\"elementor-button-wrapper\">\n\t\t\t\t\t<a class=\"elementor-button elementor-button-link elementor-size-sm\" href=\"https:\/\/kernd.de\/wp-content\/uploads\/2026\/02\/PM_KernD-Member_nucleareurope.pdf\">\n\t\t\t\t\t\t<span class=\"elementor-button-content-wrapper\">\n\t\t\t\t\t\t\t\t\t<span class=\"elementor-button-text\">Press Release<\/span>\n\t\t\t\t\t<\/span>\n\t\t\t\t\t<\/a>\n\t\t\t\t<\/div>\n\t\t\t\t\t\t\t\t<\/div>\n\t\t\t\t<\/div>\n\t\t\t\t\t<\/div>\n\t\t<\/div>\n\t\t\t\t<div class=\"elementor-column elementor-col-66 elementor-top-column elementor-element elementor-element-d4eaabd\" data-id=\"d4eaabd\" data-element_type=\"column\" data-e-type=\"column\">\n\t\t\t<div class=\"elementor-widget-wrap elementor-element-populated\">\n\t\t\t\t\t\t<div class=\"elementor-element elementor-element-365848e elementor-button-success elementor-widget elementor-widget-button\" data-id=\"365848e\" data-element_type=\"widget\" data-e-type=\"widget\" data-widget_type=\"button.default\">\n\t\t\t\t<div class=\"elementor-widget-container\">\n\t\t\t\t\t\t\t\t\t<div class=\"elementor-button-wrapper\">\n\t\t\t\t\t<a class=\"elementor-button elementor-button-link elementor-size-sm\" href=\"https:\/\/www.nucleareurope.eu\/downloads\/german-nuclear-industry-association-latest-to-join-nucleareurope-as-europe-sees-ever-increasing-interest-in-nuclear-energy\/?wpdmdl=54781&#038;ind=1770971556698&#038;refresh=20d433e9&#038;filename=2026-02-16_nucleareurope_NewMembers.pdf\">\n\t\t\t\t\t\t<span class=\"elementor-button-content-wrapper\">\n\t\t\t\t\t\t\t\t\t<span class=\"elementor-button-text\">Press release nucleareurope<\/span>\n\t\t\t\t\t<\/span>\n\t\t\t\t\t<\/a>\n\t\t\t\t<\/div>\n\t\t\t\t\t\t\t\t<\/div>\n\t\t\t\t<\/div>\n\t\t\t\t\t<\/div>\n\t\t<\/div>\n\t\t\t\t\t<\/div>\n\t\t<\/section>\n\t\t\t\t<\/div>","protected":false},"excerpt":{"rendered":"<p>Kerntechnik Deutschland e.V. wird Mitglied von nucleareurope Berlin, 16.02.2026 Kerntechnik Deutschland e. V. (KernD), der Verband der deutschen Kerntechnik in Industrie und Forschung, ist dem europ\u00e4ischen Kernenergieverband nucleareurope beigetreten. Mit dem Beitritt st\u00e4rkt KernD die europ\u00e4ische Vernetzung seiner Mitglieder und positioniert die deutsche kerntechnische Wirtschaft und Forschung st\u00e4rker im europ\u00e4ischen [&hellip;]<\/p>\n","protected":false},"author":3,"featured_media":9555,"parent":0,"menu_order":0,"comment_status":"closed","ping_status":"closed","template":"page-templates\/template-pagebuilder-full-width.php","meta":{"footnotes":""},"class_list":["post-9547","page","type-page","status-publish","has-post-thumbnail","hentry"],"aioseo_notices":[],"_links":{"self":[{"href":"https:\/\/kernd.de\/en\/wp-json\/wp\/v2\/pages\/9547","targetHints":{"allow":["GET"]}}],"collection":[{"href":"https:\/\/kernd.de\/en\/wp-json\/wp\/v2\/pages"}],"about":[{"href":"https:\/\/kernd.de\/en\/wp-json\/wp\/v2\/types\/page"}],"author":[{"embeddable":true,"href":"https:\/\/kernd.de\/en\/wp-json\/wp\/v2\/users\/3"}],"replies":[{"embeddable":true,"href":"https:\/\/kernd.de\/en\/wp-json\/wp\/v2\/comments?post=9547"}],"version-history":[{"count":14,"href":"https:\/\/kernd.de\/en\/wp-json\/wp\/v2\/pages\/9547\/revisions"}],"predecessor-version":[{"id":9572,"href":"https:\/\/kernd.de\/en\/wp-json\/wp\/v2\/pages\/9547\/revisions\/9572"}],"wp:featuredmedia":[{"embeddable":true,"href":"https:\/\/kernd.de\/en\/wp-json\/wp\/v2\/media\/9555"}],"wp:attachment":[{"href":"https:\/\/kernd.de\/en\/wp-json\/wp\/v2\/media?parent=9547"}],"curies":[{"name":"wp","href":"https:\/\/api.w.org\/{rel}","templated":true}]}}