{"id":9525,"date":"2026-02-02T07:35:04","date_gmt":"2026-02-02T07:35:04","guid":{"rendered":"https:\/\/kernd.de\/?page_id=9525"},"modified":"2026-02-02T07:55:00","modified_gmt":"2026-02-02T07:55:00","slug":"neue-geschaeftsfuehrung","status":"publish","type":"page","link":"https:\/\/kernd.de\/en\/neue-geschaeftsfuehrung\/","title":{"rendered":"Neue Gesch\u00e4ftsf\u00fchrung"},"content":{"rendered":"<div data-elementor-type=\"wp-page\" data-elementor-id=\"9525\" class=\"elementor elementor-9525\">\n\t\t\t\t\t\t<section class=\"elementor-section elementor-top-section elementor-element elementor-element-017cd7c hero-section elementor-section-boxed elementor-section-height-default elementor-section-height-default\" data-id=\"017cd7c\" data-element_type=\"section\" data-e-type=\"section\">\n\t\t\t\t\t\t\t<div class=\"elementor-background-overlay\"><\/div>\n\t\t\t\t\t\t\t<div class=\"elementor-container elementor-column-gap-default\">\n\t\t\t\t\t<div class=\"elementor-column elementor-col-100 elementor-top-column elementor-element elementor-element-2bfa637 hero-container\" data-id=\"2bfa637\" data-element_type=\"column\" data-e-type=\"column\">\n\t\t\t<div class=\"elementor-widget-wrap elementor-element-populated\">\n\t\t\t\t\t\t<div class=\"elementor-element elementor-element-2d29fa6 elementor-widget elementor-widget-text-editor\" data-id=\"2d29fa6\" data-element_type=\"widget\" data-e-type=\"widget\" data-widget_type=\"text-editor.default\">\n\t\t\t\t<div class=\"elementor-widget-container\">\n\t\t\t\t\t\t\t\t\t<h1><span style=\"color: #d94d7a;\"><strong>Kerntechnik Deutschland e. V. appoints new Managing Director<\/strong><\/span><\/h1>\t\t\t\t\t\t\t\t<\/div>\n\t\t\t\t<\/div>\n\t\t\t\t\t<\/div>\n\t\t<\/div>\n\t\t\t\t\t<\/div>\n\t\t<\/section>\n\t\t\t\t<section class=\"elementor-section elementor-top-section elementor-element elementor-element-6468f23 elementor-section-boxed elementor-section-height-default elementor-section-height-default\" data-id=\"6468f23\" data-element_type=\"section\" data-e-type=\"section\">\n\t\t\t\t\t\t<div class=\"elementor-container elementor-column-gap-default\">\n\t\t\t\t\t<div class=\"elementor-column elementor-col-100 elementor-top-column elementor-element elementor-element-4b29781\" data-id=\"4b29781\" data-element_type=\"column\" data-e-type=\"column\">\n\t\t\t<div class=\"elementor-widget-wrap elementor-element-populated\">\n\t\t\t\t\t\t<div class=\"elementor-element elementor-element-f585c76 elementor-widget elementor-widget-spacer\" data-id=\"f585c76\" data-element_type=\"widget\" data-e-type=\"widget\" data-widget_type=\"spacer.default\">\n\t\t\t\t<div class=\"elementor-widget-container\">\n\t\t\t\t\t\t\t<div class=\"elementor-spacer\">\n\t\t\t<div class=\"elementor-spacer-inner\"><\/div>\n\t\t<\/div>\n\t\t\t\t\t\t<\/div>\n\t\t\t\t<\/div>\n\t\t\t\t\t<\/div>\n\t\t<\/div>\n\t\t\t\t\t<\/div>\n\t\t<\/section>\n\t\t\t\t<section class=\"elementor-section elementor-top-section elementor-element elementor-element-19ed0a6 elementor-section-boxed elementor-section-height-default elementor-section-height-default\" data-id=\"19ed0a6\" data-element_type=\"section\" data-e-type=\"section\">\n\t\t\t\t\t\t<div class=\"elementor-container elementor-column-gap-default\">\n\t\t\t\t\t<div class=\"elementor-column elementor-col-100 elementor-top-column elementor-element elementor-element-e6f7e18\" data-id=\"e6f7e18\" data-element_type=\"column\" data-e-type=\"column\">\n\t\t\t<div class=\"elementor-widget-wrap elementor-element-populated\">\n\t\t\t\t\t\t<div class=\"elementor-element elementor-element-9ac00fb elementor-widget elementor-widget-text-editor\" data-id=\"9ac00fb\" data-element_type=\"widget\" data-e-type=\"widget\" data-widget_type=\"text-editor.default\">\n\t\t\t\t<div class=\"elementor-widget-container\">\n\t\t\t\t\t\t\t\t\t<p>Berlin, 1 February 2026 - As of 1 February 2026, Nicole Koch has taken over the position of Managing Director of Kerntechnik Deutschland e. V. (KernD) as well as INFORUM Verlags- und Verwaltungsgesellschaft mbH. With this appointment, the association further strengthens its role as a fact-based, well-founded and forward-looking voice for nuclear technology in Germany and Europe.<\/p><p>Nicole Koch brings more than 20 years of experience in nuclear technology, along with extensive technical, organisational and communications expertise. Since 2019, she has held key positions within the association and has played a significant role in shaping its work. Her responsibilities have included serving as Editor of atw \u2013 International Journal for Nuclear Power, managing events for KernD and the German Nuclear Society (Kerntechnische Gesellschaft e. V.), and contributing to strategic communications and public affairs. During this time, she has built a broad and well-established network within the professional nuclear community.<\/p><blockquote><p>By appointing Nicole Koch, we are gaining a Managing Director who combines deep technical expertise, strong communication skills and many years of association experience in an exceptional way,\u201d said Thomas Seipolt, Chairman of the Board of KernD.<\/p><p>\u201cShe stands for both continuity and the further development of our work at national and European level.\u201d<\/p><\/blockquote><p>KernD represents a fact-based, science-driven and future-oriented approach to nuclear technology. Under the new management, the association aims to further increase its visibility, strengthen technical and societal dialogue, and actively contribute to shaping the framework conditions for a possible restart of nuclear energy in Germany.<\/p><p>Nicole Koch commented:<\/p><blockquote><p>\u201cA secure and climate-friendly energy supply requires one thing above all: realism. Looking back shows the contribution nuclear energy has made over decades, while looking ahead makes clear that a reliable energy mix will not be possible without it in the long term. My goal is to further position KernD as a strong, reliable and European-networked voice and to actively promote an objective dialogue on the role of nuclear energy.\u201d<\/p><\/blockquote><p>At the same time, Kerntechnik Deutschland e.\u202fV. extends its sincere thanks to Dr Thomas Behringer for his many years of dedicated and reliable contribution to the association. He has accompanied, shaped, and continuously developed KernD over a long period. With his retirement, a defining chapter in the association\u2019s history comes to a close. KernD wishes him all the very best for this new phase of his life.<\/p><p><em>KernD is Germany\u2019s leading competence network for nuclear energy. As an association of key stakeholders in the sector, KernD brings together companies, research institutions and experts committed to the safe use, research and further development of nuclear technology. With its expertise and experience, KernD serves as the primary point of contact for all matters relating to nuclear energy in Germany.<\/em><\/p><p><em><br \/><\/em>Contact:<\/p><p><strong>Nicolas Wendler<\/strong><\/p><p>Phone: +49 172 237 9184<br \/>E-Mail: <a href=\"mailto:presse@kernd.de\">presse@kernd.de<\/a><\/p><p><\/p><p><strong>Kerntechnik Deutschland e.V. (KernD)<br \/><\/strong>Berliner Stra\u00dfe 88A<br \/>13467 Berlin, Germany<br \/><a href=\"http:\/\/www.KernD.de\">www.KernD.de<\/a><\/p><p>Chairman of the Management Board: Thomas Seipolt<br \/>Managing Director: Nicole Koch<br \/>Registered office: Berlin, Charlottenburg Local court, VR 21055<\/p>\t\t\t\t\t\t\t\t<\/div>\n\t\t\t\t<\/div>\n\t\t\t\t\t<\/div>\n\t\t<\/div>\n\t\t\t\t\t<\/div>\n\t\t<\/section>\n\t\t\t\t<\/div>","protected":false},"excerpt":{"rendered":"<p>Kerntechnik Deutschland e. V. beruft neue Gesch\u00e4ftsf\u00fchrerin Berlin, 01.02.2026 &#8211; Zum 1. Februar 2026 \u00fcbernimmt Nicole Koch die Gesch\u00e4ftsf\u00fchrung der Kerntechnik Deutschland e. V. (KernD) sowie der INFORUM Verlags- und Verwaltungsgesellschaft mbH. Mit dieser Entscheidung st\u00e4rkt der Verband seine Position als sachliche, fundierte und zukunftsorientierte Stimme der Kerntechnik in Deutschland [&hellip;]<\/p>\n","protected":false},"author":3,"featured_media":9520,"parent":0,"menu_order":0,"comment_status":"closed","ping_status":"closed","template":"page-templates\/template-pagebuilder-full-width.php","meta":{"footnotes":""},"class_list":["post-9525","page","type-page","status-publish","has-post-thumbnail","hentry"],"aioseo_notices":[],"_links":{"self":[{"href":"https:\/\/kernd.de\/en\/wp-json\/wp\/v2\/pages\/9525","targetHints":{"allow":["GET"]}}],"collection":[{"href":"https:\/\/kernd.de\/en\/wp-json\/wp\/v2\/pages"}],"about":[{"href":"https:\/\/kernd.de\/en\/wp-json\/wp\/v2\/types\/page"}],"author":[{"embeddable":true,"href":"https:\/\/kernd.de\/en\/wp-json\/wp\/v2\/users\/3"}],"replies":[{"embeddable":true,"href":"https:\/\/kernd.de\/en\/wp-json\/wp\/v2\/comments?post=9525"}],"version-history":[{"count":13,"href":"https:\/\/kernd.de\/en\/wp-json\/wp\/v2\/pages\/9525\/revisions"}],"predecessor-version":[{"id":9545,"href":"https:\/\/kernd.de\/en\/wp-json\/wp\/v2\/pages\/9525\/revisions\/9545"}],"wp:featuredmedia":[{"embeddable":true,"href":"https:\/\/kernd.de\/en\/wp-json\/wp\/v2\/media\/9520"}],"wp:attachment":[{"href":"https:\/\/kernd.de\/en\/wp-json\/wp\/v2\/media?parent=9525"}],"curies":[{"name":"wp","href":"https:\/\/api.w.org\/{rel}","templated":true}]}}