{"id":3235,"date":"2023-04-24T16:04:08","date_gmt":"2023-04-24T16:04:08","guid":{"rendered":"https:\/\/kerndd.live-website.com\/?page_id=3235"},"modified":"2023-08-23T19:23:56","modified_gmt":"2023-08-23T19:23:56","slug":"conservation-of-resources","status":"publish","type":"page","link":"https:\/\/kernd.de\/en\/ressourcenschonung\/","title":{"rendered":"Resource conservation"},"content":{"rendered":"<div data-elementor-type=\"wp-page\" data-elementor-id=\"3235\" class=\"elementor elementor-3235\">\n\t\t\t\t\t\t<section class=\"elementor-section elementor-top-section elementor-element elementor-element-d539f3a elementor-section-boxed elementor-section-height-default elementor-section-height-default\" data-id=\"d539f3a\" data-element_type=\"section\" data-e-type=\"section\">\n\t\t\t\t\t\t<div class=\"elementor-container elementor-column-gap-default\">\n\t\t\t\t\t<div class=\"elementor-column elementor-col-100 elementor-top-column elementor-element elementor-element-09de8b9\" data-id=\"09de8b9\" data-element_type=\"column\" data-e-type=\"column\">\n\t\t\t<div class=\"elementor-widget-wrap elementor-element-populated\">\n\t\t\t\t\t\t<div class=\"elementor-element elementor-element-55e447a elementor-widget elementor-widget-heading\" data-id=\"55e447a\" data-element_type=\"widget\" data-e-type=\"widget\" data-widget_type=\"heading.default\">\n\t\t\t\t<div class=\"elementor-widget-container\">\n\t\t\t\t\t<h2 class=\"elementor-heading-title elementor-size-xl\">Resource conservation<\/h2>\t\t\t\t<\/div>\n\t\t\t\t<\/div>\n\t\t\t\t\t<\/div>\n\t\t<\/div>\n\t\t\t\t\t<\/div>\n\t\t<\/section>\n\t\t\t\t<section class=\"elementor-section elementor-top-section elementor-element elementor-element-b4015b1 elementor-section-boxed elementor-section-height-default elementor-section-height-default\" data-id=\"b4015b1\" data-element_type=\"section\" data-e-type=\"section\">\n\t\t\t\t\t\t<div class=\"elementor-container elementor-column-gap-default\">\n\t\t\t\t\t<div class=\"elementor-column elementor-col-100 elementor-top-column elementor-element elementor-element-0e1c6a5\" data-id=\"0e1c6a5\" data-element_type=\"column\" data-e-type=\"column\">\n\t\t\t<div class=\"elementor-widget-wrap elementor-element-populated\">\n\t\t\t\t\t\t<div class=\"elementor-element elementor-element-d025fa0 elementor-widget elementor-widget-text-editor\" data-id=\"d025fa0\" data-element_type=\"widget\" data-e-type=\"widget\" data-widget_type=\"text-editor.default\">\n\t\t\t\t<div class=\"elementor-widget-container\">\n\t\t\t\t\t\t\t\t\t<p>In contrast to electricity generation using fossil fuels such as coal, oil and natural gas, nuclear energy does not consume large quantities of fuel and at the same time requires less use of other resources (concrete\/cement, steel, other metals) in relation to the amount of electricity generated than other low-CO2 technologies such as wind and hydroelectric power or photovoltaics.<\/p>\t\t\t\t\t\t\t\t<\/div>\n\t\t\t\t<\/div>\n\t\t\t\t\t<\/div>\n\t\t<\/div>\n\t\t\t\t\t<\/div>\n\t\t<\/section>\n\t\t\t\t<section class=\"elementor-section elementor-top-section elementor-element elementor-element-859a905 elementor-section-boxed elementor-section-height-default elementor-section-height-default\" data-id=\"859a905\" data-element_type=\"section\" data-e-type=\"section\">\n\t\t\t\t\t\t<div class=\"elementor-container elementor-column-gap-default\">\n\t\t\t\t\t<div class=\"elementor-column elementor-col-100 elementor-top-column elementor-element elementor-element-ad691a1\" data-id=\"ad691a1\" data-element_type=\"column\" data-e-type=\"column\">\n\t\t\t<div class=\"elementor-widget-wrap elementor-element-populated\">\n\t\t\t\t\t\t<div class=\"elementor-element elementor-element-dc1171d elementor-widget elementor-widget-image\" data-id=\"dc1171d\" data-element_type=\"widget\" data-e-type=\"widget\" data-widget_type=\"image.default\">\n\t\t\t\t<div class=\"elementor-widget-container\">\n\t\t\t\t\t\t\t\t\t\t\t\t\t\t\t<img fetchpriority=\"high\" decoding=\"async\" width=\"750\" height=\"422\" src=\"https:\/\/kernd.de\/wp-content\/uploads\/2023\/04\/Materialbedarf-in-Gramm-pro-MWh_aufgebessert-1024x576.jpg\" class=\"attachment-large size-large wp-image-3286\" alt=\"\" srcset=\"https:\/\/kernd.de\/wp-content\/uploads\/2023\/04\/Materialbedarf-in-Gramm-pro-MWh_aufgebessert-1024x576.jpg 1024w, https:\/\/kernd.de\/wp-content\/uploads\/2023\/04\/Materialbedarf-in-Gramm-pro-MWh_aufgebessert-230x129.jpg 230w, https:\/\/kernd.de\/wp-content\/uploads\/2023\/04\/Materialbedarf-in-Gramm-pro-MWh_aufgebessert-600x338.jpg 600w, https:\/\/kernd.de\/wp-content\/uploads\/2023\/04\/Materialbedarf-in-Gramm-pro-MWh_aufgebessert-300x169.jpg 300w, https:\/\/kernd.de\/wp-content\/uploads\/2023\/04\/Materialbedarf-in-Gramm-pro-MWh_aufgebessert-768x432.jpg 768w, https:\/\/kernd.de\/wp-content\/uploads\/2023\/04\/Materialbedarf-in-Gramm-pro-MWh_aufgebessert.jpg 1280w\" sizes=\"(max-width: 750px) 100vw, 750px\" \/>\t\t\t\t\t\t\t\t\t\t\t\t\t\t\t<\/div>\n\t\t\t\t<\/div>\n\t\t\t\t\t<\/div>\n\t\t<\/div>\n\t\t\t\t\t<\/div>\n\t\t<\/section>\n\t\t\t\t<section class=\"elementor-section elementor-top-section elementor-element elementor-element-ffa7c52 elementor-section-boxed elementor-section-height-default elementor-section-height-default\" data-id=\"ffa7c52\" data-element_type=\"section\" data-e-type=\"section\">\n\t\t\t\t\t\t<div class=\"elementor-container elementor-column-gap-default\">\n\t\t\t\t\t<div class=\"elementor-column elementor-col-100 elementor-top-column elementor-element elementor-element-d286e99\" data-id=\"d286e99\" data-element_type=\"column\" data-e-type=\"column\">\n\t\t\t<div class=\"elementor-widget-wrap elementor-element-populated\">\n\t\t\t\t\t\t<div class=\"elementor-element elementor-element-e08c9c3 elementor-widget elementor-widget-image\" data-id=\"e08c9c3\" data-element_type=\"widget\" data-e-type=\"widget\" data-widget_type=\"image.default\">\n\t\t\t\t<div class=\"elementor-widget-container\">\n\t\t\t\t\t\t\t\t\t\t\t\t\t\t\t<img decoding=\"async\" width=\"750\" height=\"422\" src=\"https:\/\/kernd.de\/wp-content\/uploads\/2023\/08\/Materialbedarf-in-Gramm-pro-Kilowattstunde-Zement-Eisen-Alu-Kupfer_aufgebessert-1-1024x576.jpg\" class=\"attachment-large size-large wp-image-4951\" alt=\"\" srcset=\"https:\/\/kernd.de\/wp-content\/uploads\/2023\/08\/Materialbedarf-in-Gramm-pro-Kilowattstunde-Zement-Eisen-Alu-Kupfer_aufgebessert-1-1024x576.jpg 1024w, https:\/\/kernd.de\/wp-content\/uploads\/2023\/08\/Materialbedarf-in-Gramm-pro-Kilowattstunde-Zement-Eisen-Alu-Kupfer_aufgebessert-1-230x129.jpg 230w, https:\/\/kernd.de\/wp-content\/uploads\/2023\/08\/Materialbedarf-in-Gramm-pro-Kilowattstunde-Zement-Eisen-Alu-Kupfer_aufgebessert-1-600x338.jpg 600w, https:\/\/kernd.de\/wp-content\/uploads\/2023\/08\/Materialbedarf-in-Gramm-pro-Kilowattstunde-Zement-Eisen-Alu-Kupfer_aufgebessert-1-300x169.jpg 300w, https:\/\/kernd.de\/wp-content\/uploads\/2023\/08\/Materialbedarf-in-Gramm-pro-Kilowattstunde-Zement-Eisen-Alu-Kupfer_aufgebessert-1-768x432.jpg 768w, https:\/\/kernd.de\/wp-content\/uploads\/2023\/08\/Materialbedarf-in-Gramm-pro-Kilowattstunde-Zement-Eisen-Alu-Kupfer_aufgebessert-1.jpg 1280w\" sizes=\"(max-width: 750px) 100vw, 750px\" \/>\t\t\t\t\t\t\t\t\t\t\t\t\t\t\t<\/div>\n\t\t\t\t<\/div>\n\t\t\t\t\t<\/div>\n\t\t<\/div>\n\t\t\t\t\t<\/div>\n\t\t<\/section>\n\t\t\t\t<section class=\"elementor-section elementor-top-section elementor-element elementor-element-36db561 elementor-section-boxed elementor-section-height-default elementor-section-height-default\" data-id=\"36db561\" data-element_type=\"section\" data-e-type=\"section\">\n\t\t\t\t\t\t<div class=\"elementor-container elementor-column-gap-default\">\n\t\t\t\t\t<div class=\"elementor-column elementor-col-100 elementor-top-column elementor-element elementor-element-91519e9\" data-id=\"91519e9\" data-element_type=\"column\" data-e-type=\"column\">\n\t\t\t<div class=\"elementor-widget-wrap elementor-element-populated\">\n\t\t\t\t\t\t<div class=\"elementor-element elementor-element-1b9b360 elementor-widget elementor-widget-text-editor\" data-id=\"1b9b360\" data-element_type=\"widget\" data-e-type=\"widget\" data-widget_type=\"text-editor.default\">\n\t\t\t\t<div class=\"elementor-widget-container\">\n\t\t\t\t\t\t\t\t\t<p>The resources required for the construction of generation plants based on renewable energies as well as on fossil fuels and nuclear energy also include fossil fuels, which must be used for the extraction and processing of the necessary raw materials, for steel production and for the construction and operation of the plants. Although nuclear power plants require the procurement of uranium fuel and its further processing in the nuclear fuel cycle in addition to the construction of the plants themselves, the high energy density of uranium means that nuclear power plants also have a convincing balance here. In the case of fossil-fuelled power plants, the use of fuel for electricity generation dominates.<\/p>\t\t\t\t\t\t\t\t<\/div>\n\t\t\t\t<\/div>\n\t\t\t\t\t<\/div>\n\t\t<\/div>\n\t\t\t\t\t<\/div>\n\t\t<\/section>\n\t\t\t\t<section class=\"elementor-section elementor-top-section elementor-element elementor-element-87cc379 elementor-section-boxed elementor-section-height-default elementor-section-height-default\" data-id=\"87cc379\" data-element_type=\"section\" data-e-type=\"section\">\n\t\t\t\t\t\t<div class=\"elementor-container elementor-column-gap-default\">\n\t\t\t\t\t<div class=\"elementor-column elementor-col-100 elementor-top-column elementor-element elementor-element-b999658\" data-id=\"b999658\" data-element_type=\"column\" data-e-type=\"column\">\n\t\t\t<div class=\"elementor-widget-wrap elementor-element-populated\">\n\t\t\t\t\t\t<div class=\"elementor-element elementor-element-b2f7f96 elementor-widget elementor-widget-image\" data-id=\"b2f7f96\" data-element_type=\"widget\" data-e-type=\"widget\" data-widget_type=\"image.default\">\n\t\t\t\t<div class=\"elementor-widget-container\">\n\t\t\t\t\t\t\t\t\t\t\t\t\t\t\t<img decoding=\"async\" width=\"750\" height=\"422\" src=\"https:\/\/kernd.de\/wp-content\/uploads\/2023\/04\/Primaerenergiebedarf-an-fossilen-Energietraegern_aufgebessert-1024x576.jpg\" class=\"attachment-large size-large wp-image-3288\" alt=\"\" srcset=\"https:\/\/kernd.de\/wp-content\/uploads\/2023\/04\/Primaerenergiebedarf-an-fossilen-Energietraegern_aufgebessert-1024x576.jpg 1024w, https:\/\/kernd.de\/wp-content\/uploads\/2023\/04\/Primaerenergiebedarf-an-fossilen-Energietraegern_aufgebessert-230x129.jpg 230w, https:\/\/kernd.de\/wp-content\/uploads\/2023\/04\/Primaerenergiebedarf-an-fossilen-Energietraegern_aufgebessert-600x338.jpg 600w, https:\/\/kernd.de\/wp-content\/uploads\/2023\/04\/Primaerenergiebedarf-an-fossilen-Energietraegern_aufgebessert-300x169.jpg 300w, https:\/\/kernd.de\/wp-content\/uploads\/2023\/04\/Primaerenergiebedarf-an-fossilen-Energietraegern_aufgebessert-768x432.jpg 768w, https:\/\/kernd.de\/wp-content\/uploads\/2023\/04\/Primaerenergiebedarf-an-fossilen-Energietraegern_aufgebessert.jpg 1280w\" sizes=\"(max-width: 750px) 100vw, 750px\" \/>\t\t\t\t\t\t\t\t\t\t\t\t\t\t\t<\/div>\n\t\t\t\t<\/div>\n\t\t\t\t\t<\/div>\n\t\t<\/div>\n\t\t\t\t\t<\/div>\n\t\t<\/section>\n\t\t\t\t<section class=\"elementor-section elementor-top-section elementor-element elementor-element-81f4f73 elementor-section-boxed elementor-section-height-default elementor-section-height-default\" data-id=\"81f4f73\" data-element_type=\"section\" data-e-type=\"section\">\n\t\t\t\t\t\t<div class=\"elementor-container elementor-column-gap-default\">\n\t\t\t\t\t<div class=\"elementor-column elementor-col-100 elementor-top-column elementor-element elementor-element-1f00c14\" data-id=\"1f00c14\" data-element_type=\"column\" data-e-type=\"column\">\n\t\t\t<div class=\"elementor-widget-wrap elementor-element-populated\">\n\t\t\t\t\t\t<div class=\"elementor-element elementor-element-3a827eb elementor-widget elementor-widget-text-editor\" data-id=\"3a827eb\" data-element_type=\"widget\" data-e-type=\"widget\" data-widget_type=\"text-editor.default\">\n\t\t\t\t<div class=\"elementor-widget-container\">\n\t\t\t\t\t\t\t\t\t<p>Nuclear power plants require much less land than wind power and photovoltaics and are therefore more compatible with the landscape, human quality of life and biodiversity than these renewable forms of generation. The impact of cooling water extraction on aquatic ecosystems is limited to an acceptable level by regulation and there are technical options for harmonising the requirements of these ecosystems with those of power plant operation (such as hybrid cooling towers), even under the condition of potentially rising temperatures in the long term.<\/p>\t\t\t\t\t\t\t\t<\/div>\n\t\t\t\t<\/div>\n\t\t\t\t\t<\/div>\n\t\t<\/div>\n\t\t\t\t\t<\/div>\n\t\t<\/section>\n\t\t\t\t<section class=\"elementor-section elementor-top-section elementor-element elementor-element-5135913 elementor-section-boxed elementor-section-height-default elementor-section-height-default\" data-id=\"5135913\" data-element_type=\"section\" data-e-type=\"section\">\n\t\t\t\t\t\t<div class=\"elementor-container elementor-column-gap-default\">\n\t\t\t\t\t<div class=\"elementor-column elementor-col-100 elementor-top-column elementor-element elementor-element-24395a6\" data-id=\"24395a6\" data-element_type=\"column\" data-e-type=\"column\">\n\t\t\t<div class=\"elementor-widget-wrap elementor-element-populated\">\n\t\t\t\t\t\t<div class=\"elementor-element elementor-element-b0a6dba elementor-widget elementor-widget-image\" data-id=\"b0a6dba\" data-element_type=\"widget\" data-e-type=\"widget\" data-widget_type=\"image.default\">\n\t\t\t\t<div class=\"elementor-widget-container\">\n\t\t\t\t\t\t\t\t\t\t\t\t\t\t\t<img loading=\"lazy\" decoding=\"async\" width=\"750\" height=\"422\" src=\"https:\/\/kernd.de\/wp-content\/uploads\/2023\/04\/Flaechenbedarf-Stromerzeugung-Experiment_aufgebessert2schwarz-1024x576.jpg\" class=\"attachment-large size-large wp-image-3290\" alt=\"\" srcset=\"https:\/\/kernd.de\/wp-content\/uploads\/2023\/04\/Flaechenbedarf-Stromerzeugung-Experiment_aufgebessert2schwarz-1024x576.jpg 1024w, https:\/\/kernd.de\/wp-content\/uploads\/2023\/04\/Flaechenbedarf-Stromerzeugung-Experiment_aufgebessert2schwarz-230x129.jpg 230w, https:\/\/kernd.de\/wp-content\/uploads\/2023\/04\/Flaechenbedarf-Stromerzeugung-Experiment_aufgebessert2schwarz-600x338.jpg 600w, https:\/\/kernd.de\/wp-content\/uploads\/2023\/04\/Flaechenbedarf-Stromerzeugung-Experiment_aufgebessert2schwarz-300x169.jpg 300w, https:\/\/kernd.de\/wp-content\/uploads\/2023\/04\/Flaechenbedarf-Stromerzeugung-Experiment_aufgebessert2schwarz-768x432.jpg 768w, https:\/\/kernd.de\/wp-content\/uploads\/2023\/04\/Flaechenbedarf-Stromerzeugung-Experiment_aufgebessert2schwarz.jpg 1280w\" sizes=\"(max-width: 750px) 100vw, 750px\" \/>\t\t\t\t\t\t\t\t\t\t\t\t\t\t\t<\/div>\n\t\t\t\t<\/div>\n\t\t\t\t\t<\/div>\n\t\t<\/div>\n\t\t\t\t\t<\/div>\n\t\t<\/section>\n\t\t\t\t<section class=\"elementor-section elementor-top-section elementor-element elementor-element-2f195b2 elementor-section-boxed elementor-section-height-default elementor-section-height-default\" data-id=\"2f195b2\" data-element_type=\"section\" data-e-type=\"section\">\n\t\t\t\t\t\t<div class=\"elementor-container elementor-column-gap-default\">\n\t\t\t\t\t<div class=\"elementor-column elementor-col-100 elementor-top-column elementor-element elementor-element-99bdefc\" data-id=\"99bdefc\" data-element_type=\"column\" data-e-type=\"column\">\n\t\t\t<div class=\"elementor-widget-wrap elementor-element-populated\">\n\t\t\t\t\t\t<div class=\"elementor-element elementor-element-867cc5f elementor-widget elementor-widget-image\" data-id=\"867cc5f\" data-element_type=\"widget\" data-e-type=\"widget\" data-widget_type=\"image.default\">\n\t\t\t\t<div class=\"elementor-widget-container\">\n\t\t\t\t\t\t\t\t\t\t\t\t\t\t\t<img loading=\"lazy\" decoding=\"async\" width=\"750\" height=\"422\" src=\"https:\/\/kernd.de\/wp-content\/uploads\/2023\/04\/Grafik-Flaechenbedarf-UNECE-Noland-et-al_aufgebessert-1024x576.jpg\" class=\"attachment-large size-large wp-image-3292\" alt=\"\" srcset=\"https:\/\/kernd.de\/wp-content\/uploads\/2023\/04\/Grafik-Flaechenbedarf-UNECE-Noland-et-al_aufgebessert-1024x576.jpg 1024w, https:\/\/kernd.de\/wp-content\/uploads\/2023\/04\/Grafik-Flaechenbedarf-UNECE-Noland-et-al_aufgebessert-230x129.jpg 230w, https:\/\/kernd.de\/wp-content\/uploads\/2023\/04\/Grafik-Flaechenbedarf-UNECE-Noland-et-al_aufgebessert-600x338.jpg 600w, https:\/\/kernd.de\/wp-content\/uploads\/2023\/04\/Grafik-Flaechenbedarf-UNECE-Noland-et-al_aufgebessert-300x169.jpg 300w, https:\/\/kernd.de\/wp-content\/uploads\/2023\/04\/Grafik-Flaechenbedarf-UNECE-Noland-et-al_aufgebessert-768x432.jpg 768w, https:\/\/kernd.de\/wp-content\/uploads\/2023\/04\/Grafik-Flaechenbedarf-UNECE-Noland-et-al_aufgebessert.jpg 1280w\" sizes=\"(max-width: 750px) 100vw, 750px\" \/>\t\t\t\t\t\t\t\t\t\t\t\t\t\t\t<\/div>\n\t\t\t\t<\/div>\n\t\t\t\t\t<\/div>\n\t\t<\/div>\n\t\t\t\t\t<\/div>\n\t\t<\/section>\n\t\t\t\t<section class=\"elementor-section elementor-top-section elementor-element elementor-element-675e845 elementor-section-boxed elementor-section-height-default elementor-section-height-default\" data-id=\"675e845\" data-element_type=\"section\" data-e-type=\"section\">\n\t\t\t\t\t\t<div class=\"elementor-container elementor-column-gap-default\">\n\t\t\t\t\t<div class=\"elementor-column elementor-col-100 elementor-top-column elementor-element elementor-element-2ffb726\" data-id=\"2ffb726\" data-element_type=\"column\" data-e-type=\"column\">\n\t\t\t<div class=\"elementor-widget-wrap elementor-element-populated\">\n\t\t\t\t\t\t<div class=\"elementor-element elementor-element-3ea88af elementor-widget elementor-widget-text-editor\" data-id=\"3ea88af\" data-element_type=\"widget\" data-e-type=\"widget\" data-widget_type=\"text-editor.default\">\n\t\t\t\t<div class=\"elementor-widget-container\">\n\t\t\t\t\t\t\t\t\t<p>Nuclear power plants can be easily recycled within the scope of the capacity of the secondary raw material markets (restriction especially for construction waste) and their dismantling yields numerous valuable secondary raw materials. However, some parts and components (mass fraction of 1 - 2 %) are activated or substantially contaminated in the course of operation and must therefore be removed from the material cycle and biological cycles by final disposal.<\/p><p>Unlike fossil fuels, which are irretrievably destroyed when used to generate energy, some of the nuclear fuel can be recovered and recycled. Utilisable secondary resources are also created as part of the nuclear fuel supply. With future technologies, further utilisation of used nuclear fuel will become possible and, in particular, the use of the secondary resource from the fuel supply can become an enormous energy resource. In this respect, the possibilities of nuclear technology are far from exhausted.<\/p>\t\t\t\t\t\t\t\t<\/div>\n\t\t\t\t<\/div>\n\t\t\t\t\t<\/div>\n\t\t<\/div>\n\t\t\t\t\t<\/div>\n\t\t<\/section>\n\t\t\t\t<section class=\"elementor-section elementor-top-section elementor-element elementor-element-f0f92f4 elementor-section-boxed elementor-section-height-default elementor-section-height-default\" data-id=\"f0f92f4\" data-element_type=\"section\" data-e-type=\"section\">\n\t\t\t\t\t\t<div class=\"elementor-container elementor-column-gap-default\">\n\t\t\t\t\t<div class=\"elementor-column elementor-col-100 elementor-top-column elementor-element elementor-element-91363f6\" data-id=\"91363f6\" data-element_type=\"column\" data-e-type=\"column\">\n\t\t\t<div class=\"elementor-widget-wrap\">\n\t\t\t\t\t\t\t<\/div>\n\t\t<\/div>\n\t\t\t\t\t<\/div>\n\t\t<\/section>\n\t\t\t\t<section class=\"elementor-section elementor-top-section elementor-element elementor-element-d95b60d elementor-section-boxed elementor-section-height-default elementor-section-height-default\" data-id=\"d95b60d\" data-element_type=\"section\" data-e-type=\"section\">\n\t\t\t\t\t\t<div class=\"elementor-container elementor-column-gap-default\">\n\t\t\t\t\t<div class=\"elementor-column elementor-col-100 elementor-top-column elementor-element elementor-element-56ea915\" data-id=\"56ea915\" data-element_type=\"column\" data-e-type=\"column\">\n\t\t\t<div class=\"elementor-widget-wrap\">\n\t\t\t\t\t\t\t<\/div>\n\t\t<\/div>\n\t\t\t\t\t<\/div>\n\t\t<\/section>\n\t\t\t\t<section class=\"elementor-section elementor-top-section elementor-element elementor-element-5d9cefe elementor-section-boxed elementor-section-height-default elementor-section-height-default\" data-id=\"5d9cefe\" data-element_type=\"section\" data-e-type=\"section\">\n\t\t\t\t\t\t<div class=\"elementor-container elementor-column-gap-default\">\n\t\t\t\t\t<div class=\"elementor-column elementor-col-100 elementor-top-column elementor-element elementor-element-e92f3e9\" data-id=\"e92f3e9\" data-element_type=\"column\" data-e-type=\"column\">\n\t\t\t<div class=\"elementor-widget-wrap elementor-element-populated\">\n\t\t\t\t\t\t<div class=\"elementor-element elementor-element-a1a1f86 elementor-arrows-position-inside elementor-pagination-position-outside elementor-widget elementor-widget-image-carousel\" data-id=\"a1a1f86\" data-element_type=\"widget\" data-e-type=\"widget\" data-settings=\"{&quot;navigation&quot;:&quot;both&quot;,&quot;autoplay&quot;:&quot;yes&quot;,&quot;pause_on_hover&quot;:&quot;yes&quot;,&quot;pause_on_interaction&quot;:&quot;yes&quot;,&quot;autoplay_speed&quot;:5000,&quot;infinite&quot;:&quot;yes&quot;,&quot;speed&quot;:500}\" data-widget_type=\"image-carousel.default\">\n\t\t\t\t<div class=\"elementor-widget-container\">\n\t\t\t\t\t\t\t<div class=\"elementor-image-carousel-wrapper swiper\" role=\"region\" aria-roledescription=\"carousel\" aria-label=\"Image Carousel\" dir=\"ltr\">\n\t\t\t<div class=\"elementor-image-carousel swiper-wrapper\" aria-live=\"off\">\n\t\t\t\t\t\t\t\t<div class=\"swiper-slide\" role=\"group\" aria-roledescription=\"slide\" aria-label=\"1 of 4\"><figure class=\"swiper-slide-inner\"><img decoding=\"async\" class=\"swiper-slide-image\" src=\"https:\/\/kernd.de\/wp-content\/uploads\/2022\/03\/logo-1.png\" alt=\"KT L Logo RGB\" \/><\/figure><\/div><div class=\"swiper-slide\" role=\"group\" aria-roledescription=\"slide\" aria-label=\"2 of 4\"><figure class=\"swiper-slide-inner\"><img decoding=\"async\" class=\"swiper-slide-image\" src=\"https:\/\/kernd.de\/wp-content\/uploads\/2022\/03\/ktg.png\" alt=\"ktg\" \/><\/figure><\/div><div class=\"swiper-slide\" role=\"group\" aria-roledescription=\"slide\" aria-label=\"3 of 4\"><figure class=\"swiper-slide-inner\"><img decoding=\"async\" class=\"swiper-slide-image\" src=\"https:\/\/kernd.de\/wp-content\/uploads\/2022\/03\/kernd.png\" alt=\"coring\" \/><\/figure><\/div><div class=\"swiper-slide\" role=\"group\" aria-roledescription=\"slide\" aria-label=\"4 of 4\"><figure class=\"swiper-slide-inner\"><img decoding=\"async\" class=\"swiper-slide-image\" src=\"https:\/\/kernd.de\/wp-content\/uploads\/2022\/03\/Inforum.png\" alt=\"Inforum\" \/><\/figure><\/div>\t\t\t<\/div>\n\t\t\t\t\t\t\t\t\t\t\t\t<div class=\"elementor-swiper-button elementor-swiper-button-prev\" role=\"button\" tabindex=\"0\">\n\t\t\t\t\t\t<i aria-hidden=\"true\" class=\"eicon-chevron-left\"><\/i>\t\t\t\t\t<\/div>\n\t\t\t\t\t<div class=\"elementor-swiper-button elementor-swiper-button-next\" role=\"button\" tabindex=\"0\">\n\t\t\t\t\t\t<i aria-hidden=\"true\" class=\"eicon-chevron-right\"><\/i>\t\t\t\t\t<\/div>\n\t\t\t\t\n\t\t\t\t\t\t\t\t\t<div class=\"swiper-pagination\"><\/div>\n\t\t\t\t\t\t\t\t\t<\/div>\n\t\t\t\t\t\t<\/div>\n\t\t\t\t<\/div>\n\t\t\t\t\t<\/div>\n\t\t<\/div>\n\t\t\t\t\t<\/div>\n\t\t<\/section>\n\t\t\t\t<\/div>","protected":false},"excerpt":{"rendered":"<p>Ressourcenschonung Die Kernenergie verbraucht im Gegensatz zur Stromerzeugung mit den fossilen Energietr\u00e4gern Kohle, \u00d6l und Erdgas keine gro\u00dfen Mengen Brennstoffe und erfordert zugleich einen kleineren Einsatz anderer Ressourcen (Beton\/Zement, Stahl, andere Metalle) in Bezug auf die erzeugte Strommenge als andere CO2-armen Technologie wie Wind- und Wasserkraft oder Photovoltaik. Zu den [&hellip;]<\/p>\n","protected":false},"author":4,"featured_media":0,"parent":0,"menu_order":0,"comment_status":"closed","ping_status":"closed","template":"page-templates\/template-pagebuilder-full-width.php","meta":{"footnotes":""},"class_list":["post-3235","page","type-page","status-publish","hentry"],"aioseo_notices":[],"_links":{"self":[{"href":"https:\/\/kernd.de\/en\/wp-json\/wp\/v2\/pages\/3235","targetHints":{"allow":["GET"]}}],"collection":[{"href":"https:\/\/kernd.de\/en\/wp-json\/wp\/v2\/pages"}],"about":[{"href":"https:\/\/kernd.de\/en\/wp-json\/wp\/v2\/types\/page"}],"author":[{"embeddable":true,"href":"https:\/\/kernd.de\/en\/wp-json\/wp\/v2\/users\/4"}],"replies":[{"embeddable":true,"href":"https:\/\/kernd.de\/en\/wp-json\/wp\/v2\/comments?post=3235"}],"version-history":[{"count":0,"href":"https:\/\/kernd.de\/en\/wp-json\/wp\/v2\/pages\/3235\/revisions"}],"wp:attachment":[{"href":"https:\/\/kernd.de\/en\/wp-json\/wp\/v2\/media?parent=3235"}],"curies":[{"name":"wp","href":"https:\/\/api.w.org\/{rel}","templated":true}]}}