{"id":9721,"date":"2026-05-13T05:57:17","date_gmt":"2026-05-13T05:57:17","guid":{"rendered":"https:\/\/kernd.de\/?page_id=9721"},"modified":"2026-05-13T06:01:23","modified_gmt":"2026-05-13T06:01:23","slug":"rueckkehr-zur-kernenergie","status":"publish","type":"page","link":"https:\/\/kernd.de\/de\/rueckkehr-zur-kernenergie\/","title":{"rendered":"R\u00fcckkehr zur Kernenergie"},"content":{"rendered":"\t\t<div data-elementor-type=\"wp-page\" data-elementor-id=\"9721\" class=\"elementor elementor-9721\">\n\t\t\t\t\t\t<section class=\"elementor-section elementor-top-section elementor-element elementor-element-19ed0a6 elementor-section-boxed elementor-section-height-default elementor-section-height-default\" data-id=\"19ed0a6\" data-element_type=\"section\" data-e-type=\"section\">\n\t\t\t\t\t\t<div class=\"elementor-container elementor-column-gap-default\">\n\t\t\t\t\t<div class=\"elementor-column elementor-col-100 elementor-top-column elementor-element elementor-element-e6f7e18\" data-id=\"e6f7e18\" data-element_type=\"column\" data-e-type=\"column\">\n\t\t\t<div class=\"elementor-widget-wrap elementor-element-populated\">\n\t\t\t\t\t\t<div class=\"elementor-element elementor-element-9ac00fb elementor-widget elementor-widget-text-editor\" data-id=\"9ac00fb\" data-element_type=\"widget\" data-e-type=\"widget\" data-widget_type=\"text-editor.default\">\n\t\t\t\t<div class=\"elementor-widget-container\">\n\t\t\t\t\t\t\t\t\t<p class=\"isSelectedEnd\"><strong><span>Ist der deutsche Atomausstieg wirklich irreversibel \u2013 oder vor allem politisch blockiert?<\/span><\/strong><\/p><p class=\"isSelectedEnd\"><span>Diese Frage stellen Bj\u00f6rn Peters und Rainer Klute in der neuen Ausgabe der <\/span><strong><span>atw \u2013 International Journal for Nuclear Power<\/span><\/strong><span>. Ihr Beitrag zeigt: Eine R\u00fcckkehr zur Kernenergie w\u00e4re kein einfacher Schritt, aber technisch, wirtschaftlich und institutionell machbar \u2013 wenn Politik, Regulierung, Industrie, Wissenschaft und Gesellschaft wieder planbar zusammenwirken.<\/span><\/p><p class=\"isSelectedEnd\"><span>Der Artikel skizziert daf\u00fcr einen konkreten Fahrplan: von der \u00c4nderung des Atomgesetzes \u00fcber die Modernisierung des kerntechnischen Regelwerks bis hin zum Wiederaufbau von Ausbildung, Forschung und \u00f6ffentlicher Wissensvermittlung.<\/span><\/p><p class=\"isSelectedEnd\"><span>Besonders spannend: Der Blick geht nicht nur nach Deutschland, sondern auch auf internationale Beispiele wie Barakah, Polen und den IAEA-Milestones-Approach. Die zentrale Botschaft: Deutschland m\u00fcsste das Rad nicht neu erfinden \u2013 aber es m\u00fcsste wieder anfangen, strategisch zu handeln.<\/span><\/p><p><span>Ein lesenswerter Beitrag f\u00fcr alle, die Energiepolitik nicht als Symboldebatte f\u00fchren wollen, sondern als Frage von Versorgungssicherheit, Industriepolitik, Klimaschutz und technologischer Souver\u00e4nit\u00e4t.<\/span><\/p><p><a href=\"https:\/\/kernd.de\/wp-content\/uploads\/2026\/05\/atw-2026-3_Rueckkehr-zur-Kernenergie.pdf\">R\u00fcckkehr zur Kernenergie: Ein Fahrplan f\u00fcr Politik, Industrie und Gesellschaft<\/a><\/p>\t\t\t\t\t\t\t\t<\/div>\n\t\t\t\t<\/div>\n\t\t\t\t\t<\/div>\n\t\t<\/div>\n\t\t\t\t\t<\/div>\n\t\t<\/section>\n\t\t\t\t<\/div>\n\t\t","protected":false},"excerpt":{"rendered":"<p>Ist der deutsche Atomausstieg wirklich irreversibel \u2013 oder vor allem politisch blockiert? Diese Frage stellen Bj\u00f6rn Peters und Rainer Klute in der neuen Ausgabe der atw \u2013 International Journal for Nuclear Power. Ihr Beitrag zeigt: Eine R\u00fcckkehr zur Kernenergie w\u00e4re kein einfacher Schritt, aber technisch, wirtschaftlich und institutionell machbar \u2013 [&hellip;]<\/p>\n","protected":false},"author":3,"featured_media":9729,"parent":0,"menu_order":0,"comment_status":"closed","ping_status":"closed","template":"","meta":{"footnotes":""},"class_list":["post-9721","page","type-page","status-publish","has-post-thumbnail","hentry"],"aioseo_notices":[],"_links":{"self":[{"href":"https:\/\/kernd.de\/de\/wp-json\/wp\/v2\/pages\/9721","targetHints":{"allow":["GET"]}}],"collection":[{"href":"https:\/\/kernd.de\/de\/wp-json\/wp\/v2\/pages"}],"about":[{"href":"https:\/\/kernd.de\/de\/wp-json\/wp\/v2\/types\/page"}],"author":[{"embeddable":true,"href":"https:\/\/kernd.de\/de\/wp-json\/wp\/v2\/users\/3"}],"replies":[{"embeddable":true,"href":"https:\/\/kernd.de\/de\/wp-json\/wp\/v2\/comments?post=9721"}],"version-history":[{"count":4,"href":"https:\/\/kernd.de\/de\/wp-json\/wp\/v2\/pages\/9721\/revisions"}],"predecessor-version":[{"id":9727,"href":"https:\/\/kernd.de\/de\/wp-json\/wp\/v2\/pages\/9721\/revisions\/9727"}],"wp:featuredmedia":[{"embeddable":true,"href":"https:\/\/kernd.de\/de\/wp-json\/wp\/v2\/media\/9729"}],"wp:attachment":[{"href":"https:\/\/kernd.de\/de\/wp-json\/wp\/v2\/media?parent=9721"}],"curies":[{"name":"wp","href":"https:\/\/api.w.org\/{rel}","templated":true}]}}