{"id":9547,"date":"2026-02-16T07:06:20","date_gmt":"2026-02-16T07:06:20","guid":{"rendered":"https:\/\/kernd.de\/?page_id=9547"},"modified":"2026-02-16T07:13:01","modified_gmt":"2026-02-16T07:13:01","slug":"kernd-mitglied-bei-nucleareurope","status":"publish","type":"page","link":"https:\/\/kernd.de\/de\/kernd-mitglied-bei-nucleareurope\/","title":{"rendered":"KernD Mitglied bei nucleareurope"},"content":{"rendered":"\t\t<div data-elementor-type=\"wp-page\" data-elementor-id=\"9547\" class=\"elementor elementor-9547\">\n\t\t\t\t\t\t<section class=\"elementor-section elementor-top-section elementor-element elementor-element-017cd7c hero-section elementor-section-boxed elementor-section-height-default elementor-section-height-default\" data-id=\"017cd7c\" data-element_type=\"section\" data-e-type=\"section\">\n\t\t\t\t\t\t\t<div class=\"elementor-background-overlay\"><\/div>\n\t\t\t\t\t\t\t<div class=\"elementor-container elementor-column-gap-default\">\n\t\t\t\t\t<div class=\"elementor-column elementor-col-100 elementor-top-column elementor-element elementor-element-2bfa637 hero-container\" data-id=\"2bfa637\" data-element_type=\"column\" data-e-type=\"column\">\n\t\t\t<div class=\"elementor-widget-wrap elementor-element-populated\">\n\t\t\t\t\t\t<div class=\"elementor-element elementor-element-2d29fa6 elementor-widget elementor-widget-text-editor\" data-id=\"2d29fa6\" data-element_type=\"widget\" data-e-type=\"widget\" data-widget_type=\"text-editor.default\">\n\t\t\t\t<div class=\"elementor-widget-container\">\n\t\t\t\t\t\t\t\t\t<h1><span style=\"color: #d94d7a;\"><strong>Kerntechnik Deutschland e.V. wird Mitglied von nucleareurope<\/strong><\/span><span style=\"color: #d94d7a;\"><strong><\/strong><\/span><\/h1>\t\t\t\t\t\t\t\t<\/div>\n\t\t\t\t<\/div>\n\t\t\t\t\t<\/div>\n\t\t<\/div>\n\t\t\t\t\t<\/div>\n\t\t<\/section>\n\t\t\t\t<section class=\"elementor-section elementor-top-section elementor-element elementor-element-6468f23 elementor-section-boxed elementor-section-height-default elementor-section-height-default\" data-id=\"6468f23\" data-element_type=\"section\" data-e-type=\"section\">\n\t\t\t\t\t\t<div class=\"elementor-container elementor-column-gap-default\">\n\t\t\t\t\t<div class=\"elementor-column elementor-col-100 elementor-top-column elementor-element elementor-element-4b29781\" data-id=\"4b29781\" data-element_type=\"column\" data-e-type=\"column\">\n\t\t\t<div class=\"elementor-widget-wrap elementor-element-populated\">\n\t\t\t\t\t\t<div class=\"elementor-element elementor-element-f585c76 elementor-widget elementor-widget-spacer\" data-id=\"f585c76\" data-element_type=\"widget\" data-e-type=\"widget\" data-widget_type=\"spacer.default\">\n\t\t\t\t<div class=\"elementor-widget-container\">\n\t\t\t\t\t\t\t<div class=\"elementor-spacer\">\n\t\t\t<div class=\"elementor-spacer-inner\"><\/div>\n\t\t<\/div>\n\t\t\t\t\t\t<\/div>\n\t\t\t\t<\/div>\n\t\t\t\t\t<\/div>\n\t\t<\/div>\n\t\t\t\t\t<\/div>\n\t\t<\/section>\n\t\t\t\t<section class=\"elementor-section elementor-top-section elementor-element elementor-element-19ed0a6 elementor-section-boxed elementor-section-height-default elementor-section-height-default\" data-id=\"19ed0a6\" data-element_type=\"section\" data-e-type=\"section\">\n\t\t\t\t\t\t<div class=\"elementor-container elementor-column-gap-default\">\n\t\t\t\t\t<div class=\"elementor-column elementor-col-100 elementor-top-column elementor-element elementor-element-e6f7e18\" data-id=\"e6f7e18\" data-element_type=\"column\" data-e-type=\"column\">\n\t\t\t<div class=\"elementor-widget-wrap elementor-element-populated\">\n\t\t\t\t\t\t<div class=\"elementor-element elementor-element-9ac00fb elementor-widget elementor-widget-text-editor\" data-id=\"9ac00fb\" data-element_type=\"widget\" data-e-type=\"widget\" data-widget_type=\"text-editor.default\">\n\t\t\t\t<div class=\"elementor-widget-container\">\n\t\t\t\t\t\t\t\t\t<p>Berlin, 16.02.2026<\/p><p>Kerntechnik Deutschland e. V. (KernD), der Verband der deutschen Kerntechnik in Industrie und Forschung, ist dem europ\u00e4ischen Kernenergieverband nucleareurope beigetreten. Mit dem Beitritt st\u00e4rkt KernD die europ\u00e4ische Vernetzung seiner Mitglieder und positioniert die deutsche kerntechnische Wirtschaft und Forschung st\u00e4rker im europ\u00e4ischen Umfeld.<\/p><p>Nucleareurope vereint derzeit 17 nationale Kernenergie- und Kerntechnikverb\u00e4nde sowie 19 Unternehmensmitglieder. Insgesamt sind mehr als 3.000 Organisationen entlang der gesamten Wertsch\u00f6pfungskette vertreten, von gro\u00dfen internationalen Kernkraftwerksbetreibern und Unternehmen des Kernbrennstoffkreislaufs bis hin zu spezialisierten Ausr\u00fcstern und Transportunternehmen.<\/p><p>F\u00fcr KernD er\u00f6ffnet die Mitgliedschaft neue M\u00f6glichkeiten zur aktiven Mitwirkung an europ\u00e4ischen Kernenergieprojekten. Die deutsche kerntechnische Industrie und Forschung bringen dabei wertvolles industrielles Know-how und langj\u00e4hrige Erfahrung ein. Gleichzeitig profitieren deutsche Unternehmen Forschungsstandorte von der Beteiligung an zahlreichen Neubau- und Innovationsprojekten in Europa, insbesondere mit Blick auf den Erhalt kerntechnischer Kompetenz und qualifizierter Arbeitspl\u00e4tze in Deutschland.<\/p><p>Der Vorsitzende von KernD, Thomas Seipolt erkl\u00e4rt: \u201eIn einer Phase erneuerten Interesses an der Kernenergie in Europa ist nucleareurope ein idealer Partner f\u00fcr KernD und die deutsche Nuklearindustrie. Deutschland bringt umfassendes industrielles Know-how und starke Forschungskapazit\u00e4ten in die europ\u00e4ische nukleare Wertsch\u00f6pfungskette ein. Unsere Mitglieder engagieren sich f\u00fcr Wettbewerbsf\u00e4higkeit, Versorgungssicherheit sowie Klima- und Energiesouver\u00e4nit\u00e4t in Europa.\u201c<\/p><p>F\u00fcr KernD ist der Beitritt zugleich eine R\u00fcckkehr auf europ\u00e4ische Ebene unter neuem Vorzeichen: Einer der beiden Vorg\u00e4ngerverb\u00e4nde, das Deutsche Atomforum (DatF), war bereits bis zu seinem Austritt 2016 langj\u00e4hriges Mitglied der nucleareurope-Vorg\u00e4ngerorganisation Foratom.<\/p><p><em>KernD ist das f\u00fchrende Kompetenznetzwerk f\u00fcr Kernenergie in Deutschland. Als Zusammenschluss zentraler Akteure der Branche vereint KernD Unternehmen, Forschungseinrichtungen und Experten, die sich f\u00fcr die sichere Nutzung, Forschung und Weiterentwicklung der Kerntechnik einsetzen. Mit seiner Fachkompetenz und Erfahrung ist KernD die erste Anlaufstelle f\u00fcr alle Fragen rund um Kerntechnik in Deutschland.<\/em><\/p><p><em><br \/><\/em>Kontakt:<\/p><p><strong>Nicolas Wendler<\/strong><\/p><p>Tel.: +49 172 237 9184<br \/>E-Mail: <a href=\"mailto:presse@kernd.de\">presse@kernd.de<\/a><\/p><p><strong>Kerntechnik Deutschland e.V. (KernD)<br \/><\/strong>Berliner Stra\u00dfe 88A<br \/>13467 Berlin<br \/><a href=\"http:\/\/www.KernD.de\">www.KernD.de<\/a><\/p><p>Vorsitzender des Vorstandes: Thomas Seipolt<br \/>Gesch\u00e4ftsf\u00fchrung: Nicole Koch<br \/>Sitz: Berlin, Amtsgericht Charlottenburg, VR 21055<\/p>\t\t\t\t\t\t\t\t<\/div>\n\t\t\t\t<\/div>\n\t\t\t\t\t<\/div>\n\t\t<\/div>\n\t\t\t\t\t<\/div>\n\t\t<\/section>\n\t\t\t\t<section class=\"elementor-section elementor-top-section elementor-element elementor-element-d0c51a5 elementor-section-boxed elementor-section-height-default elementor-section-height-default\" data-id=\"d0c51a5\" data-element_type=\"section\" data-e-type=\"section\">\n\t\t\t\t\t\t<div class=\"elementor-container elementor-column-gap-narrow\">\n\t\t\t\t\t<div class=\"elementor-column elementor-col-33 elementor-top-column elementor-element elementor-element-5753239\" data-id=\"5753239\" data-element_type=\"column\" data-e-type=\"column\">\n\t\t\t<div class=\"elementor-widget-wrap elementor-element-populated\">\n\t\t\t\t\t\t<div class=\"elementor-element elementor-element-a616b32 elementor-button-info elementor-widget elementor-widget-button\" data-id=\"a616b32\" data-element_type=\"widget\" data-e-type=\"widget\" data-widget_type=\"button.default\">\n\t\t\t\t<div class=\"elementor-widget-container\">\n\t\t\t\t\t\t\t\t\t<div class=\"elementor-button-wrapper\">\n\t\t\t\t\t<a class=\"elementor-button elementor-button-link elementor-size-sm\" href=\"https:\/\/kernd.de\/wp-content\/uploads\/2026\/02\/PM_KernD-Mitglied_nucleareurope.pdf\">\n\t\t\t\t\t\t<span class=\"elementor-button-content-wrapper\">\n\t\t\t\t\t\t\t\t\t<span class=\"elementor-button-text\">Pressemitteilung<\/span>\n\t\t\t\t\t<\/span>\n\t\t\t\t\t<\/a>\n\t\t\t\t<\/div>\n\t\t\t\t\t\t\t\t<\/div>\n\t\t\t\t<\/div>\n\t\t\t\t\t<\/div>\n\t\t<\/div>\n\t\t\t\t<div class=\"elementor-column elementor-col-66 elementor-top-column elementor-element elementor-element-d4eaabd\" data-id=\"d4eaabd\" data-element_type=\"column\" data-e-type=\"column\">\n\t\t\t<div class=\"elementor-widget-wrap elementor-element-populated\">\n\t\t\t\t\t\t<div class=\"elementor-element elementor-element-365848e elementor-button-success elementor-widget elementor-widget-button\" data-id=\"365848e\" data-element_type=\"widget\" data-e-type=\"widget\" data-widget_type=\"button.default\">\n\t\t\t\t<div class=\"elementor-widget-container\">\n\t\t\t\t\t\t\t\t\t<div class=\"elementor-button-wrapper\">\n\t\t\t\t\t<a class=\"elementor-button elementor-button-link elementor-size-sm\" href=\"https:\/\/www.nucleareurope.eu\/downloads\/german-nuclear-industry-association-latest-to-join-nucleareurope-as-europe-sees-ever-increasing-interest-in-nuclear-energy\/?wpdmdl=54781&#038;ind=1770971556698&#038;refresh=20d433e9&#038;filename=2026-02-16_nucleareurope_NewMembers.pdf\">\n\t\t\t\t\t\t<span class=\"elementor-button-content-wrapper\">\n\t\t\t\t\t\t\t\t\t<span class=\"elementor-button-text\">Press release nucleareurope<\/span>\n\t\t\t\t\t<\/span>\n\t\t\t\t\t<\/a>\n\t\t\t\t<\/div>\n\t\t\t\t\t\t\t\t<\/div>\n\t\t\t\t<\/div>\n\t\t\t\t\t<\/div>\n\t\t<\/div>\n\t\t\t\t\t<\/div>\n\t\t<\/section>\n\t\t\t\t<\/div>\n\t\t","protected":false},"excerpt":{"rendered":"<p>Kerntechnik Deutschland e.V. wird Mitglied von nucleareurope Berlin, 16.02.2026 Kerntechnik Deutschland e. V. (KernD), der Verband der deutschen Kerntechnik in Industrie und Forschung, ist dem europ\u00e4ischen Kernenergieverband nucleareurope beigetreten. Mit dem Beitritt st\u00e4rkt KernD die europ\u00e4ische Vernetzung seiner Mitglieder und positioniert die deutsche kerntechnische Wirtschaft und Forschung st\u00e4rker im europ\u00e4ischen [&hellip;]<\/p>\n","protected":false},"author":3,"featured_media":9555,"parent":0,"menu_order":0,"comment_status":"closed","ping_status":"closed","template":"page-templates\/template-pagebuilder-full-width.php","meta":{"footnotes":""},"class_list":["post-9547","page","type-page","status-publish","has-post-thumbnail","hentry"],"aioseo_notices":[],"_links":{"self":[{"href":"https:\/\/kernd.de\/de\/wp-json\/wp\/v2\/pages\/9547","targetHints":{"allow":["GET"]}}],"collection":[{"href":"https:\/\/kernd.de\/de\/wp-json\/wp\/v2\/pages"}],"about":[{"href":"https:\/\/kernd.de\/de\/wp-json\/wp\/v2\/types\/page"}],"author":[{"embeddable":true,"href":"https:\/\/kernd.de\/de\/wp-json\/wp\/v2\/users\/3"}],"replies":[{"embeddable":true,"href":"https:\/\/kernd.de\/de\/wp-json\/wp\/v2\/comments?post=9547"}],"version-history":[{"count":14,"href":"https:\/\/kernd.de\/de\/wp-json\/wp\/v2\/pages\/9547\/revisions"}],"predecessor-version":[{"id":9572,"href":"https:\/\/kernd.de\/de\/wp-json\/wp\/v2\/pages\/9547\/revisions\/9572"}],"wp:featuredmedia":[{"embeddable":true,"href":"https:\/\/kernd.de\/de\/wp-json\/wp\/v2\/media\/9555"}],"wp:attachment":[{"href":"https:\/\/kernd.de\/de\/wp-json\/wp\/v2\/media?parent=9547"}],"curies":[{"name":"wp","href":"https:\/\/api.w.org\/{rel}","templated":true}]}}