{"id":9525,"date":"2026-02-02T07:35:04","date_gmt":"2026-02-02T07:35:04","guid":{"rendered":"https:\/\/kernd.de\/?page_id=9525"},"modified":"2026-02-02T07:55:00","modified_gmt":"2026-02-02T07:55:00","slug":"neue-geschaeftsfuehrung","status":"publish","type":"page","link":"https:\/\/kernd.de\/de\/neue-geschaeftsfuehrung\/","title":{"rendered":"Neue Gesch\u00e4ftsf\u00fchrung"},"content":{"rendered":"\t\t<div data-elementor-type=\"wp-page\" data-elementor-id=\"9525\" class=\"elementor elementor-9525\">\n\t\t\t\t\t\t<section class=\"elementor-section elementor-top-section elementor-element elementor-element-017cd7c hero-section elementor-section-boxed elementor-section-height-default elementor-section-height-default\" data-id=\"017cd7c\" data-element_type=\"section\" data-e-type=\"section\">\n\t\t\t\t\t\t\t<div class=\"elementor-background-overlay\"><\/div>\n\t\t\t\t\t\t\t<div class=\"elementor-container elementor-column-gap-default\">\n\t\t\t\t\t<div class=\"elementor-column elementor-col-100 elementor-top-column elementor-element elementor-element-2bfa637 hero-container\" data-id=\"2bfa637\" data-element_type=\"column\" data-e-type=\"column\">\n\t\t\t<div class=\"elementor-widget-wrap elementor-element-populated\">\n\t\t\t\t\t\t<div class=\"elementor-element elementor-element-2d29fa6 elementor-widget elementor-widget-text-editor\" data-id=\"2d29fa6\" data-element_type=\"widget\" data-e-type=\"widget\" data-widget_type=\"text-editor.default\">\n\t\t\t\t<div class=\"elementor-widget-container\">\n\t\t\t\t\t\t\t\t\t<h1><span style=\"color: #d94d7a;\"><strong>Kerntechnik Deutschland e. V. beruft neue Gesch\u00e4ftsf\u00fchrerin<\/strong><\/span><\/h1>\t\t\t\t\t\t\t\t<\/div>\n\t\t\t\t<\/div>\n\t\t\t\t\t<\/div>\n\t\t<\/div>\n\t\t\t\t\t<\/div>\n\t\t<\/section>\n\t\t\t\t<section class=\"elementor-section elementor-top-section elementor-element elementor-element-6468f23 elementor-section-boxed elementor-section-height-default elementor-section-height-default\" data-id=\"6468f23\" data-element_type=\"section\" data-e-type=\"section\">\n\t\t\t\t\t\t<div class=\"elementor-container elementor-column-gap-default\">\n\t\t\t\t\t<div class=\"elementor-column elementor-col-100 elementor-top-column elementor-element elementor-element-4b29781\" data-id=\"4b29781\" data-element_type=\"column\" data-e-type=\"column\">\n\t\t\t<div class=\"elementor-widget-wrap elementor-element-populated\">\n\t\t\t\t\t\t<div class=\"elementor-element elementor-element-f585c76 elementor-widget elementor-widget-spacer\" data-id=\"f585c76\" data-element_type=\"widget\" data-e-type=\"widget\" data-widget_type=\"spacer.default\">\n\t\t\t\t<div class=\"elementor-widget-container\">\n\t\t\t\t\t\t\t<div class=\"elementor-spacer\">\n\t\t\t<div class=\"elementor-spacer-inner\"><\/div>\n\t\t<\/div>\n\t\t\t\t\t\t<\/div>\n\t\t\t\t<\/div>\n\t\t\t\t\t<\/div>\n\t\t<\/div>\n\t\t\t\t\t<\/div>\n\t\t<\/section>\n\t\t\t\t<section class=\"elementor-section elementor-top-section elementor-element elementor-element-19ed0a6 elementor-section-boxed elementor-section-height-default elementor-section-height-default\" data-id=\"19ed0a6\" data-element_type=\"section\" data-e-type=\"section\">\n\t\t\t\t\t\t<div class=\"elementor-container elementor-column-gap-default\">\n\t\t\t\t\t<div class=\"elementor-column elementor-col-100 elementor-top-column elementor-element elementor-element-e6f7e18\" data-id=\"e6f7e18\" data-element_type=\"column\" data-e-type=\"column\">\n\t\t\t<div class=\"elementor-widget-wrap elementor-element-populated\">\n\t\t\t\t\t\t<div class=\"elementor-element elementor-element-9ac00fb elementor-widget elementor-widget-text-editor\" data-id=\"9ac00fb\" data-element_type=\"widget\" data-e-type=\"widget\" data-widget_type=\"text-editor.default\">\n\t\t\t\t<div class=\"elementor-widget-container\">\n\t\t\t\t\t\t\t\t\t<p>Berlin, 01.02.2026 &#8211; Zum 1. Februar 2026 \u00fcbernimmt Nicole Koch die Gesch\u00e4ftsf\u00fchrung der Kerntechnik Deutschland e. V. (KernD) sowie der INFORUM Verlags- und Verwaltungsgesellschaft mbH. Mit dieser Entscheidung st\u00e4rkt der Verband seine Position als sachliche, fundierte und zukunftsorientierte Stimme der Kerntechnik in Deutschland und Europa.<\/p><p>Nicole Koch verf\u00fcgt \u00fcber mehr als 20 Jahre Erfahrung in der Kerntechnik und bringt umfassende fachliche, organisatorische und kommunikative Expertise mit. Seit 2019 ist sie in zentralen Funktionen f\u00fcr den Verband t\u00e4tig und hat dessen Arbeit ma\u00dfgeblich mitgestaltet. Dazu z\u00e4hlen unter anderem die Redaktion der atw &#8211; International Journal for Nuclear Power, das Veranstaltungsmanagement von KernD und der Kerntechnischen Gesellschaft e. V. sowie Aufgaben in der strategischen Kommunikation und \u00d6ffentlichkeitsarbeit. In dieser Zeit hat sie ein breites und tragf\u00e4higes Netzwerk innerhalb der kerntechnischen Fachgemeinschaft aufgebaut.<\/p><blockquote><p>\u201eMit Frau Koch gewinnen wir eine Gesch\u00e4ftsf\u00fchrerin, die fachliche Tiefe, kommunikative St\u00e4rke und langj\u00e4hrige Verbandserfahrung in idealer Weise verbindet\u201c, sagt Thomas Seipolt, Vorstandsvorsitzender von KernD.<\/p><p>\u201eSie steht f\u00fcr Kontinuit\u00e4t ebenso wie f\u00fcr die Weiterentwicklung unserer Arbeit auf nationaler und europ\u00e4ischer Ebene.\u201c<\/p><\/blockquote><p>KernD steht f\u00fcr eine sachorientierte, wissenschaftlich fundierte und zukunftsgerichtete Positionierung der Kerntechnik. Mit der neuen Gesch\u00e4ftsf\u00fchrung will der Verband seine Sichtbarkeit weiter ausbauen, den fachlichen und gesellschaftlichen Dialog intensivieren und aktiv an der Gestaltung der Rahmenbedingungen f\u00fcr einen m\u00f6glichen Neustart der Kernenergie in Deutschland mitwirken.<\/p><p>Nicole Koch erkl\u00e4rt:<\/p><blockquote><p>\u201eEine sichere und klimafreundliche Energieversorgung erfordert vor allem eines: Realismus. Ein Blick zur\u00fcck zeigt, welchen Beitrag Kernenergie \u00fcber Jahrzehnte geleistet hat und der Blick nach vorn macht deutlich, dass es dauerhaft nicht ohne sie im Energiemix gehen wird. Mein Ziel ist es, KernD als starke, verl\u00e4ssliche und europ\u00e4isch vernetzte Stimme weiter zu positionieren und den sachlichen Dialog \u00fcber die Rolle der Kernenergie aktiv zu f\u00f6rdern.&#8220;<\/p><\/blockquote><p>Gleichzeitig dankt Kerntechnik Deutschland e. V. Herrn Dr. Thomas Behringer herzlich f\u00fcr seine langj\u00e4hrige, engagierte und verl\u00e4ssliche T\u00e4tigkeit. Er hat den Verband \u00fcber viele Jahre hinweg begleitet, gepr\u00e4gt und kontinuierlich weiterentwickelt. Mit seinem Eintritt in den Ruhestand endet eine pr\u00e4gende Phase f\u00fcr KernD. F\u00fcr seinen neuen Lebensabschnitt w\u00fcnscht der Verband ihm alles Gute.<\/p><p><em>KernD ist das f\u00fchrende Kompetenznetzwerk f\u00fcr Kernenergie in Deutschland. Als Zusammenschluss zentraler Akteure der Branche vereint KernD Unternehmen, Forschungseinrichtungen und Experten, die sich f\u00fcr die sichere Nutzung, Forschung und Weiterentwicklung der Kerntechnik einsetzen. Mit seiner Fachkompetenz und Erfahrung ist KernD die erste Anlaufstelle f\u00fcr alle Fragen rund um Kernenergie in Deutschland.<\/em><\/p><p><em><br \/><\/em>Kontakt:<\/p><p><strong>Nicolas Wendler<\/strong><\/p><p>Tel.: +49 172 237 9184<br \/>E-Mail: <a href=\"mailto:presse@kernd.de\">presse@kernd.de<\/a><\/p><p><\/p><p><strong>Kerntechnik Deutschland e.V. (KernD)<br \/><\/strong>Berliner Stra\u00dfe 88A<br \/>13467 Berlin<br \/><a href=\"http:\/\/www.KernD.de\">www.KernD.de<\/a><\/p><p>Vorsitzender des Vorstandes: Thomas Seipolt<br \/>Gesch\u00e4ftsf\u00fchrung: Nicole Koch<br \/>Sitz: Berlin, Amtsgericht Charlottenburg, VR 21055<\/p>\t\t\t\t\t\t\t\t<\/div>\n\t\t\t\t<\/div>\n\t\t\t\t\t<\/div>\n\t\t<\/div>\n\t\t\t\t\t<\/div>\n\t\t<\/section>\n\t\t\t\t<\/div>\n\t\t","protected":false},"excerpt":{"rendered":"<p>Kerntechnik Deutschland e. V. beruft neue Gesch\u00e4ftsf\u00fchrerin Berlin, 01.02.2026 &#8211; Zum 1. Februar 2026 \u00fcbernimmt Nicole Koch die Gesch\u00e4ftsf\u00fchrung der Kerntechnik Deutschland e. V. (KernD) sowie der INFORUM Verlags- und Verwaltungsgesellschaft mbH. Mit dieser Entscheidung st\u00e4rkt der Verband seine Position als sachliche, fundierte und zukunftsorientierte Stimme der Kerntechnik in Deutschland [&hellip;]<\/p>\n","protected":false},"author":3,"featured_media":9520,"parent":0,"menu_order":0,"comment_status":"closed","ping_status":"closed","template":"page-templates\/template-pagebuilder-full-width.php","meta":{"footnotes":""},"class_list":["post-9525","page","type-page","status-publish","has-post-thumbnail","hentry"],"aioseo_notices":[],"_links":{"self":[{"href":"https:\/\/kernd.de\/de\/wp-json\/wp\/v2\/pages\/9525","targetHints":{"allow":["GET"]}}],"collection":[{"href":"https:\/\/kernd.de\/de\/wp-json\/wp\/v2\/pages"}],"about":[{"href":"https:\/\/kernd.de\/de\/wp-json\/wp\/v2\/types\/page"}],"author":[{"embeddable":true,"href":"https:\/\/kernd.de\/de\/wp-json\/wp\/v2\/users\/3"}],"replies":[{"embeddable":true,"href":"https:\/\/kernd.de\/de\/wp-json\/wp\/v2\/comments?post=9525"}],"version-history":[{"count":13,"href":"https:\/\/kernd.de\/de\/wp-json\/wp\/v2\/pages\/9525\/revisions"}],"predecessor-version":[{"id":9545,"href":"https:\/\/kernd.de\/de\/wp-json\/wp\/v2\/pages\/9525\/revisions\/9545"}],"wp:featuredmedia":[{"embeddable":true,"href":"https:\/\/kernd.de\/de\/wp-json\/wp\/v2\/media\/9520"}],"wp:attachment":[{"href":"https:\/\/kernd.de\/de\/wp-json\/wp\/v2\/media?parent=9525"}],"curies":[{"name":"wp","href":"https:\/\/api.w.org\/{rel}","templated":true}]}}