{"id":8875,"date":"2025-10-24T07:13:46","date_gmt":"2025-10-24T07:13:46","guid":{"rendered":"https:\/\/kernd.de\/?page_id=8875"},"modified":"2026-04-13T07:34:31","modified_gmt":"2026-04-13T07:34:31","slug":"home-3","status":"publish","type":"page","link":"https:\/\/kernd.de\/de\/","title":{"rendered":"Home"},"content":{"rendered":"\t\t<div data-elementor-type=\"wp-page\" data-elementor-id=\"8875\" class=\"elementor elementor-8875\">\n\t\t\t\t\t\t<section class=\"elementor-section elementor-top-section elementor-element elementor-element-cd62a71 hero-section elementor-section-boxed elementor-section-height-default elementor-section-height-default\" data-id=\"cd62a71\" data-element_type=\"section\" data-e-type=\"section\">\n\t\t\t\t\t\t<div class=\"elementor-container elementor-column-gap-default\">\n\t\t\t\t\t<div class=\"elementor-column elementor-col-100 elementor-top-column elementor-element elementor-element-cc2ee46 hero-column\" data-id=\"cc2ee46\" data-element_type=\"column\" data-e-type=\"column\">\n\t\t\t<div class=\"elementor-widget-wrap elementor-element-populated\">\n\t\t\t\t\t\t<div class=\"elementor-element elementor-element-9f51a0f elementor-widget__width-inherit elementor-arrows-position-inside elementor-widget elementor-widget-image-carousel\" data-id=\"9f51a0f\" data-element_type=\"widget\" data-e-type=\"widget\" data-settings=\"{&quot;slides_to_show&quot;:&quot;1&quot;,&quot;navigation&quot;:&quot;arrows&quot;,&quot;effect&quot;:&quot;fade&quot;,&quot;autoplay&quot;:&quot;yes&quot;,&quot;pause_on_hover&quot;:&quot;yes&quot;,&quot;pause_on_interaction&quot;:&quot;yes&quot;,&quot;autoplay_speed&quot;:5000,&quot;infinite&quot;:&quot;yes&quot;,&quot;speed&quot;:500}\" data-widget_type=\"image-carousel.default\">\n\t\t\t\t<div class=\"elementor-widget-container\">\n\t\t\t\t\t\t\t<div class=\"elementor-image-carousel-wrapper swiper\" role=\"region\" aria-roledescription=\"carousel\" aria-label=\"Bild Karussell\" dir=\"ltr\">\n\t\t\t<div class=\"elementor-image-carousel swiper-wrapper swiper-image-stretch\" aria-live=\"off\">\n\t\t\t\t\t\t\t\t<div class=\"swiper-slide\" role=\"group\" aria-roledescription=\"slide\" aria-label=\"1 von 3\"><figure class=\"swiper-slide-inner\"><img decoding=\"async\" class=\"swiper-slide-image\" src=\"https:\/\/kernd.de\/wp-content\/uploads\/2025\/10\/KernD_Webseite_Start_Titel_Kernf_2500x754.jpg\" alt=\"KernD_Webseite_Start_Titel_Kernf_2500x754\" \/><\/figure><\/div><div class=\"swiper-slide\" role=\"group\" aria-roledescription=\"slide\" aria-label=\"2 von 3\"><figure class=\"swiper-slide-inner\"><img decoding=\"async\" class=\"swiper-slide-image\" src=\"https:\/\/kernd.de\/wp-content\/uploads\/2025\/10\/KernD_Webseite_Start_Titel_CO2_2500x754.jpg\" alt=\"KernD_Webseite_Start_Titel_CO2_2500x754\" \/><\/figure><\/div><div class=\"swiper-slide\" role=\"group\" aria-roledescription=\"slide\" aria-label=\"3 von 3\"><figure class=\"swiper-slide-inner\"><img decoding=\"async\" class=\"swiper-slide-image\" src=\"https:\/\/kernd.de\/wp-content\/uploads\/2025\/10\/KernD_Webseite_Start_Titel_Zukunftstech_2500x754.jpg\" alt=\"KernD_Webseite_Start_Titel_Zukunftstech_2500x754\" \/><\/figure><\/div>\t\t\t<\/div>\n\t\t\t\t\t\t\t\t\t\t\t\t<div class=\"elementor-swiper-button elementor-swiper-button-prev\" role=\"button\" tabindex=\"0\">\n\t\t\t\t\t\t<i aria-hidden=\"true\" class=\"eicon-chevron-left\"><\/i>\t\t\t\t\t<\/div>\n\t\t\t\t\t<div class=\"elementor-swiper-button elementor-swiper-button-next\" role=\"button\" tabindex=\"0\">\n\t\t\t\t\t\t<i aria-hidden=\"true\" class=\"eicon-chevron-right\"><\/i>\t\t\t\t\t<\/div>\n\t\t\t\t\n\t\t\t\t\t\t\t\t\t<\/div>\n\t\t\t\t\t\t<\/div>\n\t\t\t\t<\/div>\n\t\t\t\t<div class=\"elementor-element elementor-element-f2398e3 hero-section-heading hero-section-heading-1 elementor-widget elementor-widget-heading\" data-id=\"f2398e3\" data-element_type=\"widget\" data-e-type=\"widget\" data-widget_type=\"heading.default\">\n\t\t\t\t<div class=\"elementor-widget-container\">\n\t\t\t\t\t<h1 class=\"elementor-heading-title elementor-size-default\">Kernforschung <br> in Deutschland halten.<\/h1>\t\t\t\t<\/div>\n\t\t\t\t<\/div>\n\t\t\t\t<div class=\"elementor-element elementor-element-216b00c elementor-align-center hero-section-button hero-section-button-1 elementor-widget elementor-widget-button\" data-id=\"216b00c\" data-element_type=\"widget\" data-e-type=\"widget\" data-widget_type=\"button.default\">\n\t\t\t\t<div class=\"elementor-widget-container\">\n\t\t\t\t\t\t\t\t\t<div class=\"elementor-button-wrapper\">\n\t\t\t\t\t<a class=\"elementor-button elementor-button-link elementor-size-sm\" href=\"https:\/\/kernd.de\/de\/strom-neustart-fuer-deutschland-mit-kernenergie\/\">\n\t\t\t\t\t\t<span class=\"elementor-button-content-wrapper\">\n\t\t\t\t\t\t\t\t\t<span class=\"elementor-button-text\">MEHR ERFAHREN<\/span>\n\t\t\t\t\t<\/span>\n\t\t\t\t\t<\/a>\n\t\t\t\t<\/div>\n\t\t\t\t\t\t\t\t<\/div>\n\t\t\t\t<\/div>\n\t\t\t\t<div class=\"elementor-element elementor-element-735f5b7 hero-section-heading hero-section-heading-2 elementor-widget elementor-widget-heading\" data-id=\"735f5b7\" data-element_type=\"widget\" data-e-type=\"widget\" data-widget_type=\"heading.default\">\n\t\t\t\t<div class=\"elementor-widget-container\">\n\t\t\t\t\t<h1 class=\"elementor-heading-title elementor-size-default\">Mit Kernenergie<br>  bis zu 65 Mio. Tonnen CO2 sparen!<\/h1>\t\t\t\t<\/div>\n\t\t\t\t<\/div>\n\t\t\t\t<div class=\"elementor-element elementor-element-632141a elementor-align-center hero-section-button hero-section-button-2 elementor-widget elementor-widget-button\" data-id=\"632141a\" data-element_type=\"widget\" data-e-type=\"widget\" data-widget_type=\"button.default\">\n\t\t\t\t<div class=\"elementor-widget-container\">\n\t\t\t\t\t\t\t\t\t<div class=\"elementor-button-wrapper\">\n\t\t\t\t\t<a class=\"elementor-button elementor-button-link elementor-size-sm\" href=\"https:\/\/kernd.de\/de\/mit-dem-kernkraft-neustart-die-klimaziele-2045-erreichen\/\">\n\t\t\t\t\t\t<span class=\"elementor-button-content-wrapper\">\n\t\t\t\t\t\t\t\t\t<span class=\"elementor-button-text\">MEHR ERFAHREN<\/span>\n\t\t\t\t\t<\/span>\n\t\t\t\t\t<\/a>\n\t\t\t\t<\/div>\n\t\t\t\t\t\t\t\t<\/div>\n\t\t\t\t<\/div>\n\t\t\t\t<div class=\"elementor-element elementor-element-1328cc5 hero-section-heading hero-section-heading-3 elementor-widget elementor-widget-heading\" data-id=\"1328cc5\" data-element_type=\"widget\" data-e-type=\"widget\" data-widget_type=\"heading.default\">\n\t\t\t\t<div class=\"elementor-widget-container\">\n\t\t\t\t\t<h1 class=\"elementor-heading-title elementor-size-default\">Neue Zukunftstechnologie<br> f\u00fcr Deutschland.<\/h1>\t\t\t\t<\/div>\n\t\t\t\t<\/div>\n\t\t\t\t<div class=\"elementor-element elementor-element-95e72eb elementor-align-center hero-section-button hero-section-button-3 elementor-widget elementor-widget-button\" data-id=\"95e72eb\" data-element_type=\"widget\" data-e-type=\"widget\" data-widget_type=\"button.default\">\n\t\t\t\t<div class=\"elementor-widget-container\">\n\t\t\t\t\t\t\t\t\t<div class=\"elementor-button-wrapper\">\n\t\t\t\t\t<a class=\"elementor-button elementor-button-link elementor-size-sm\" href=\"https:\/\/kernd.de\/de\/strom-neustart-fuer-deutschland-mit-kernenergie\/\">\n\t\t\t\t\t\t<span class=\"elementor-button-content-wrapper\">\n\t\t\t\t\t\t\t\t\t<span class=\"elementor-button-text\">MEHR ERFAHREN<\/span>\n\t\t\t\t\t<\/span>\n\t\t\t\t\t<\/a>\n\t\t\t\t<\/div>\n\t\t\t\t\t\t\t\t<\/div>\n\t\t\t\t<\/div>\n\t\t\t\t\t<\/div>\n\t\t<\/div>\n\t\t\t\t\t<\/div>\n\t\t<\/section>\n\t\t\t\t<section class=\"elementor-section elementor-top-section elementor-element elementor-element-c6b9689 section-announcement elementor-section-boxed elementor-section-height-default elementor-section-height-default\" data-id=\"c6b9689\" data-element_type=\"section\" data-e-type=\"section\">\n\t\t\t\t\t\t<div class=\"elementor-container elementor-column-gap-default\">\n\t\t\t\t\t<div class=\"elementor-column elementor-col-100 elementor-top-column elementor-element elementor-element-ed4efed\" data-id=\"ed4efed\" data-element_type=\"column\" data-e-type=\"column\">\n\t\t\t<div class=\"elementor-widget-wrap elementor-element-populated\">\n\t\t\t\t\t\t<div class=\"elementor-element elementor-element-3efe5cf elementor-widget elementor-widget-heading\" data-id=\"3efe5cf\" data-element_type=\"widget\" data-e-type=\"widget\" data-widget_type=\"heading.default\">\n\t\t\t\t<div class=\"elementor-widget-container\">\n\t\t\t\t\t<h2 class=\"elementor-heading-title elementor-size-default\">News<\/h2>\t\t\t\t<\/div>\n\t\t\t\t<\/div>\n\t\t\t\t\t<\/div>\n\t\t<\/div>\n\t\t\t\t\t<\/div>\n\t\t<\/section>\n\t\t\t\t<section class=\"elementor-section elementor-top-section elementor-element elementor-element-b607d7c news-section elementor-section-boxed elementor-section-height-default elementor-section-height-default\" data-id=\"b607d7c\" data-element_type=\"section\" data-e-type=\"section\">\n\t\t\t\t\t\t<div class=\"elementor-container elementor-column-gap-default\">\n\t\t\t\t\t<div class=\"elementor-column elementor-col-25 elementor-top-column elementor-element elementor-element-4aba03d news-column\" data-id=\"4aba03d\" data-element_type=\"column\" data-e-type=\"column\">\n\t\t\t<div class=\"elementor-widget-wrap elementor-element-populated\">\n\t\t\t\t\t\t<div class=\"elementor-element elementor-element-e58ee33 elementor-widget elementor-widget-image\" data-id=\"e58ee33\" data-element_type=\"widget\" data-e-type=\"widget\" data-widget_type=\"image.default\">\n\t\t\t\t<div class=\"elementor-widget-container\">\n\t\t\t\t\t\t\t\t\t\t\t\t\t\t\t<img fetchpriority=\"high\" decoding=\"async\" width=\"750\" height=\"278\" src=\"https:\/\/kernd.de\/wp-content\/uploads\/2026\/04\/Sonderausgabe.png\" class=\"attachment-large size-large wp-image-9675\" alt=\"\" srcset=\"https:\/\/kernd.de\/wp-content\/uploads\/2026\/04\/Sonderausgabe.png 851w, https:\/\/kernd.de\/wp-content\/uploads\/2026\/04\/Sonderausgabe-300x111.png 300w, https:\/\/kernd.de\/wp-content\/uploads\/2026\/04\/Sonderausgabe-768x284.png 768w, https:\/\/kernd.de\/wp-content\/uploads\/2026\/04\/Sonderausgabe-18x7.png 18w, https:\/\/kernd.de\/wp-content\/uploads\/2026\/04\/Sonderausgabe-230x85.png 230w, https:\/\/kernd.de\/wp-content\/uploads\/2026\/04\/Sonderausgabe-600x222.png 600w\" sizes=\"(max-width: 750px) 100vw, 750px\" \/>\t\t\t\t\t\t\t\t\t\t\t\t\t\t\t<\/div>\n\t\t\t\t<\/div>\n\t\t\t\t<div class=\"elementor-element elementor-element-1ac2a2b elementor-widget elementor-widget-text-editor\" data-id=\"1ac2a2b\" data-element_type=\"widget\" data-e-type=\"widget\" data-widget_type=\"text-editor.default\">\n\t\t\t\t<div class=\"elementor-widget-container\">\n\t\t\t\t\t\t\t\t\t<p><span>ATW SONDERAUSGABE<\/span><\/p><h3>Dekarbonisierung der W\u00e4rme: Warum Kernenergie Teil der L\u00f6sung ist<\/h3><p>Die Transformation der Fern- und Prozessw\u00e4rme z\u00e4hlt zu den gr\u00f6\u00dften Herausforderungen der Energiewende. W\u00e4hrend erneuerbare Technologien wichtige Beitr\u00e4ge leisten, sto\u00dfen sie insbesondere bei hohen Temperaturen, kontinuierlichem Bedarf und saisonalen Schwankungen an ihre Grenzen. Die Sonderausgabe der <em data-start=\"410\" data-end=\"415\" data-is-only-node=\"\">atw<\/em> zeigt, wie innovative nukleare Konzepte diese L\u00fccken schlie\u00dfen k\u00f6nnen \u2013 technisch, wirtschaftlich und rechtlich.<\/p><p><a href=\"https:\/\/kernd.de\/de\/dekarbonisierung-der-waerme-warum-kernenergie-teil-der-loesung-ist\/\">Mehr lesen<\/a><\/p>\t\t\t\t\t\t\t\t<\/div>\n\t\t\t\t<\/div>\n\t\t\t\t\t<\/div>\n\t\t<\/div>\n\t\t\t\t<div class=\"elementor-column elementor-col-25 elementor-top-column elementor-element elementor-element-83787c8 news-column\" data-id=\"83787c8\" data-element_type=\"column\" data-e-type=\"column\">\n\t\t\t<div class=\"elementor-widget-wrap elementor-element-populated\">\n\t\t\t\t\t\t<div class=\"elementor-element elementor-element-d8e8dd2 elementor-widget elementor-widget-image\" data-id=\"d8e8dd2\" data-element_type=\"widget\" data-e-type=\"widget\" data-widget_type=\"image.default\">\n\t\t\t\t<div class=\"elementor-widget-container\">\n\t\t\t\t\t\t\t\t\t\t\t\t\t\t\t<img decoding=\"async\" width=\"750\" height=\"422\" src=\"https:\/\/kernd.de\/wp-content\/uploads\/2026\/03\/Nicole_BV_Homepage-1024x576.png\" class=\"attachment-large size-large wp-image-9622\" alt=\"\" srcset=\"https:\/\/kernd.de\/wp-content\/uploads\/2026\/03\/Nicole_BV_Homepage-1024x576.png 1024w, https:\/\/kernd.de\/wp-content\/uploads\/2026\/03\/Nicole_BV_Homepage-300x169.png 300w, https:\/\/kernd.de\/wp-content\/uploads\/2026\/03\/Nicole_BV_Homepage-768x432.png 768w, https:\/\/kernd.de\/wp-content\/uploads\/2026\/03\/Nicole_BV_Homepage-18x10.png 18w, https:\/\/kernd.de\/wp-content\/uploads\/2026\/03\/Nicole_BV_Homepage-230x129.png 230w, https:\/\/kernd.de\/wp-content\/uploads\/2026\/03\/Nicole_BV_Homepage-600x337.png 600w, https:\/\/kernd.de\/wp-content\/uploads\/2026\/03\/Nicole_BV_Homepage.png 1366w\" sizes=\"(max-width: 750px) 100vw, 750px\" \/>\t\t\t\t\t\t\t\t\t\t\t\t\t\t\t<\/div>\n\t\t\t\t<\/div>\n\t\t\t\t<div class=\"elementor-element elementor-element-ec56714 elementor-widget elementor-widget-text-editor\" data-id=\"ec56714\" data-element_type=\"widget\" data-e-type=\"widget\" data-widget_type=\"text-editor.default\">\n\t\t\t\t<div class=\"elementor-widget-container\">\n\t\t\t\t\t\t\t\t\t<p>GASTBEITRAG IN DER BERLINER ZEITUNG<\/p><h3>Deutschlands Atomausstieg ist kein Naturgesetz<\/h3><p>Am 21. M\u00e4rz 2026 ist ein Gastbeitrag unserer Gesch\u00e4ftsf\u00fchrerin Nicole Koch in der Berliner Zeitung erschienen. Darin pl\u00e4diert sie vor dem Hintergrund aktueller Entwicklungen in Europa f\u00fcr eine sachliche und offene Neubewertung der Kernenergie in Deutschland.<\/p><p><a href=\"https:\/\/kernd.de\/de\/deutschlands-atomausstieg-ist-kein-naturgesetz\/\">Mehr lesen<\/a><\/p>\t\t\t\t\t\t\t\t<\/div>\n\t\t\t\t<\/div>\n\t\t\t\t\t<\/div>\n\t\t<\/div>\n\t\t\t\t<div class=\"elementor-column elementor-col-25 elementor-top-column elementor-element elementor-element-b8ca84d news-column\" data-id=\"b8ca84d\" data-element_type=\"column\" data-e-type=\"column\">\n\t\t\t<div class=\"elementor-widget-wrap elementor-element-populated\">\n\t\t\t\t\t\t<div class=\"elementor-element elementor-element-014363f elementor-widget elementor-widget-image\" data-id=\"014363f\" data-element_type=\"widget\" data-e-type=\"widget\" data-widget_type=\"image.default\">\n\t\t\t\t<div class=\"elementor-widget-container\">\n\t\t\t\t\t\t\t\t\t\t\t\t\t\t\t<img decoding=\"async\" width=\"750\" height=\"423\" src=\"https:\/\/kernd.de\/wp-content\/uploads\/2026\/03\/WNE1-1024x577.jpg\" class=\"attachment-large size-large wp-image-9608\" alt=\"Deutscher Pavillion auf der WNE 2025\" srcset=\"https:\/\/kernd.de\/wp-content\/uploads\/2026\/03\/WNE1-1024x577.jpg 1024w, https:\/\/kernd.de\/wp-content\/uploads\/2026\/03\/WNE1-300x169.jpg 300w, https:\/\/kernd.de\/wp-content\/uploads\/2026\/03\/WNE1-768x433.jpg 768w, https:\/\/kernd.de\/wp-content\/uploads\/2026\/03\/WNE1-1536x866.jpg 1536w, https:\/\/kernd.de\/wp-content\/uploads\/2026\/03\/WNE1-18x10.jpg 18w, https:\/\/kernd.de\/wp-content\/uploads\/2026\/03\/WNE1-230x130.jpg 230w, https:\/\/kernd.de\/wp-content\/uploads\/2026\/03\/WNE1-600x338.jpg 600w, https:\/\/kernd.de\/wp-content\/uploads\/2026\/03\/WNE1.jpg 1600w\" sizes=\"(max-width: 750px) 100vw, 750px\" \/>\t\t\t\t\t\t\t\t\t\t\t\t\t\t\t<\/div>\n\t\t\t\t<\/div>\n\t\t\t\t<div class=\"elementor-element elementor-element-9ddf704 elementor-widget elementor-widget-text-editor\" data-id=\"9ddf704\" data-element_type=\"widget\" data-e-type=\"widget\" data-widget_type=\"text-editor.default\">\n\t\t\t\t<div class=\"elementor-widget-container\">\n\t\t\t\t\t\t\t\t\t<p>WNE 2027<\/p><h3>Deutscher Gemeinschaftsstand unter KernD-Flagge geplant<\/h3><p>Aufbauend auf den Erfolg des German Pavilion auf der WNE 2025 organisiert KernD f\u00fcr die WNE 2027 in Paris vom 7. bis 9. Dezember erneut einen gemeinsamen deutschen Messeauftritt, das \u201eDeutsche Dorf\u201c.<\/p><p><a href=\"https:\/\/kernd.de\/de\/wne-2027-deutscher-gemeinschaftsstand-unter-kernd-flagge-geplant\/\">Mehr lesen<\/a><\/p>\t\t\t\t\t\t\t\t<\/div>\n\t\t\t\t<\/div>\n\t\t\t\t\t<\/div>\n\t\t<\/div>\n\t\t\t\t<div class=\"elementor-column elementor-col-25 elementor-top-column elementor-element elementor-element-514a3bb news-column\" data-id=\"514a3bb\" data-element_type=\"column\" data-e-type=\"column\">\n\t\t\t<div class=\"elementor-widget-wrap elementor-element-populated\">\n\t\t\t\t\t\t<div class=\"elementor-element elementor-element-dd85d00 elementor-widget elementor-widget-image\" data-id=\"dd85d00\" data-element_type=\"widget\" data-e-type=\"widget\" data-widget_type=\"image.default\">\n\t\t\t\t<div class=\"elementor-widget-container\">\n\t\t\t\t\t\t\t\t\t\t\t\t\t\t\t<img loading=\"lazy\" decoding=\"async\" width=\"750\" height=\"750\" src=\"https:\/\/kernd.de\/wp-content\/uploads\/2026\/02\/KernD-joins-nucleareurope-1024x1024.png\" class=\"attachment-large size-large wp-image-9570\" alt=\"\" srcset=\"https:\/\/kernd.de\/wp-content\/uploads\/2026\/02\/KernD-joins-nucleareurope-1024x1024.png 1024w, https:\/\/kernd.de\/wp-content\/uploads\/2026\/02\/KernD-joins-nucleareurope-300x300.png 300w, https:\/\/kernd.de\/wp-content\/uploads\/2026\/02\/KernD-joins-nucleareurope-150x150.png 150w, https:\/\/kernd.de\/wp-content\/uploads\/2026\/02\/KernD-joins-nucleareurope-768x768.png 768w, https:\/\/kernd.de\/wp-content\/uploads\/2026\/02\/KernD-joins-nucleareurope-12x12.png 12w, https:\/\/kernd.de\/wp-content\/uploads\/2026\/02\/KernD-joins-nucleareurope-230x230.png 230w, https:\/\/kernd.de\/wp-content\/uploads\/2026\/02\/KernD-joins-nucleareurope-600x600.png 600w, https:\/\/kernd.de\/wp-content\/uploads\/2026\/02\/KernD-joins-nucleareurope-160x160.png 160w, https:\/\/kernd.de\/wp-content\/uploads\/2026\/02\/KernD-joins-nucleareurope.png 1200w\" sizes=\"(max-width: 750px) 100vw, 750px\" \/>\t\t\t\t\t\t\t\t\t\t\t\t\t\t\t<\/div>\n\t\t\t\t<\/div>\n\t\t\t\t<div class=\"elementor-element elementor-element-8745c01 elementor-widget elementor-widget-text-editor\" data-id=\"8745c01\" data-element_type=\"widget\" data-e-type=\"widget\" data-widget_type=\"text-editor.default\">\n\t\t\t\t<div class=\"elementor-widget-container\">\n\t\t\t\t\t\t\t\t\t<p>BACK ON THE <br \/>EUROPEAN STAGE<\/p><h3>KernD Mitglied bei nucleareurope<\/h3><p>Kerntechnik Deutschland e. V. (KernD), der Verband der deutschen Kerntechnik in Industrie und Forschung, ist dem europ\u00e4ischen Kernenergieverband nucleareurope beigetreten. Mit dem Beitritt st\u00e4rkt KernD die europ\u00e4ische Vernetzung seiner Mitglieder und positioniert die deutsche kerntechnische Wirtschaft und Forschung st\u00e4rker im europ\u00e4ischen Umfeld.<\/p><p><a href=\"https:\/\/kernd.de\/de\/kernd-mitglied-bei-nucleareurope\/\">Mehr lesen<\/a><\/p>\t\t\t\t\t\t\t\t<\/div>\n\t\t\t\t<\/div>\n\t\t\t\t\t<\/div>\n\t\t<\/div>\n\t\t\t\t\t<\/div>\n\t\t<\/section>\n\t\t\t\t<section class=\"elementor-section elementor-top-section elementor-element elementor-element-19e3bfd section-announcement elementor-section-boxed elementor-section-height-default elementor-section-height-default\" data-id=\"19e3bfd\" data-element_type=\"section\" data-e-type=\"section\">\n\t\t\t\t\t\t<div class=\"elementor-container elementor-column-gap-default\">\n\t\t\t\t\t<div class=\"elementor-column elementor-col-100 elementor-top-column elementor-element elementor-element-81111af\" data-id=\"81111af\" data-element_type=\"column\" data-e-type=\"column\">\n\t\t\t<div class=\"elementor-widget-wrap elementor-element-populated\">\n\t\t\t\t\t\t<div class=\"elementor-element elementor-element-98920c0 elementor-widget elementor-widget-heading\" data-id=\"98920c0\" data-element_type=\"widget\" data-e-type=\"widget\" data-widget_type=\"heading.default\">\n\t\t\t\t<div class=\"elementor-widget-container\">\n\t\t\t\t\t<h2 class=\"elementor-heading-title elementor-size-default\">Social Media<\/h2>\t\t\t\t<\/div>\n\t\t\t\t<\/div>\n\t\t\t\t\t<\/div>\n\t\t<\/div>\n\t\t\t\t\t<\/div>\n\t\t<\/section>\n\t\t\t\t<section class=\"elementor-section elementor-top-section elementor-element elementor-element-6339640 section-feed elementor-section-boxed elementor-section-height-default elementor-section-height-default\" data-id=\"6339640\" data-element_type=\"section\" data-e-type=\"section\">\n\t\t\t\t\t\t<div class=\"elementor-container elementor-column-gap-default\">\n\t\t\t\t\t<div class=\"elementor-column elementor-col-100 elementor-top-column elementor-element elementor-element-d906b82\" data-id=\"d906b82\" data-element_type=\"column\" data-e-type=\"column\">\n\t\t\t<div class=\"elementor-widget-wrap elementor-element-populated\">\n\t\t\t\t\t\t<div class=\"elementor-element elementor-element-52c42bf elementor-widget elementor-widget-html\" data-id=\"52c42bf\" data-element_type=\"widget\" data-e-type=\"widget\" data-widget_type=\"html.default\">\n\t\t\t\t<div class=\"elementor-widget-container\">\n\t\t\t\t\t<!-- Elfsight LinkedIn Feed | Untitled LinkedIn Feed -->\r\n<script src=\"https:\/\/elfsightcdn.com\/platform.js\" async><\/script>\r\n<div class=\"elfsight-app-6900d91e-d8e2-40dc-9be5-a0c2d70a69e5\" data-elfsight-app-lazy><\/div>\t\t\t\t<\/div>\n\t\t\t\t<\/div>\n\t\t\t\t\t<\/div>\n\t\t<\/div>\n\t\t\t\t\t<\/div>\n\t\t<\/section>\n\t\t\t\t<section class=\"elementor-section elementor-top-section elementor-element elementor-element-cd9f085 section-feed elementor-section-boxed elementor-section-height-default elementor-section-height-default\" data-id=\"cd9f085\" data-element_type=\"section\" data-e-type=\"section\">\n\t\t\t\t\t\t<div class=\"elementor-container elementor-column-gap-default\">\n\t\t\t\t\t<div class=\"elementor-column elementor-col-100 elementor-top-column elementor-element elementor-element-6634e33\" data-id=\"6634e33\" data-element_type=\"column\" data-e-type=\"column\">\n\t\t\t<div class=\"elementor-widget-wrap elementor-element-populated\">\n\t\t\t\t\t\t<div class=\"elementor-element elementor-element-f303c0b elementor-widget elementor-widget-html\" data-id=\"f303c0b\" data-element_type=\"widget\" data-e-type=\"widget\" data-widget_type=\"html.default\">\n\t\t\t\t<div class=\"elementor-widget-container\">\n\t\t\t\t\t<!-- Elfsight Social Feed | Untitled Social Feed -->\r\n<script src=\"https:\/\/elfsightcdn.com\/platform.js\" async><\/script>\r\n<div class=\"elfsight-app-bf6a8d19-44c6-43af-9f9f-b21bb6068576\" data-elfsight-app-lazy><\/div>\t\t\t\t<\/div>\n\t\t\t\t<\/div>\n\t\t\t\t\t<\/div>\n\t\t<\/div>\n\t\t\t\t\t<\/div>\n\t\t<\/section>\n\t\t\t\t<\/div>\n\t\t","protected":false},"excerpt":{"rendered":"<p>Kernforschung in Deutschland halten. MEHR ERFAHREN Mit Kernenergie bis zu 65 Mio. Tonnen CO2 sparen! MEHR ERFAHREN Neue Zukunftstechnologie f\u00fcr Deutschland. MEHR ERFAHREN News ATW SONDERAUSGABE Dekarbonisierung der W\u00e4rme: Warum Kernenergie Teil der L\u00f6sung ist Die Transformation der Fern- und Prozessw\u00e4rme z\u00e4hlt zu den gr\u00f6\u00dften Herausforderungen der Energiewende. W\u00e4hrend erneuerbare [&hellip;]<\/p>\n","protected":false},"author":16,"featured_media":7420,"parent":0,"menu_order":-1,"comment_status":"closed","ping_status":"closed","template":"page-templates\/template-pagebuilder-full-width.php","meta":{"footnotes":""},"class_list":["post-8875","page","type-page","status-publish","has-post-thumbnail","hentry"],"aioseo_notices":[],"_links":{"self":[{"href":"https:\/\/kernd.de\/de\/wp-json\/wp\/v2\/pages\/8875","targetHints":{"allow":["GET"]}}],"collection":[{"href":"https:\/\/kernd.de\/de\/wp-json\/wp\/v2\/pages"}],"about":[{"href":"https:\/\/kernd.de\/de\/wp-json\/wp\/v2\/types\/page"}],"author":[{"embeddable":true,"href":"https:\/\/kernd.de\/de\/wp-json\/wp\/v2\/users\/16"}],"replies":[{"embeddable":true,"href":"https:\/\/kernd.de\/de\/wp-json\/wp\/v2\/comments?post=8875"}],"version-history":[{"count":345,"href":"https:\/\/kernd.de\/de\/wp-json\/wp\/v2\/pages\/8875\/revisions"}],"predecessor-version":[{"id":9683,"href":"https:\/\/kernd.de\/de\/wp-json\/wp\/v2\/pages\/8875\/revisions\/9683"}],"wp:featuredmedia":[{"embeddable":true,"href":"https:\/\/kernd.de\/de\/wp-json\/wp\/v2\/media\/7420"}],"wp:attachment":[{"href":"https:\/\/kernd.de\/de\/wp-json\/wp\/v2\/media?parent=8875"}],"curies":[{"name":"wp","href":"https:\/\/api.w.org\/{rel}","templated":true}]}}