{"id":6609,"date":"2024-10-30T07:42:52","date_gmt":"2024-10-30T07:42:52","guid":{"rendered":"https:\/\/kernd.de\/?page_id=6609"},"modified":"2024-11-05T08:48:05","modified_gmt":"2024-11-05T08:48:05","slug":"antrag-schnuppermitgliedschaft","status":"publish","type":"page","link":"https:\/\/kernd.de\/de\/schnuppermitgliedschaft\/antrag-schnuppermitgliedschaft\/","title":{"rendered":"Schnuppermitgliedschaft"},"content":{"rendered":"\t\t<div data-elementor-type=\"wp-page\" data-elementor-id=\"6609\" class=\"elementor elementor-6609\">\n\t\t\t\t\t\t<section class=\"elementor-section elementor-top-section elementor-element elementor-element-6ef8a28 elementor-section-boxed elementor-section-height-default elementor-section-height-default\" data-id=\"6ef8a28\" data-element_type=\"section\" data-e-type=\"section\">\n\t\t\t\t\t\t<div class=\"elementor-container elementor-column-gap-default\">\n\t\t\t\t\t<div class=\"elementor-column elementor-col-100 elementor-top-column elementor-element elementor-element-8095173\" data-id=\"8095173\" data-element_type=\"column\" data-e-type=\"column\">\n\t\t\t<div class=\"elementor-widget-wrap elementor-element-populated\">\n\t\t\t\t\t\t<div class=\"elementor-element elementor-element-713adf7 elementor-widget elementor-widget-spacer\" data-id=\"713adf7\" data-element_type=\"widget\" data-e-type=\"widget\" data-widget_type=\"spacer.default\">\n\t\t\t\t<div class=\"elementor-widget-container\">\n\t\t\t\t\t\t\t<div class=\"elementor-spacer\">\n\t\t\t<div class=\"elementor-spacer-inner\"><\/div>\n\t\t<\/div>\n\t\t\t\t\t\t<\/div>\n\t\t\t\t<\/div>\n\t\t\t\t\t<\/div>\n\t\t<\/div>\n\t\t\t\t\t<\/div>\n\t\t<\/section>\n\t\t\t\t<section class=\"elementor-section elementor-top-section elementor-element elementor-element-049a56c elementor-section-boxed elementor-section-height-default elementor-section-height-default\" data-id=\"049a56c\" data-element_type=\"section\" data-e-type=\"section\">\n\t\t\t\t\t\t<div class=\"elementor-container elementor-column-gap-default\">\n\t\t\t\t\t<div class=\"elementor-column elementor-col-100 elementor-top-column elementor-element elementor-element-52f1933\" data-id=\"52f1933\" data-element_type=\"column\" data-e-type=\"column\">\n\t\t\t<div class=\"elementor-widget-wrap elementor-element-populated\">\n\t\t\t\t\t\t<div class=\"elementor-element elementor-element-7c8e05f elementor-widget elementor-widget-spacer\" data-id=\"7c8e05f\" data-element_type=\"widget\" data-e-type=\"widget\" data-widget_type=\"spacer.default\">\n\t\t\t\t<div class=\"elementor-widget-container\">\n\t\t\t\t\t\t\t<div class=\"elementor-spacer\">\n\t\t\t<div class=\"elementor-spacer-inner\"><\/div>\n\t\t<\/div>\n\t\t\t\t\t\t<\/div>\n\t\t\t\t<\/div>\n\t\t\t\t\t<\/div>\n\t\t<\/div>\n\t\t\t\t\t<\/div>\n\t\t<\/section>\n\t\t\t\t<section class=\"elementor-section elementor-top-section elementor-element elementor-element-716b633 elementor-section-boxed elementor-section-height-default elementor-section-height-default\" data-id=\"716b633\" data-element_type=\"section\" data-e-type=\"section\">\n\t\t\t\t\t\t<div class=\"elementor-container elementor-column-gap-default\">\n\t\t\t\t\t<div class=\"elementor-column elementor-col-100 elementor-top-column elementor-element elementor-element-e08bbe1\" data-id=\"e08bbe1\" data-element_type=\"column\" data-e-type=\"column\">\n\t\t\t<div class=\"elementor-widget-wrap elementor-element-populated\">\n\t\t\t\t\t\t<div class=\"elementor-element elementor-element-16155d1 elementor-widget elementor-widget-heading\" data-id=\"16155d1\" data-element_type=\"widget\" data-e-type=\"widget\" data-widget_type=\"heading.default\">\n\t\t\t\t<div class=\"elementor-widget-container\">\n\t\t\t\t\t<h2 class=\"elementor-heading-title elementor-size-default\">Ich m\u00f6chte mehr erfahren, bitte kontaktieren Sie mich<\/h2>\t\t\t\t<\/div>\n\t\t\t\t<\/div>\n\t\t\t\t\t<\/div>\n\t\t<\/div>\n\t\t\t\t\t<\/div>\n\t\t<\/section>\n\t\t\t\t<section class=\"elementor-section elementor-top-section elementor-element elementor-element-221ec61 elementor-section-boxed elementor-section-height-default elementor-section-height-default\" data-id=\"221ec61\" data-element_type=\"section\" data-e-type=\"section\">\n\t\t\t\t\t\t<div class=\"elementor-container elementor-column-gap-default\">\n\t\t\t\t\t<div class=\"elementor-column elementor-col-100 elementor-top-column elementor-element elementor-element-110adea\" data-id=\"110adea\" data-element_type=\"column\" data-e-type=\"column\">\n\t\t\t<div class=\"elementor-widget-wrap elementor-element-populated\">\n\t\t\t\t\t\t<div class=\"elementor-element elementor-element-37012ac elementor-widget elementor-widget-wpforms\" data-id=\"37012ac\" data-element_type=\"widget\" data-e-type=\"widget\" data-widget_type=\"wpforms.default\">\n\t\t\t\t<div class=\"elementor-widget-container\">\n\t\t\t\t\t<div class=\"wpforms-container wpforms-container-full wpforms-render-modern\" id=\"wpforms-6396\"><form id=\"wpforms-form-6396\" class=\"wpforms-validate wpforms-form\" data-formid=\"6396\" method=\"post\" enctype=\"multipart\/form-data\" action=\"\/de\/wp-json\/wp\/v2\/pages\/6609\" data-token=\"2f09d863e84b5acb09c293f0bbadb872\" data-token-time=\"1775403758\"><noscript class=\"wpforms-error-noscript\">Bitte aktivieren Sie JavaScript in Ihrem Browser, um dieses Formular fertigzustellen.<\/noscript><div id=\"wpforms-error-noscript\" style=\"display: none;\">Bitte aktivieren Sie JavaScript in Ihrem Browser, um dieses Formular fertigzustellen.<\/div><div class=\"wpforms-field-container\"><div id=\"wpforms-6396-field_12-container\" class=\"wpforms-field wpforms-field-text\" data-field-id=\"12\"><label class=\"wpforms-field-label\" for=\"wpforms-6396-field_12\">Firma \/ Institution<\/label><input type=\"text\" id=\"wpforms-6396-field_12\" class=\"wpforms-field-large\" name=\"wpforms[fields][12]\" aria-errormessage=\"wpforms-6396-field_12-error\" ><\/div><div id=\"wpforms-6396-field_8-container\" class=\"wpforms-field wpforms-field-name\" data-field-id=\"8\"><fieldset><legend class=\"wpforms-field-label\">Name <span class=\"wpforms-required-label\" aria-hidden=\"true\">*<\/span><\/legend><div class=\"wpforms-field-row wpforms-field-large\"><div class=\"wpforms-field-row-block wpforms-first wpforms-one-half\"><input type=\"text\" id=\"wpforms-6396-field_8\" class=\"wpforms-field-name-first wpforms-field-required\" name=\"wpforms[fields][8][first]\" aria-errormessage=\"wpforms-6396-field_8-error\" required><label for=\"wpforms-6396-field_8\" class=\"wpforms-field-sublabel after\">Vorname<\/label><\/div><div class=\"wpforms-field-row-block wpforms-one-half\"><input type=\"text\" id=\"wpforms-6396-field_8-last\" class=\"wpforms-field-name-last wpforms-field-required\" name=\"wpforms[fields][8][last]\" aria-errormessage=\"wpforms-6396-field_8-last-error\" required><label for=\"wpforms-6396-field_8-last\" class=\"wpforms-field-sublabel after\">Nachname<\/label><\/div><\/div><\/fieldset><\/div><div id=\"wpforms-6396-field_3-container\" class=\"wpforms-field wpforms-field-email\" data-field-id=\"3\"><label class=\"wpforms-field-label\" for=\"wpforms-6396-field_3\">E-Mail Adresse <span class=\"wpforms-required-label\" aria-hidden=\"true\">*<\/span><\/label><input type=\"email\" id=\"wpforms-6396-field_3\" class=\"wpforms-field-large wpforms-field-required\" name=\"wpforms[fields][3]\" placeholder=\"Ihre Email Adresse\" spellcheck=\"false\" aria-errormessage=\"wpforms-6396-field_3-error\" required><\/div><div id=\"wpforms-6396-field_18-container\" class=\"wpforms-field wpforms-field-text\" data-field-id=\"18\"><label class=\"wpforms-field-label\" for=\"wpforms-6396-field_18\">Telefonnummer <span class=\"wpforms-required-label\" aria-hidden=\"true\">*<\/span><\/label><input type=\"text\" id=\"wpforms-6396-field_18\" class=\"wpforms-field-large wpforms-field-required\" name=\"wpforms[fields][18]\" aria-errormessage=\"wpforms-6396-field_18-error\" required><\/div><div id=\"wpforms-6396-field_36-container\" class=\"wpforms-field wpforms-field-radio\" data-field-id=\"36\"><fieldset><legend class=\"wpforms-field-label\">DSGVO <span class=\"wpforms-required-label\" aria-hidden=\"true\">*<\/span><\/legend><ul id=\"wpforms-6396-field_36\" class=\"wpforms-field-required\"><li class=\"choice-5 depth-1\"><input type=\"radio\" id=\"wpforms-6396-field_36_5\" name=\"wpforms[fields][36]\" value=\"Ich erkl\u00e4re mich damit einverstanden, dass meine hier angegebenen Daten ausschlie\u00dflich zur Kommunikation und zur Bereitstellung branchennaher Informationen verwendet wird. Gem\u00e4\u00df \u00a715 DSGVO und \u00a717 DSGVO kann ich bei  Bedarf jederzeit von meinem Auskunftsrecht und von meinem Recht auf Datenl\u00f6schung Gebrauch machen.\" aria-errormessage=\"wpforms-6396-field_36_5-error\" required ><label class=\"wpforms-field-label-inline\" for=\"wpforms-6396-field_36_5\">Ich erkl\u00e4re mich damit einverstanden, dass meine hier angegebenen Daten ausschlie\u00dflich zur Kommunikation und zur Bereitstellung branchennaher Informationen verwendet wird. Gem\u00e4\u00df \u00a715 DSGVO und \u00a717 DSGVO kann ich bei  Bedarf jederzeit von meinem Auskunftsrecht und von meinem Recht auf Datenl\u00f6schung Gebrauch machen.<\/label><\/li><\/ul><\/fieldset><\/div><\/div><!-- .wpforms-field-container --><div class=\"wpforms-recaptcha-container wpforms-is-recaptcha wpforms-is-recaptcha-type-v2\" ><div class=\"g-recaptcha\" data-sitekey=\"6LcqhcInAAAAADj4T-ghTnFgxN5h0Pi2mJlV80Ao\"><\/div><input type=\"text\" name=\"g-recaptcha-hidden\" class=\"wpforms-recaptcha-hidden\" style=\"position:absolute!important;clip:rect(0,0,0,0)!important;height:1px!important;width:1px!important;border:0!important;overflow:hidden!important;padding:0!important;margin:0!important;\" data-rule-recaptcha=\"1\"><\/div><div class=\"wpforms-submit-container\" ><input type=\"hidden\" name=\"wpforms[id]\" value=\"6396\"><input type=\"hidden\" name=\"page_title\" value=\"\"><input type=\"hidden\" name=\"page_url\" value=\"https:\/\/kernd.de\/de\/wp-json\/wp\/v2\/pages\/6609\"><input type=\"hidden\" name=\"url_referer\" value=\"\"><button type=\"submit\" name=\"wpforms[submit]\" id=\"wpforms-submit-6396\" class=\"wpforms-submit\" data-alt-text=\"Sending...\" data-submit-text=\"Antrag absenden\" aria-live=\"assertive\" value=\"wpforms-submit\">Antrag absenden<\/button><\/div><\/form><\/div>  <!-- .wpforms-container -->\t\t\t\t<\/div>\n\t\t\t\t<\/div>\n\t\t\t\t\t<\/div>\n\t\t<\/div>\n\t\t\t\t\t<\/div>\n\t\t<\/section>\n\t\t\t\t<section class=\"elementor-section elementor-top-section elementor-element elementor-element-1fef71f elementor-section-boxed elementor-section-height-default elementor-section-height-default\" data-id=\"1fef71f\" data-element_type=\"section\" data-e-type=\"section\">\n\t\t\t\t\t\t<div class=\"elementor-container elementor-column-gap-default\">\n\t\t\t\t\t<div class=\"elementor-column elementor-col-100 elementor-top-column elementor-element elementor-element-4c1548d\" data-id=\"4c1548d\" data-element_type=\"column\" data-e-type=\"column\">\n\t\t\t<div class=\"elementor-widget-wrap elementor-element-populated\">\n\t\t\t\t\t\t<div class=\"elementor-element elementor-element-bf21e72 elementor-widget elementor-widget-spacer\" data-id=\"bf21e72\" data-element_type=\"widget\" data-e-type=\"widget\" data-widget_type=\"spacer.default\">\n\t\t\t\t<div class=\"elementor-widget-container\">\n\t\t\t\t\t\t\t<div class=\"elementor-spacer\">\n\t\t\t<div class=\"elementor-spacer-inner\"><\/div>\n\t\t<\/div>\n\t\t\t\t\t\t<\/div>\n\t\t\t\t<\/div>\n\t\t\t\t\t<\/div>\n\t\t<\/div>\n\t\t\t\t\t<\/div>\n\t\t<\/section>\n\t\t\t\t<section class=\"elementor-section elementor-top-section elementor-element elementor-element-b37ed90 elementor-section-boxed elementor-section-height-default elementor-section-height-default\" data-id=\"b37ed90\" data-element_type=\"section\" data-e-type=\"section\">\n\t\t\t\t\t\t<div class=\"elementor-container elementor-column-gap-default\">\n\t\t\t\t\t<div class=\"elementor-column elementor-col-100 elementor-top-column elementor-element elementor-element-2e9e501\" data-id=\"2e9e501\" data-element_type=\"column\" data-e-type=\"column\">\n\t\t\t<div class=\"elementor-widget-wrap elementor-element-populated\">\n\t\t\t\t\t\t<div class=\"elementor-element elementor-element-30c798a elementor-arrows-position-inside elementor-pagination-position-outside elementor-widget elementor-widget-image-carousel\" data-id=\"30c798a\" data-element_type=\"widget\" data-e-type=\"widget\" data-settings=\"{&quot;slides_to_show&quot;:&quot;4&quot;,&quot;navigation&quot;:&quot;both&quot;,&quot;autoplay&quot;:&quot;yes&quot;,&quot;pause_on_hover&quot;:&quot;yes&quot;,&quot;pause_on_interaction&quot;:&quot;yes&quot;,&quot;autoplay_speed&quot;:5000,&quot;infinite&quot;:&quot;yes&quot;,&quot;speed&quot;:500}\" data-widget_type=\"image-carousel.default\">\n\t\t\t\t<div class=\"elementor-widget-container\">\n\t\t\t\t\t\t\t<div class=\"elementor-image-carousel-wrapper swiper\" role=\"region\" aria-roledescription=\"carousel\" aria-label=\"Bilderkarussell\" dir=\"ltr\">\n\t\t\t<div class=\"elementor-image-carousel swiper-wrapper\" aria-live=\"off\">\n\t\t\t\t\t\t\t\t<div class=\"swiper-slide\" role=\"group\" aria-roledescription=\"slide\" aria-label=\"1 von 4\"><figure class=\"swiper-slide-inner\"><img decoding=\"async\" class=\"swiper-slide-image\" src=\"https:\/\/kernd.de\/wp-content\/uploads\/2022\/03\/Inforum.png\" alt=\"Inforum\" \/><\/figure><\/div><div class=\"swiper-slide\" role=\"group\" aria-roledescription=\"slide\" aria-label=\"2 von 4\"><figure class=\"swiper-slide-inner\"><img decoding=\"async\" class=\"swiper-slide-image\" src=\"https:\/\/kernd.de\/wp-content\/uploads\/2022\/03\/kernd.png\" alt=\"kernd\" \/><\/figure><\/div><div class=\"swiper-slide\" role=\"group\" aria-roledescription=\"slide\" aria-label=\"3 von 4\"><figure class=\"swiper-slide-inner\"><img decoding=\"async\" class=\"swiper-slide-image\" src=\"https:\/\/kernd.de\/wp-content\/uploads\/2022\/03\/ktg.png\" alt=\"ktg\" \/><\/figure><\/div><div class=\"swiper-slide\" role=\"group\" aria-roledescription=\"slide\" aria-label=\"4 von 4\"><figure class=\"swiper-slide-inner\"><img decoding=\"async\" class=\"swiper-slide-image\" src=\"https:\/\/kernd.de\/wp-content\/uploads\/2023\/05\/KT-L-Logo-RGB-300x45.jpg\" alt=\"KT L Logo RGB\" \/><\/figure><\/div>\t\t\t<\/div>\n\t\t\t\t\t\t\t\t\t\t\t\t<div class=\"elementor-swiper-button elementor-swiper-button-prev\" role=\"button\" tabindex=\"0\">\n\t\t\t\t\t\t<i aria-hidden=\"true\" class=\"eicon-chevron-left\"><\/i>\t\t\t\t\t<\/div>\n\t\t\t\t\t<div class=\"elementor-swiper-button elementor-swiper-button-next\" role=\"button\" tabindex=\"0\">\n\t\t\t\t\t\t<i aria-hidden=\"true\" class=\"eicon-chevron-right\"><\/i>\t\t\t\t\t<\/div>\n\t\t\t\t\n\t\t\t\t\t\t\t\t\t<div class=\"swiper-pagination\"><\/div>\n\t\t\t\t\t\t\t\t\t<\/div>\n\t\t\t\t\t\t<\/div>\n\t\t\t\t<\/div>\n\t\t\t\t\t<\/div>\n\t\t<\/div>\n\t\t\t\t\t<\/div>\n\t\t<\/section>\n\t\t\t\t<\/div>\n\t\t","protected":false},"excerpt":{"rendered":"<p>Ich m\u00f6chte mehr erfahren, bitte kontaktieren Sie mich Bitte aktivieren Sie JavaScript in Ihrem Browser, um dieses Formular fertigzustellen.Bitte aktivieren Sie JavaScript in Ihrem Browser, um dieses Formular fertigzustellen.Firma \/ Institution Name * VornameNachname Ihre Email Adresse *Telefonnumer * DSGVO * Ich erkl\u00e4re mich damit einverstanden, dass meine hier angegebenen [&hellip;]<\/p>\n","protected":false},"author":3,"featured_media":4591,"parent":6407,"menu_order":1,"comment_status":"closed","ping_status":"closed","template":"page-templates\/template-fullwidth.php","meta":{"footnotes":""},"class_list":["post-6609","page","type-page","status-publish","has-post-thumbnail","hentry"],"aioseo_notices":[],"_links":{"self":[{"href":"https:\/\/kernd.de\/de\/wp-json\/wp\/v2\/pages\/6609","targetHints":{"allow":["GET"]}}],"collection":[{"href":"https:\/\/kernd.de\/de\/wp-json\/wp\/v2\/pages"}],"about":[{"href":"https:\/\/kernd.de\/de\/wp-json\/wp\/v2\/types\/page"}],"author":[{"embeddable":true,"href":"https:\/\/kernd.de\/de\/wp-json\/wp\/v2\/users\/3"}],"replies":[{"embeddable":true,"href":"https:\/\/kernd.de\/de\/wp-json\/wp\/v2\/comments?post=6609"}],"version-history":[{"count":7,"href":"https:\/\/kernd.de\/de\/wp-json\/wp\/v2\/pages\/6609\/revisions"}],"predecessor-version":[{"id":6735,"href":"https:\/\/kernd.de\/de\/wp-json\/wp\/v2\/pages\/6609\/revisions\/6735"}],"up":[{"embeddable":true,"href":"https:\/\/kernd.de\/de\/wp-json\/wp\/v2\/pages\/6407"}],"wp:featuredmedia":[{"embeddable":true,"href":"https:\/\/kernd.de\/de\/wp-json\/wp\/v2\/media\/4591"}],"wp:attachment":[{"href":"https:\/\/kernd.de\/de\/wp-json\/wp\/v2\/media?parent=6609"}],"curies":[{"name":"wp","href":"https:\/\/api.w.org\/{rel}","templated":true}]}}