{"id":5171,"date":"2023-10-26T14:58:11","date_gmt":"2023-10-26T14:58:11","guid":{"rendered":"https:\/\/kernd.de\/?page_id=5171"},"modified":"2024-10-17T18:06:34","modified_gmt":"2024-10-17T18:06:34","slug":"kernenergie-in-deutschland","status":"publish","type":"page","link":"https:\/\/kernd.de\/de\/kernenergie-in-deutschland\/","title":{"rendered":"Kernenergie in Deutschland"},"content":{"rendered":"\t\t<div data-elementor-type=\"wp-page\" data-elementor-id=\"5171\" class=\"elementor elementor-5171\">\n\t\t\t\t\t\t<section class=\"elementor-section elementor-top-section elementor-element elementor-element-0ed3eed elementor-section-boxed elementor-section-height-default elementor-section-height-default\" data-id=\"0ed3eed\" data-element_type=\"section\" data-e-type=\"section\">\n\t\t\t\t\t\t<div class=\"elementor-container elementor-column-gap-default\">\n\t\t\t\t\t<div class=\"elementor-column elementor-col-100 elementor-top-column elementor-element elementor-element-ea949d9\" data-id=\"ea949d9\" data-element_type=\"column\" data-e-type=\"column\">\n\t\t\t<div class=\"elementor-widget-wrap elementor-element-populated\">\n\t\t\t\t\t\t<div class=\"elementor-element elementor-element-73624db elementor-widget elementor-widget-text-editor\" data-id=\"73624db\" data-element_type=\"widget\" data-e-type=\"widget\" data-widget_type=\"text-editor.default\">\n\t\t\t\t<div class=\"elementor-widget-container\">\n\t\t\t\t\t\t\t\t\t<p>In Deutschland wurden im Jahr 2022 mit drei Anlagen 34.709.262 MWh (34,71 TWh) Strom (brutto) aus Kernenergie erzeugt. Insgesamt lag die Bruttostromerzeugung in Deutschland 2022 bei 573,4 TWh, der Anteil den Kernenergie bei 6,0 Prozent.<\/p><p>Im Jahr 2021 waren es mit sechs Anlagen 69.130.450 MWh (69,13 TWh)\u00a0 Strom (brutto). Die gesamte Bruttostromerzeugung lag bei\u00a0 587,1 TWh, der Anteil der Kernenergie bei 11,8 Prozent.<\/p><p>Bis zum 15. April 2023 wurden noch einmal 7.215.636 MWh (7,22 TWh) Strom (brutto) erzeugt, 1,4 Prozent der Bruttostromerzeugung. Seit 16. April sind alle deutschen Kernkraftwerke abgeschaltet, im R\u00fcckbau, im sicheren Einschluss oder vollst\u00e4ndig zur\u00fcck gebaut. Strom aus Kernenergie ist nur noch in Form von importiertem Strom im Strommix enthalten und ist in der EU auch 2023 nach wie vor die wichtigste Stromerzeugungstechnik.<\/p><p>Insgesamt wurden von 1961 bis 2023 in Deutschland rund 5.600 Milliarden Kilowattstunden (5.600 TWh) Strom aus Kernenergie erzeugt. Dadurch wurde die Emission von rund 5,6 Milliarden Tonnen CO2 vermieden. Die h\u00f6chste Jahreserzeugung mit Kernenergie wurde im Jahr 2001 mit 171,3 TWh erreicht, den h\u00f6chsten Anteil an der Bruttostromerzeugung im wiedervereinigten Deutschland hatte die Kernenergie 1997 mit 31 Prozent.<\/p>\t\t\t\t\t\t\t\t<\/div>\n\t\t\t\t<\/div>\n\t\t\t\t\t<\/div>\n\t\t<\/div>\n\t\t\t\t\t<\/div>\n\t\t<\/section>\n\t\t\t\t<section class=\"elementor-section elementor-top-section elementor-element elementor-element-3f46a78 elementor-section-boxed elementor-section-height-default elementor-section-height-default\" data-id=\"3f46a78\" data-element_type=\"section\" data-e-type=\"section\">\n\t\t\t\t\t\t<div class=\"elementor-container elementor-column-gap-default\">\n\t\t\t\t\t<div class=\"elementor-column elementor-col-100 elementor-top-column elementor-element elementor-element-d57898e\" data-id=\"d57898e\" data-element_type=\"column\" data-e-type=\"column\">\n\t\t\t<div class=\"elementor-widget-wrap elementor-element-populated\">\n\t\t\t\t\t\t<div class=\"elementor-element elementor-element-115b2d4 elementor-widget elementor-widget-text-editor\" data-id=\"115b2d4\" data-element_type=\"widget\" data-e-type=\"widget\" data-widget_type=\"text-editor.default\">\n\t\t\t\t<div class=\"elementor-widget-container\">\n\t\t\t\t\t\t\t\t\t<table><thead><tr><td><p><strong>Anlage<\/strong><\/p><\/td><td><p><strong>elektrische Leistung MW (brutto)<\/strong><\/p><\/td><td><p><strong>Betriebsdauer<\/strong><\/p><\/td><td><p><strong>Status<\/strong><\/p><\/td><\/tr><\/thead><tbody><tr><td><p><a href=\"https:\/\/www.enbw.com\/unternehmen\/konzern\/energieerzeugung\/kernenergie\/rueckbau\/rueckbau-neckarwestheim.html\">GKN-2 Neckarwestheim<\/a><\/p><\/td><td><p>1.400<\/p><\/td><td><p>1989 &#8211; 2023<\/p><\/td><td><p>R\u00fcckbau<sup>1<\/sup><\/p><\/td><\/tr><tr><td><p><a href=\"https:\/\/www.rwe.com\/unser-portfolio-leistungen\/betriebsstandorte-finden\/kernkraftwerk-emsland\">KKE Emsland<\/a><\/p><\/td><td><p>1.406<\/p><\/td><td><p>1988 &#8211; 2023<\/p><\/td><td><p>R\u00fcckbau\u00b9<\/p><\/td><\/tr><tr><td><p><a href=\"https:\/\/www.preussenelektra.de\/de\/das-sind-wir\/unsere-kraftwerke\/kraftwerkisar.html\">KKI-2 Isar<\/a><\/p><\/td><td><p>1.485<\/p><\/td><td><p>1988 &#8211; 2023<\/p><\/td><td><p>R\u00fcckbau\u00b9<\/p><\/td><\/tr><tr><td><p><a href=\"https:\/\/www.preussenelektra.de\/de\/das-sind-wir\/unsere-kraftwerke\/kraftwerkbrokdorf.html\">KBR Brokdorf<\/a><\/p><\/td><td><p>1.480<\/p><\/td><td><p>1986 &#8211; 2021<\/p><\/td><td><p>Abgeschaltet\/Stillegung\u00b9<\/p><\/td><\/tr><tr><td><p><a href=\"https:\/\/www.preussenelektra.de\/de\/das-sind-wir\/unsere-kraftwerke\/kraftwerkgrohnde.html\">KWG Grohnde<\/a><\/p><\/td><td><p>1.430<\/p><\/td><td><p>1984 &#8211; 2021<\/p><\/td><td><p>R\u00fcckbau\u00b9<\/p><\/td><\/tr><tr><td><p><a href=\"https:\/\/www.rwe.com\/unser-portfolio-leistungen\/betriebsstandorte-finden\/kernkraftwerk-gundremmingen\">KRB C Gundremmingen<\/a><\/p><\/td><td><p>1.344<\/p><\/td><td><p>1984 &#8211; 2021<\/p><\/td><td><p>R\u00fcckbau\u00b9<\/p><\/td><\/tr><tr><td><p><a href=\"https:\/\/www.enbw.com\/unternehmen\/konzern\/energieerzeugung\/kernenergie\/standorte\/standort-philippsburg.html\">KKP-2 Philippsburg<\/a><\/p><\/td><td><p>1.468<\/p><\/td><td><p>1985 &#8211; 2019<\/p><\/td><td><p>R\u00fcckbau\u00b9<\/p><\/td><\/tr><tr><td><p><a href=\"https:\/\/www.rwe.com\/unser-portfolio-leistungen\/betriebsstandorte-finden\/kernkraftwerk-gundremmingen\">KRB B Gundremmingen<\/a><\/p><\/td><td><p>1.344<\/p><\/td><td><p>1984 &#8211; 2017<\/p><\/td><td><p>R\u00fcckbau\u00b9<\/p><\/td><\/tr><tr><td><p><a href=\"https:\/\/www.preussenelektra.de\/de\/das-sind-wir\/unsere-kraftwerke\/kraftwerkgrafenrheinfeld.html\">KKG Grafenrheinfeld<\/a><\/p><\/td><td><p>1.345<\/p><\/td><td><p>1982 &#8211; 2015<\/p><\/td><td><p>R\u00fcckbau\u00b9<\/p><\/td><\/tr><tr><td><p><a href=\"https:\/\/www.rwe.com\/der-konzern\/laender-und-standorte\/kernkraftwerk-biblis\">KWB A Biblis<\/a><\/p><\/td><td><p>1.225<\/p><\/td><td><p>1975 &#8211; 2011<\/p><\/td><td><p>R\u00fcckbau\u00b9<\/p><\/td><\/tr><tr><td><p><a href=\"https:\/\/www.rwe.com\/der-konzern\/laender-und-standorte\/kernkraftwerk-biblis\">KWB B Biblis<\/a><\/p><\/td><td><p>1.300<\/p><\/td><td><p>1977 &#8211; 2011<\/p><\/td><td><p>R\u00fcckbau\u00b9<\/p><\/td><\/tr><tr><td><p><a href=\"https:\/\/powerplants.vattenfall.com\/de\/brunsbuttel\">KKB Brunsb\u00fcttel<\/a><\/p><\/td><td><p>806<\/p><\/td><td><p>1977 &#8211; 2011<\/p><\/td><td><p>R\u00fcckbau\u00b9<\/p><\/td><\/tr><tr><td><p><a href=\"https:\/\/www.preussenelektra.de\/de\/das-sind-wir\/unsere-kraftwerke\/kraftwerkisar.html\">KKI-1 Isar<\/a><\/p><\/td><td><p>912<\/p><\/td><td><p>1980 &#8211; 2011<\/p><\/td><td><p>R\u00fcckbau\u00b9<\/p><\/td><\/tr><tr><td><p><a href=\"https:\/\/powerplants.vattenfall.com\/de\/krummel\">KKK Kr\u00fcmmel<\/a><\/p><\/td><td><p>1.402<\/p><\/td><td><p>1984 &#8211; 2011<\/p><\/td><td><p>Abgeschaltet\/Stillegung\u00b9<\/p><\/td><\/tr><tr><td><p><a href=\"https:\/\/www.enbw.com\/unternehmen\/konzern\/energieerzeugung\/kernenergie\/standorte\/index.html\">GKN-1 Neckarwestheim<\/a><\/p><\/td><td><p>840<\/p><\/td><td><p>1976 &#8211; 2011<\/p><\/td><td><p>R\u00fcckbau\u00b9<\/p><\/td><\/tr><tr><td><p><a href=\"https:\/\/www.enbw.com\/unternehmen\/konzern\/energieerzeugung\/kernenergie\/standorte\/standort-philippsburg.html\">KKP-1 Philippsburg<\/a><\/p><\/td><td><p>926<\/p><\/td><td><p>1980 &#8211; 2011<\/p><\/td><td><p>R\u00fcckbau\u00b9<\/p><\/td><\/tr><tr><td><p><a href=\"https:\/\/www.preussenelektra.de\/de\/das-sind-wir\/unsere-kraftwerke\/kraftwerkunterweser.html\">KKU Unterweser<\/a><\/p><\/td><td><p>1.410<\/p><\/td><td><p>1979 &#8211; 2011<\/p><\/td><td><p>R\u00fcckbau<sup>1<\/sup><\/p><\/td><\/tr><tr><td><p><a href=\"https:\/\/www.enbw.com\/unternehmen\/konzern\/energieerzeugung\/kernenergie\/standorte\/standort-obrigheim.html\">KWO Obrigheim<\/a><\/p><\/td><td><p>357<\/p><\/td><td><p>1968 &#8211; 2005<\/p><\/td><td><p>R\u00fcckbau<\/p><\/td><\/tr><tr><td><p><a href=\"https:\/\/www.preussenelektra.de\/de\/das-sind-wir\/unsere-kraftwerke\/kraftwerkstade.html\">KKS Stade<\/a><\/p><\/td><td><p>672<\/p><\/td><td><p>1972 &#8211; 2003<\/p><\/td><td><p>R\u00fcckbau<\/p><\/td><\/tr><tr><td><p><a href=\"https:\/\/www.preussenelektra.de\/de\/das-sind-wir\/unsere-kraftwerke\/kraftwerkwuergassen.html\">KWW W\u00fcrgassen<\/a><\/p><\/td><td><p>670<\/p><\/td><td><p>1971 &#8211; 1994<\/p><\/td><td><p>R\u00fcckbau<\/p><\/td><\/tr><tr><td><p><a href=\"https:\/\/www.kte-karlsruhe.de\/projekte\/natriumgekuehltekernreaktoranlage\">KNK II Karlsruhe<\/a><\/p><\/td><td><p>21<\/p><\/td><td><p>1978 &#8211; 1991<\/p><\/td><td><p>R\u00fcckbau<\/p><\/td><\/tr><tr><td><p><a href=\"https:\/\/www.ewn-gmbh.de\/aufgaben\/rueckbau\/rueckbau-kkw-greifswald\">KGR 1-5, Greifswald<\/a><\/p><\/td><td><p>5 x 440<\/p><\/td><td><p>1973 &#8211; 1990<\/p><\/td><td><p>R\u00fcckbau<\/p><\/td><\/tr><tr><td><p><a href=\"https:\/\/www.ewn-gmbh.de\/aufgaben\/rueckbau\/rueckbau-kkw-rheinsberg\">KKR Rheinsberg<\/a><\/p><\/td><td><p>70<\/p><\/td><td><p>1966 &#8211; 1990<\/p><\/td><td><p>R\u00fcckbau<\/p><\/td><\/tr><tr><td><p><a href=\"https:\/\/www.jen-juelich.de\/projekte\/avr-hochtemperaturreaktor\">AVR J\u00fclich<\/a><\/p><\/td><td><p>15<\/p><\/td><td><p>1967 &#8211; 1988<\/p><\/td><td><p>R\u00fcckbau<\/p><\/td><\/tr><tr><td><p><a href=\"http:\/\/www.thtr.de\/\">THTR Hamm-Uentrop<\/a><\/p><\/td><td><p>308<\/p><\/td><td><p>1985 &#8211; 1988<\/p><\/td><td><p>Sicherer Einschluss<\/p><\/td><\/tr><tr><td><p><a href=\"https:\/\/www.rwe.com\/der-konzern\/laender-und-standorte\/kernkraftwerk-muelheim-kaerlich\">KMK M\u00fclheim-K\u00e4rlich<\/a><\/p><\/td><td><p>1.302<\/p><\/td><td><p>1986 &#8211; 1988<\/p><\/td><td><p>R\u00fcckbau<\/p><\/td><\/tr><tr><td><p><a href=\"https:\/\/www.kernd.de\/kernd\/presse\/pressemitteilungen\/2021\/2021-06-17_Erste-Netzeinspeisung-AK-Kahl.php\">VAK Kahl<\/a><\/p><\/td><td><p>16<\/p><\/td><td><p>1961 &#8211; 1985<\/p><\/td><td><p>Vollst\u00e4ndig beseitigt<\/p><\/td><\/tr><tr><td><p><a href=\"https:\/\/www.kte-karlsruhe.de\/projekte\/mehrzweckforschungsreaktor\">MZFR Karlsruhe<\/a><\/p><\/td><td><p>57<\/p><\/td><td><p>1966 &#8211; 1984<\/p><\/td><td><p>R\u00fcckbau<\/p><\/td><\/tr><tr><td><p><a href=\"https:\/\/www.rwe.com\/der-konzern\/laender-und-standorte\/rueckbauanlage-gundremmingen\">KRB-A Gundremmingen<\/a><\/p><\/td><td><p>250<\/p><\/td><td><p>1966 &#8211; 1977<\/p><\/td><td><p>R\u00fcckbau<\/p><\/td><\/tr><tr><td><p><a href=\"https:\/\/www.rwe.com\/der-konzern\/laender-und-standorte\/kernkraftwerk-lingen\">KWL Lingen<\/a><\/p><\/td><td><p>268<\/p><\/td><td><p>1968 &#8211; 1977<\/p><\/td><td><p>R\u00fcckbau<\/p><\/td><\/tr><tr><td><p><a href=\"https:\/\/de.nucleopedia.org\/wiki\/Kernkraftwerk_Niederaichbach\">KKN Niederaichbach<\/a><\/p><\/td><td><p>106<\/p><\/td><td><p>1972 &#8211; 1974<\/p><\/td><td><p>Vollst\u00e4ndig beseitigt<\/p><\/td><\/tr><tr><td><p><a href=\"https:\/\/de.nucleopedia.org\/wiki\/Kernkraftwerk_Gro%C3%9Fwelzheim\">HDR Gro\u00dfwelzheim<\/a><\/p><\/td><td><p>25<\/p><\/td><td><p>1969 &#8211; 1971<\/p><\/td><td><p>Vollst\u00e4ndig beseitigt<\/p><\/td><\/tr><\/tbody><\/table><p>\u00b9 Au\u00dfer Betrieb genommen gem\u00e4\u00df Atomgesetz-Novelle (AtG) von 2011<\/p><p>R\u00fcckbau<\/p>\t\t\t\t\t\t\t\t<\/div>\n\t\t\t\t<\/div>\n\t\t\t\t\t<\/div>\n\t\t<\/div>\n\t\t\t\t\t<\/div>\n\t\t<\/section>\n\t\t\t\t<\/div>\n\t\t","protected":false},"excerpt":{"rendered":"<p>In Deutschland wurden im Jahr 2022 mit drei Anlagen 34.709.262 MWh (34,71 TWh) Strom (brutto) aus Kernenergie erzeugt. Insgesamt lag die Bruttostromerzeugung in Deutschland 2022 bei 573,4 TWh, der Anteil den Kernenergie bei 6,0 Prozent. Im Jahr 2021 waren es mit sechs Anlagen 69.130.450 MWh (69,13 TWh)\u00a0 Strom (brutto). Die [&hellip;]<\/p>\n","protected":false},"author":3,"featured_media":0,"parent":0,"menu_order":0,"comment_status":"closed","ping_status":"closed","template":"page-templates\/template-pagebuilder-full-width.php","meta":{"footnotes":""},"class_list":["post-5171","page","type-page","status-publish","hentry"],"aioseo_notices":[],"_links":{"self":[{"href":"https:\/\/kernd.de\/de\/wp-json\/wp\/v2\/pages\/5171","targetHints":{"allow":["GET"]}}],"collection":[{"href":"https:\/\/kernd.de\/de\/wp-json\/wp\/v2\/pages"}],"about":[{"href":"https:\/\/kernd.de\/de\/wp-json\/wp\/v2\/types\/page"}],"author":[{"embeddable":true,"href":"https:\/\/kernd.de\/de\/wp-json\/wp\/v2\/users\/3"}],"replies":[{"embeddable":true,"href":"https:\/\/kernd.de\/de\/wp-json\/wp\/v2\/comments?post=5171"}],"version-history":[{"count":4,"href":"https:\/\/kernd.de\/de\/wp-json\/wp\/v2\/pages\/5171\/revisions"}],"predecessor-version":[{"id":6305,"href":"https:\/\/kernd.de\/de\/wp-json\/wp\/v2\/pages\/5171\/revisions\/6305"}],"wp:attachment":[{"href":"https:\/\/kernd.de\/de\/wp-json\/wp\/v2\/media?parent=5171"}],"curies":[{"name":"wp","href":"https:\/\/api.w.org\/{rel}","templated":true}]}}