{"id":3235,"date":"2023-04-24T16:04:08","date_gmt":"2023-04-24T16:04:08","guid":{"rendered":"https:\/\/kerndd.live-website.com\/?page_id=3235"},"modified":"2023-08-23T19:23:56","modified_gmt":"2023-08-23T19:23:56","slug":"ressourcenschonung","status":"publish","type":"page","link":"https:\/\/kernd.de\/de\/ressourcenschonung\/","title":{"rendered":"Ressourcenschonung"},"content":{"rendered":"\t\t<div data-elementor-type=\"wp-page\" data-elementor-id=\"3235\" class=\"elementor elementor-3235\">\n\t\t\t\t\t\t<section class=\"elementor-section elementor-top-section elementor-element elementor-element-d539f3a elementor-section-boxed elementor-section-height-default elementor-section-height-default\" data-id=\"d539f3a\" data-element_type=\"section\" data-e-type=\"section\">\n\t\t\t\t\t\t<div class=\"elementor-container elementor-column-gap-default\">\n\t\t\t\t\t<div class=\"elementor-column elementor-col-100 elementor-top-column elementor-element elementor-element-09de8b9\" data-id=\"09de8b9\" data-element_type=\"column\" data-e-type=\"column\">\n\t\t\t<div class=\"elementor-widget-wrap elementor-element-populated\">\n\t\t\t\t\t\t<div class=\"elementor-element elementor-element-55e447a elementor-widget elementor-widget-heading\" data-id=\"55e447a\" data-element_type=\"widget\" data-e-type=\"widget\" data-widget_type=\"heading.default\">\n\t\t\t\t<div class=\"elementor-widget-container\">\n\t\t\t\t\t<h2 class=\"elementor-heading-title elementor-size-xl\">Ressourcenschonung<\/h2>\t\t\t\t<\/div>\n\t\t\t\t<\/div>\n\t\t\t\t\t<\/div>\n\t\t<\/div>\n\t\t\t\t\t<\/div>\n\t\t<\/section>\n\t\t\t\t<section class=\"elementor-section elementor-top-section elementor-element elementor-element-b4015b1 elementor-section-boxed elementor-section-height-default elementor-section-height-default\" data-id=\"b4015b1\" data-element_type=\"section\" data-e-type=\"section\">\n\t\t\t\t\t\t<div class=\"elementor-container elementor-column-gap-default\">\n\t\t\t\t\t<div class=\"elementor-column elementor-col-100 elementor-top-column elementor-element elementor-element-0e1c6a5\" data-id=\"0e1c6a5\" data-element_type=\"column\" data-e-type=\"column\">\n\t\t\t<div class=\"elementor-widget-wrap elementor-element-populated\">\n\t\t\t\t\t\t<div class=\"elementor-element elementor-element-d025fa0 elementor-widget elementor-widget-text-editor\" data-id=\"d025fa0\" data-element_type=\"widget\" data-e-type=\"widget\" data-widget_type=\"text-editor.default\">\n\t\t\t\t<div class=\"elementor-widget-container\">\n\t\t\t\t\t\t\t\t\t<p>Die Kernenergie verbraucht im Gegensatz zur Stromerzeugung mit den fossilen Energietr\u00e4gern Kohle, \u00d6l und Erdgas keine gro\u00dfen Mengen Brennstoffe und erfordert zugleich einen kleineren Einsatz anderer Ressourcen (Beton\/Zement, Stahl, andere Metalle) in Bezug auf die erzeugte Strommenge als andere CO2-armen Technologie wie Wind- und Wasserkraft oder Photovoltaik.<\/p>\t\t\t\t\t\t\t\t<\/div>\n\t\t\t\t<\/div>\n\t\t\t\t\t<\/div>\n\t\t<\/div>\n\t\t\t\t\t<\/div>\n\t\t<\/section>\n\t\t\t\t<section class=\"elementor-section elementor-top-section elementor-element elementor-element-859a905 elementor-section-boxed elementor-section-height-default elementor-section-height-default\" data-id=\"859a905\" data-element_type=\"section\" data-e-type=\"section\">\n\t\t\t\t\t\t<div class=\"elementor-container elementor-column-gap-default\">\n\t\t\t\t\t<div class=\"elementor-column elementor-col-100 elementor-top-column elementor-element elementor-element-ad691a1\" data-id=\"ad691a1\" data-element_type=\"column\" data-e-type=\"column\">\n\t\t\t<div class=\"elementor-widget-wrap elementor-element-populated\">\n\t\t\t\t\t\t<div class=\"elementor-element elementor-element-dc1171d elementor-widget elementor-widget-image\" data-id=\"dc1171d\" data-element_type=\"widget\" data-e-type=\"widget\" data-widget_type=\"image.default\">\n\t\t\t\t<div class=\"elementor-widget-container\">\n\t\t\t\t\t\t\t\t\t\t\t\t\t\t\t<img fetchpriority=\"high\" decoding=\"async\" width=\"750\" height=\"422\" src=\"https:\/\/kernd.de\/wp-content\/uploads\/2023\/04\/Materialbedarf-in-Gramm-pro-MWh_aufgebessert-1024x576.jpg\" class=\"attachment-large size-large wp-image-3286\" alt=\"\" srcset=\"https:\/\/kernd.de\/wp-content\/uploads\/2023\/04\/Materialbedarf-in-Gramm-pro-MWh_aufgebessert-1024x576.jpg 1024w, https:\/\/kernd.de\/wp-content\/uploads\/2023\/04\/Materialbedarf-in-Gramm-pro-MWh_aufgebessert-230x129.jpg 230w, https:\/\/kernd.de\/wp-content\/uploads\/2023\/04\/Materialbedarf-in-Gramm-pro-MWh_aufgebessert-600x338.jpg 600w, https:\/\/kernd.de\/wp-content\/uploads\/2023\/04\/Materialbedarf-in-Gramm-pro-MWh_aufgebessert-300x169.jpg 300w, https:\/\/kernd.de\/wp-content\/uploads\/2023\/04\/Materialbedarf-in-Gramm-pro-MWh_aufgebessert-768x432.jpg 768w, https:\/\/kernd.de\/wp-content\/uploads\/2023\/04\/Materialbedarf-in-Gramm-pro-MWh_aufgebessert.jpg 1280w\" sizes=\"(max-width: 750px) 100vw, 750px\" \/>\t\t\t\t\t\t\t\t\t\t\t\t\t\t\t<\/div>\n\t\t\t\t<\/div>\n\t\t\t\t\t<\/div>\n\t\t<\/div>\n\t\t\t\t\t<\/div>\n\t\t<\/section>\n\t\t\t\t<section class=\"elementor-section elementor-top-section elementor-element elementor-element-ffa7c52 elementor-section-boxed elementor-section-height-default elementor-section-height-default\" data-id=\"ffa7c52\" data-element_type=\"section\" data-e-type=\"section\">\n\t\t\t\t\t\t<div class=\"elementor-container elementor-column-gap-default\">\n\t\t\t\t\t<div class=\"elementor-column elementor-col-100 elementor-top-column elementor-element elementor-element-d286e99\" data-id=\"d286e99\" data-element_type=\"column\" data-e-type=\"column\">\n\t\t\t<div class=\"elementor-widget-wrap elementor-element-populated\">\n\t\t\t\t\t\t<div class=\"elementor-element elementor-element-e08c9c3 elementor-widget elementor-widget-image\" data-id=\"e08c9c3\" data-element_type=\"widget\" data-e-type=\"widget\" data-widget_type=\"image.default\">\n\t\t\t\t<div class=\"elementor-widget-container\">\n\t\t\t\t\t\t\t\t\t\t\t\t\t\t\t<img decoding=\"async\" width=\"750\" height=\"422\" src=\"https:\/\/kernd.de\/wp-content\/uploads\/2023\/08\/Materialbedarf-in-Gramm-pro-Kilowattstunde-Zement-Eisen-Alu-Kupfer_aufgebessert-1-1024x576.jpg\" class=\"attachment-large size-large wp-image-4951\" alt=\"\" srcset=\"https:\/\/kernd.de\/wp-content\/uploads\/2023\/08\/Materialbedarf-in-Gramm-pro-Kilowattstunde-Zement-Eisen-Alu-Kupfer_aufgebessert-1-1024x576.jpg 1024w, https:\/\/kernd.de\/wp-content\/uploads\/2023\/08\/Materialbedarf-in-Gramm-pro-Kilowattstunde-Zement-Eisen-Alu-Kupfer_aufgebessert-1-230x129.jpg 230w, https:\/\/kernd.de\/wp-content\/uploads\/2023\/08\/Materialbedarf-in-Gramm-pro-Kilowattstunde-Zement-Eisen-Alu-Kupfer_aufgebessert-1-600x338.jpg 600w, https:\/\/kernd.de\/wp-content\/uploads\/2023\/08\/Materialbedarf-in-Gramm-pro-Kilowattstunde-Zement-Eisen-Alu-Kupfer_aufgebessert-1-300x169.jpg 300w, https:\/\/kernd.de\/wp-content\/uploads\/2023\/08\/Materialbedarf-in-Gramm-pro-Kilowattstunde-Zement-Eisen-Alu-Kupfer_aufgebessert-1-768x432.jpg 768w, https:\/\/kernd.de\/wp-content\/uploads\/2023\/08\/Materialbedarf-in-Gramm-pro-Kilowattstunde-Zement-Eisen-Alu-Kupfer_aufgebessert-1.jpg 1280w\" sizes=\"(max-width: 750px) 100vw, 750px\" \/>\t\t\t\t\t\t\t\t\t\t\t\t\t\t\t<\/div>\n\t\t\t\t<\/div>\n\t\t\t\t\t<\/div>\n\t\t<\/div>\n\t\t\t\t\t<\/div>\n\t\t<\/section>\n\t\t\t\t<section class=\"elementor-section elementor-top-section elementor-element elementor-element-36db561 elementor-section-boxed elementor-section-height-default elementor-section-height-default\" data-id=\"36db561\" data-element_type=\"section\" data-e-type=\"section\">\n\t\t\t\t\t\t<div class=\"elementor-container elementor-column-gap-default\">\n\t\t\t\t\t<div class=\"elementor-column elementor-col-100 elementor-top-column elementor-element elementor-element-91519e9\" data-id=\"91519e9\" data-element_type=\"column\" data-e-type=\"column\">\n\t\t\t<div class=\"elementor-widget-wrap elementor-element-populated\">\n\t\t\t\t\t\t<div class=\"elementor-element elementor-element-1b9b360 elementor-widget elementor-widget-text-editor\" data-id=\"1b9b360\" data-element_type=\"widget\" data-e-type=\"widget\" data-widget_type=\"text-editor.default\">\n\t\t\t\t<div class=\"elementor-widget-container\">\n\t\t\t\t\t\t\t\t\t<p>Zu den notwendigen Ressourcen f\u00fcr den Aufbau sowohl von Erzeugungsanlagen auf Basis von erneuerbaren Energien als auch auf Basis von fossilen Energietr\u00e4gern und Kernenergie geh\u00f6ren auch fossile Energietr\u00e4ger, die f\u00fcr den Abbau und die Verarbeitung von notwendigen Rohmaterialien, bei der Stahlerzeugung und dem Aufbau und f\u00fcr den Betrieb der Anlagen aufgewendet werden m\u00fcssen. Obwohl bei Kernkraftwerken neben der Errichtung der Anlagen selbst auch die Beschaffung des Brennstoffes Uran und dessen Weiterverarbeitung im Kernbrennstoffkreislauf erforderlich ist, haben Kernkraftwerke wegen der hohen Energiedichte des Urans auch hier eine \u00fcberzeugende Bilanz. Bei den fossil betriebenen Erzeugungsanlagen dominiert der Brennstoffeinsatz f\u00fcr die Stromerzeugung.<\/p>\t\t\t\t\t\t\t\t<\/div>\n\t\t\t\t<\/div>\n\t\t\t\t\t<\/div>\n\t\t<\/div>\n\t\t\t\t\t<\/div>\n\t\t<\/section>\n\t\t\t\t<section class=\"elementor-section elementor-top-section elementor-element elementor-element-87cc379 elementor-section-boxed elementor-section-height-default elementor-section-height-default\" data-id=\"87cc379\" data-element_type=\"section\" data-e-type=\"section\">\n\t\t\t\t\t\t<div class=\"elementor-container elementor-column-gap-default\">\n\t\t\t\t\t<div class=\"elementor-column elementor-col-100 elementor-top-column elementor-element elementor-element-b999658\" data-id=\"b999658\" data-element_type=\"column\" data-e-type=\"column\">\n\t\t\t<div class=\"elementor-widget-wrap elementor-element-populated\">\n\t\t\t\t\t\t<div class=\"elementor-element elementor-element-b2f7f96 elementor-widget elementor-widget-image\" data-id=\"b2f7f96\" data-element_type=\"widget\" data-e-type=\"widget\" data-widget_type=\"image.default\">\n\t\t\t\t<div class=\"elementor-widget-container\">\n\t\t\t\t\t\t\t\t\t\t\t\t\t\t\t<img decoding=\"async\" width=\"750\" height=\"422\" src=\"https:\/\/kernd.de\/wp-content\/uploads\/2023\/04\/Primaerenergiebedarf-an-fossilen-Energietraegern_aufgebessert-1024x576.jpg\" class=\"attachment-large size-large wp-image-3288\" alt=\"\" srcset=\"https:\/\/kernd.de\/wp-content\/uploads\/2023\/04\/Primaerenergiebedarf-an-fossilen-Energietraegern_aufgebessert-1024x576.jpg 1024w, https:\/\/kernd.de\/wp-content\/uploads\/2023\/04\/Primaerenergiebedarf-an-fossilen-Energietraegern_aufgebessert-230x129.jpg 230w, https:\/\/kernd.de\/wp-content\/uploads\/2023\/04\/Primaerenergiebedarf-an-fossilen-Energietraegern_aufgebessert-600x338.jpg 600w, https:\/\/kernd.de\/wp-content\/uploads\/2023\/04\/Primaerenergiebedarf-an-fossilen-Energietraegern_aufgebessert-300x169.jpg 300w, https:\/\/kernd.de\/wp-content\/uploads\/2023\/04\/Primaerenergiebedarf-an-fossilen-Energietraegern_aufgebessert-768x432.jpg 768w, https:\/\/kernd.de\/wp-content\/uploads\/2023\/04\/Primaerenergiebedarf-an-fossilen-Energietraegern_aufgebessert.jpg 1280w\" sizes=\"(max-width: 750px) 100vw, 750px\" \/>\t\t\t\t\t\t\t\t\t\t\t\t\t\t\t<\/div>\n\t\t\t\t<\/div>\n\t\t\t\t\t<\/div>\n\t\t<\/div>\n\t\t\t\t\t<\/div>\n\t\t<\/section>\n\t\t\t\t<section class=\"elementor-section elementor-top-section elementor-element elementor-element-81f4f73 elementor-section-boxed elementor-section-height-default elementor-section-height-default\" data-id=\"81f4f73\" data-element_type=\"section\" data-e-type=\"section\">\n\t\t\t\t\t\t<div class=\"elementor-container elementor-column-gap-default\">\n\t\t\t\t\t<div class=\"elementor-column elementor-col-100 elementor-top-column elementor-element elementor-element-1f00c14\" data-id=\"1f00c14\" data-element_type=\"column\" data-e-type=\"column\">\n\t\t\t<div class=\"elementor-widget-wrap elementor-element-populated\">\n\t\t\t\t\t\t<div class=\"elementor-element elementor-element-3a827eb elementor-widget elementor-widget-text-editor\" data-id=\"3a827eb\" data-element_type=\"widget\" data-e-type=\"widget\" data-widget_type=\"text-editor.default\">\n\t\t\t\t<div class=\"elementor-widget-container\">\n\t\t\t\t\t\t\t\t\t<p>Kernkraftwerke haben einen wesentlich kleineren Fl\u00e4chenbedarf als Windkraft und Photovoltaik und sind deshalb f\u00fcr das Landschaftsbild, die menschliche Lebensqualit\u00e4t und die Biodiversit\u00e4t vertr\u00e4glicher als diese erneuerbaren Erzeugungsformen. Die Auswirkungen der K\u00fchlwasserentnahme auf aquatische \u00d6kosysteme wird regulatorisch auf ein vertr\u00e4gliches Ma\u00df beschr\u00e4nkt und es bestehen technische M\u00f6glichkeiten, die Anforderung dieser \u00d6kosysteme mit denen des Kraftwerksbetriebs in Einklang zu bringen (etwa Hybridk\u00fchlt\u00fcrme), auch unter der Bedingung m\u00f6glicherweise langfristig steigender Temperaturen.<\/p>\t\t\t\t\t\t\t\t<\/div>\n\t\t\t\t<\/div>\n\t\t\t\t\t<\/div>\n\t\t<\/div>\n\t\t\t\t\t<\/div>\n\t\t<\/section>\n\t\t\t\t<section class=\"elementor-section elementor-top-section elementor-element elementor-element-5135913 elementor-section-boxed elementor-section-height-default elementor-section-height-default\" data-id=\"5135913\" data-element_type=\"section\" data-e-type=\"section\">\n\t\t\t\t\t\t<div class=\"elementor-container elementor-column-gap-default\">\n\t\t\t\t\t<div class=\"elementor-column elementor-col-100 elementor-top-column elementor-element elementor-element-24395a6\" data-id=\"24395a6\" data-element_type=\"column\" data-e-type=\"column\">\n\t\t\t<div class=\"elementor-widget-wrap elementor-element-populated\">\n\t\t\t\t\t\t<div class=\"elementor-element elementor-element-b0a6dba elementor-widget elementor-widget-image\" data-id=\"b0a6dba\" data-element_type=\"widget\" data-e-type=\"widget\" data-widget_type=\"image.default\">\n\t\t\t\t<div class=\"elementor-widget-container\">\n\t\t\t\t\t\t\t\t\t\t\t\t\t\t\t<img loading=\"lazy\" decoding=\"async\" width=\"750\" height=\"422\" src=\"https:\/\/kernd.de\/wp-content\/uploads\/2023\/04\/Flaechenbedarf-Stromerzeugung-Experiment_aufgebessert2schwarz-1024x576.jpg\" class=\"attachment-large size-large wp-image-3290\" alt=\"\" srcset=\"https:\/\/kernd.de\/wp-content\/uploads\/2023\/04\/Flaechenbedarf-Stromerzeugung-Experiment_aufgebessert2schwarz-1024x576.jpg 1024w, https:\/\/kernd.de\/wp-content\/uploads\/2023\/04\/Flaechenbedarf-Stromerzeugung-Experiment_aufgebessert2schwarz-230x129.jpg 230w, https:\/\/kernd.de\/wp-content\/uploads\/2023\/04\/Flaechenbedarf-Stromerzeugung-Experiment_aufgebessert2schwarz-600x338.jpg 600w, https:\/\/kernd.de\/wp-content\/uploads\/2023\/04\/Flaechenbedarf-Stromerzeugung-Experiment_aufgebessert2schwarz-300x169.jpg 300w, https:\/\/kernd.de\/wp-content\/uploads\/2023\/04\/Flaechenbedarf-Stromerzeugung-Experiment_aufgebessert2schwarz-768x432.jpg 768w, https:\/\/kernd.de\/wp-content\/uploads\/2023\/04\/Flaechenbedarf-Stromerzeugung-Experiment_aufgebessert2schwarz.jpg 1280w\" sizes=\"(max-width: 750px) 100vw, 750px\" \/>\t\t\t\t\t\t\t\t\t\t\t\t\t\t\t<\/div>\n\t\t\t\t<\/div>\n\t\t\t\t\t<\/div>\n\t\t<\/div>\n\t\t\t\t\t<\/div>\n\t\t<\/section>\n\t\t\t\t<section class=\"elementor-section elementor-top-section elementor-element elementor-element-2f195b2 elementor-section-boxed elementor-section-height-default elementor-section-height-default\" data-id=\"2f195b2\" data-element_type=\"section\" data-e-type=\"section\">\n\t\t\t\t\t\t<div class=\"elementor-container elementor-column-gap-default\">\n\t\t\t\t\t<div class=\"elementor-column elementor-col-100 elementor-top-column elementor-element elementor-element-99bdefc\" data-id=\"99bdefc\" data-element_type=\"column\" data-e-type=\"column\">\n\t\t\t<div class=\"elementor-widget-wrap elementor-element-populated\">\n\t\t\t\t\t\t<div class=\"elementor-element elementor-element-867cc5f elementor-widget elementor-widget-image\" data-id=\"867cc5f\" data-element_type=\"widget\" data-e-type=\"widget\" data-widget_type=\"image.default\">\n\t\t\t\t<div class=\"elementor-widget-container\">\n\t\t\t\t\t\t\t\t\t\t\t\t\t\t\t<img loading=\"lazy\" decoding=\"async\" width=\"750\" height=\"422\" src=\"https:\/\/kernd.de\/wp-content\/uploads\/2023\/04\/Grafik-Flaechenbedarf-UNECE-Noland-et-al_aufgebessert-1024x576.jpg\" class=\"attachment-large size-large wp-image-3292\" alt=\"\" srcset=\"https:\/\/kernd.de\/wp-content\/uploads\/2023\/04\/Grafik-Flaechenbedarf-UNECE-Noland-et-al_aufgebessert-1024x576.jpg 1024w, https:\/\/kernd.de\/wp-content\/uploads\/2023\/04\/Grafik-Flaechenbedarf-UNECE-Noland-et-al_aufgebessert-230x129.jpg 230w, https:\/\/kernd.de\/wp-content\/uploads\/2023\/04\/Grafik-Flaechenbedarf-UNECE-Noland-et-al_aufgebessert-600x338.jpg 600w, https:\/\/kernd.de\/wp-content\/uploads\/2023\/04\/Grafik-Flaechenbedarf-UNECE-Noland-et-al_aufgebessert-300x169.jpg 300w, https:\/\/kernd.de\/wp-content\/uploads\/2023\/04\/Grafik-Flaechenbedarf-UNECE-Noland-et-al_aufgebessert-768x432.jpg 768w, https:\/\/kernd.de\/wp-content\/uploads\/2023\/04\/Grafik-Flaechenbedarf-UNECE-Noland-et-al_aufgebessert.jpg 1280w\" sizes=\"(max-width: 750px) 100vw, 750px\" \/>\t\t\t\t\t\t\t\t\t\t\t\t\t\t\t<\/div>\n\t\t\t\t<\/div>\n\t\t\t\t\t<\/div>\n\t\t<\/div>\n\t\t\t\t\t<\/div>\n\t\t<\/section>\n\t\t\t\t<section class=\"elementor-section elementor-top-section elementor-element elementor-element-675e845 elementor-section-boxed elementor-section-height-default elementor-section-height-default\" data-id=\"675e845\" data-element_type=\"section\" data-e-type=\"section\">\n\t\t\t\t\t\t<div class=\"elementor-container elementor-column-gap-default\">\n\t\t\t\t\t<div class=\"elementor-column elementor-col-100 elementor-top-column elementor-element elementor-element-2ffb726\" data-id=\"2ffb726\" data-element_type=\"column\" data-e-type=\"column\">\n\t\t\t<div class=\"elementor-widget-wrap elementor-element-populated\">\n\t\t\t\t\t\t<div class=\"elementor-element elementor-element-3ea88af elementor-widget elementor-widget-text-editor\" data-id=\"3ea88af\" data-element_type=\"widget\" data-e-type=\"widget\" data-widget_type=\"text-editor.default\">\n\t\t\t\t<div class=\"elementor-widget-container\">\n\t\t\t\t\t\t\t\t\t<p>Kernkraftwerke k\u00f6nnen im Rahmen der Aufnahmef\u00e4higkeit der Sekund\u00e4rrohstoffm\u00e4rkte (Einschr\u00e4nkung insbesondere bei Bauschutt) gut rezykliert werden und ihr R\u00fcckbau erbringt zahlreiche wertvolle Sekund\u00e4rrohstoffe. Allerdings werden im Laufe des Betriebs einige Bauteile und Komponenten (Massenanteil von 1 &#8211; 2 %) aktiviert oder substantiell kontaminiert und m\u00fcssen deshalb durch Endlagerung dem Stoffkreislauf und den biologischen Kreisl\u00e4ufen entzogen werden.<\/p><p>Anders als bei fossilen Brennstoffen, die bei ihrer energetischen Nutzung unwiederbringlich zerst\u00f6rt werden, kann ein Teil des Kernbrennstoffes zur\u00fcckgewonnen und wieder verwertet werden. Auch im Rahmen der Kernbrennstoffversorgung entstehen verwertbare Sekund\u00e4rressourcen. Mit k\u00fcnftigen Technologien wird eine weitergehende Verwertung von benutztem Kernbrennstoff m\u00f6glich werden und insbesondere kann die Nutzung der Sekund\u00e4rressource aus der Brennstoffversorgung zu einer enormen Energieressource werden. Die M\u00f6glichkeiten der Kerntechnik sind hier insoweit noch bei weitem nicht ausgesch\u00f6pft.<\/p>\t\t\t\t\t\t\t\t<\/div>\n\t\t\t\t<\/div>\n\t\t\t\t\t<\/div>\n\t\t<\/div>\n\t\t\t\t\t<\/div>\n\t\t<\/section>\n\t\t\t\t<section class=\"elementor-section elementor-top-section elementor-element elementor-element-f0f92f4 elementor-section-boxed elementor-section-height-default elementor-section-height-default\" data-id=\"f0f92f4\" data-element_type=\"section\" data-e-type=\"section\">\n\t\t\t\t\t\t<div class=\"elementor-container elementor-column-gap-default\">\n\t\t\t\t\t<div class=\"elementor-column elementor-col-100 elementor-top-column elementor-element elementor-element-91363f6\" data-id=\"91363f6\" data-element_type=\"column\" data-e-type=\"column\">\n\t\t\t<div class=\"elementor-widget-wrap\">\n\t\t\t\t\t\t\t<\/div>\n\t\t<\/div>\n\t\t\t\t\t<\/div>\n\t\t<\/section>\n\t\t\t\t<section class=\"elementor-section elementor-top-section elementor-element elementor-element-d95b60d elementor-section-boxed elementor-section-height-default elementor-section-height-default\" data-id=\"d95b60d\" data-element_type=\"section\" data-e-type=\"section\">\n\t\t\t\t\t\t<div class=\"elementor-container elementor-column-gap-default\">\n\t\t\t\t\t<div class=\"elementor-column elementor-col-100 elementor-top-column elementor-element elementor-element-56ea915\" data-id=\"56ea915\" data-element_type=\"column\" data-e-type=\"column\">\n\t\t\t<div class=\"elementor-widget-wrap\">\n\t\t\t\t\t\t\t<\/div>\n\t\t<\/div>\n\t\t\t\t\t<\/div>\n\t\t<\/section>\n\t\t\t\t<section class=\"elementor-section elementor-top-section elementor-element elementor-element-5d9cefe elementor-section-boxed elementor-section-height-default elementor-section-height-default\" data-id=\"5d9cefe\" data-element_type=\"section\" data-e-type=\"section\">\n\t\t\t\t\t\t<div class=\"elementor-container elementor-column-gap-default\">\n\t\t\t\t\t<div class=\"elementor-column elementor-col-100 elementor-top-column elementor-element elementor-element-e92f3e9\" data-id=\"e92f3e9\" data-element_type=\"column\" data-e-type=\"column\">\n\t\t\t<div class=\"elementor-widget-wrap elementor-element-populated\">\n\t\t\t\t\t\t<div class=\"elementor-element elementor-element-a1a1f86 elementor-arrows-position-inside elementor-pagination-position-outside elementor-widget elementor-widget-image-carousel\" data-id=\"a1a1f86\" data-element_type=\"widget\" data-e-type=\"widget\" data-settings=\"{&quot;navigation&quot;:&quot;both&quot;,&quot;autoplay&quot;:&quot;yes&quot;,&quot;pause_on_hover&quot;:&quot;yes&quot;,&quot;pause_on_interaction&quot;:&quot;yes&quot;,&quot;autoplay_speed&quot;:5000,&quot;infinite&quot;:&quot;yes&quot;,&quot;speed&quot;:500}\" data-widget_type=\"image-carousel.default\">\n\t\t\t\t<div class=\"elementor-widget-container\">\n\t\t\t\t\t\t\t<div class=\"elementor-image-carousel-wrapper swiper\" role=\"region\" aria-roledescription=\"carousel\" aria-label=\"Bilderkarussell\" dir=\"ltr\">\n\t\t\t<div class=\"elementor-image-carousel swiper-wrapper\" aria-live=\"off\">\n\t\t\t\t\t\t\t\t<div class=\"swiper-slide\" role=\"group\" aria-roledescription=\"slide\" aria-label=\"1 von 4\"><figure class=\"swiper-slide-inner\"><img decoding=\"async\" class=\"swiper-slide-image\" src=\"https:\/\/kernd.de\/wp-content\/uploads\/2023\/05\/KT-L-Logo-RGB-300x45.jpg\" alt=\"KT L Logo RGB\" \/><\/figure><\/div><div class=\"swiper-slide\" role=\"group\" aria-roledescription=\"slide\" aria-label=\"2 von 4\"><figure class=\"swiper-slide-inner\"><img decoding=\"async\" class=\"swiper-slide-image\" src=\"https:\/\/kernd.de\/wp-content\/uploads\/2022\/03\/ktg.png\" alt=\"ktg\" \/><\/figure><\/div><div class=\"swiper-slide\" role=\"group\" aria-roledescription=\"slide\" aria-label=\"3 von 4\"><figure class=\"swiper-slide-inner\"><img decoding=\"async\" class=\"swiper-slide-image\" src=\"https:\/\/kernd.de\/wp-content\/uploads\/2022\/03\/kernd.png\" alt=\"kernd\" \/><\/figure><\/div><div class=\"swiper-slide\" role=\"group\" aria-roledescription=\"slide\" aria-label=\"4 von 4\"><figure class=\"swiper-slide-inner\"><img decoding=\"async\" class=\"swiper-slide-image\" src=\"https:\/\/kernd.de\/wp-content\/uploads\/2022\/03\/Inforum.png\" alt=\"Inforum\" \/><\/figure><\/div>\t\t\t<\/div>\n\t\t\t\t\t\t\t\t\t\t\t\t<div class=\"elementor-swiper-button elementor-swiper-button-prev\" role=\"button\" tabindex=\"0\">\n\t\t\t\t\t\t<i aria-hidden=\"true\" class=\"eicon-chevron-left\"><\/i>\t\t\t\t\t<\/div>\n\t\t\t\t\t<div class=\"elementor-swiper-button elementor-swiper-button-next\" role=\"button\" tabindex=\"0\">\n\t\t\t\t\t\t<i aria-hidden=\"true\" class=\"eicon-chevron-right\"><\/i>\t\t\t\t\t<\/div>\n\t\t\t\t\n\t\t\t\t\t\t\t\t\t<div class=\"swiper-pagination\"><\/div>\n\t\t\t\t\t\t\t\t\t<\/div>\n\t\t\t\t\t\t<\/div>\n\t\t\t\t<\/div>\n\t\t\t\t\t<\/div>\n\t\t<\/div>\n\t\t\t\t\t<\/div>\n\t\t<\/section>\n\t\t\t\t<\/div>\n\t\t","protected":false},"excerpt":{"rendered":"<p>Ressourcenschonung Die Kernenergie verbraucht im Gegensatz zur Stromerzeugung mit den fossilen Energietr\u00e4gern Kohle, \u00d6l und Erdgas keine gro\u00dfen Mengen Brennstoffe und erfordert zugleich einen kleineren Einsatz anderer Ressourcen (Beton\/Zement, Stahl, andere Metalle) in Bezug auf die erzeugte Strommenge als andere CO2-armen Technologie wie Wind- und Wasserkraft oder Photovoltaik. Zu den [&hellip;]<\/p>\n","protected":false},"author":4,"featured_media":0,"parent":0,"menu_order":0,"comment_status":"closed","ping_status":"closed","template":"page-templates\/template-pagebuilder-full-width.php","meta":{"footnotes":""},"class_list":["post-3235","page","type-page","status-publish","hentry"],"aioseo_notices":[],"_links":{"self":[{"href":"https:\/\/kernd.de\/de\/wp-json\/wp\/v2\/pages\/3235","targetHints":{"allow":["GET"]}}],"collection":[{"href":"https:\/\/kernd.de\/de\/wp-json\/wp\/v2\/pages"}],"about":[{"href":"https:\/\/kernd.de\/de\/wp-json\/wp\/v2\/types\/page"}],"author":[{"embeddable":true,"href":"https:\/\/kernd.de\/de\/wp-json\/wp\/v2\/users\/4"}],"replies":[{"embeddable":true,"href":"https:\/\/kernd.de\/de\/wp-json\/wp\/v2\/comments?post=3235"}],"version-history":[{"count":0,"href":"https:\/\/kernd.de\/de\/wp-json\/wp\/v2\/pages\/3235\/revisions"}],"wp:attachment":[{"href":"https:\/\/kernd.de\/de\/wp-json\/wp\/v2\/media?parent=3235"}],"curies":[{"name":"wp","href":"https:\/\/api.w.org\/{rel}","templated":true}]}}