{"id":3233,"date":"2023-04-24T16:04:08","date_gmt":"2023-04-24T16:04:08","guid":{"rendered":"https:\/\/kerndd.live-website.com\/?page_id=3233"},"modified":"2023-08-25T16:18:36","modified_gmt":"2023-08-25T16:18:36","slug":"klimafreundlichkeit","status":"publish","type":"page","link":"https:\/\/kernd.de\/de\/klimafreundlichkeit\/","title":{"rendered":"Klimafreundlichkeit"},"content":{"rendered":"\t\t<div data-elementor-type=\"wp-page\" data-elementor-id=\"3233\" class=\"elementor elementor-3233\">\n\t\t\t\t\t\t<section class=\"elementor-section elementor-top-section elementor-element elementor-element-b7aaa92 elementor-section-boxed elementor-section-height-default elementor-section-height-default\" data-id=\"b7aaa92\" data-element_type=\"section\" data-e-type=\"section\">\n\t\t\t\t\t\t<div class=\"elementor-container elementor-column-gap-default\">\n\t\t\t\t\t<div class=\"elementor-column elementor-col-100 elementor-top-column elementor-element elementor-element-beecffd\" data-id=\"beecffd\" data-element_type=\"column\" data-e-type=\"column\">\n\t\t\t<div class=\"elementor-widget-wrap elementor-element-populated\">\n\t\t\t\t\t\t<div class=\"elementor-element elementor-element-6bc7e9c elementor-widget elementor-widget-heading\" data-id=\"6bc7e9c\" data-element_type=\"widget\" data-e-type=\"widget\" data-widget_type=\"heading.default\">\n\t\t\t\t<div class=\"elementor-widget-container\">\n\t\t\t\t\t<h2 class=\"elementor-heading-title elementor-size-xl\">Klimafreundlichkeit<\/h2>\t\t\t\t<\/div>\n\t\t\t\t<\/div>\n\t\t\t\t\t<\/div>\n\t\t<\/div>\n\t\t\t\t\t<\/div>\n\t\t<\/section>\n\t\t\t\t<section class=\"elementor-section elementor-top-section elementor-element elementor-element-f096753 elementor-section-boxed elementor-section-height-default elementor-section-height-default\" data-id=\"f096753\" data-element_type=\"section\" data-e-type=\"section\">\n\t\t\t\t\t\t<div class=\"elementor-container elementor-column-gap-default\">\n\t\t\t\t\t<div class=\"elementor-column elementor-col-100 elementor-top-column elementor-element elementor-element-d848334\" data-id=\"d848334\" data-element_type=\"column\" data-e-type=\"column\">\n\t\t\t<div class=\"elementor-widget-wrap elementor-element-populated\">\n\t\t\t\t\t\t<div class=\"elementor-element elementor-element-d835d64 elementor-widget elementor-widget-text-editor\" data-id=\"d835d64\" data-element_type=\"widget\" data-e-type=\"widget\" data-widget_type=\"text-editor.default\">\n\t\t\t\t<div class=\"elementor-widget-container\">\n\t\t\t\t\t\t\t\t\t<p>Die Kernkraft geh\u00f6rt zu den klimafreundlichsten Stromerzeugungsarten und ist diesbez\u00fcglich vergleichbar mit oder besser als Windkraft und Wasserkraft. So haben die deutschen Kernkraftwerke mit ihrer Gesamterzeugung von 5.600 Terawattstunden Strom (5.600 Milliarden kWh) die Emission von rund 5,6 Milliarden Tonnen CO<sub>2<\/sub> vermieden, entsprechend den aktuellen Treibhausgasemissionen aller Sektoren (Energiewirtschaft, Verkehr, Geb\u00e4ude, Industrie, Landwirtschaft) von siebeneinhalb Jahren.<\/p><p>Dementsprechend ist die Kernenergie in vielen L\u00e4ndern wichtiger Bestandteil der Klimapolitik um die Ziele der Reduktion des Treibhausgasaussto\u00dfes zu erreichen. Hier spielt auch der gro\u00dfe Beitrag von Kernkraftwerken zur Versorgungssicherheit und ihre einfache und problemlose Integration in das Stromerzeugungssystem etwa an Stelle von emissionsintensiven Kohlekraftwerken eine Rolle. Diese Eigenschaften haben auch positive Auswirkungen auf die Wirtschaftlichkeit der Strombereitstellung in ihrer Gesamtheit und Erleichtern die Transformation zu einer emissionsarmen Stromversorgung.<\/p>\t\t\t\t\t\t\t\t<\/div>\n\t\t\t\t<\/div>\n\t\t\t\t\t<\/div>\n\t\t<\/div>\n\t\t\t\t\t<\/div>\n\t\t<\/section>\n\t\t\t\t<section class=\"elementor-section elementor-top-section elementor-element elementor-element-281a581 elementor-section-boxed elementor-section-height-default elementor-section-height-default\" data-id=\"281a581\" data-element_type=\"section\" data-e-type=\"section\">\n\t\t\t\t\t\t<div class=\"elementor-container elementor-column-gap-default\">\n\t\t\t\t\t<div class=\"elementor-column elementor-col-100 elementor-top-column elementor-element elementor-element-f5586f4\" data-id=\"f5586f4\" data-element_type=\"column\" data-e-type=\"column\">\n\t\t\t<div class=\"elementor-widget-wrap elementor-element-populated\">\n\t\t\t\t\t\t<div class=\"elementor-element elementor-element-4aa7430 elementor-widget elementor-widget-image\" data-id=\"4aa7430\" data-element_type=\"widget\" data-e-type=\"widget\" data-widget_type=\"image.default\">\n\t\t\t\t<div class=\"elementor-widget-container\">\n\t\t\t\t\t\t\t\t\t\t\t\t\t\t\t<img fetchpriority=\"high\" decoding=\"async\" width=\"750\" height=\"422\" src=\"https:\/\/kernd.de\/wp-content\/uploads\/2023\/04\/UNECE-CO2-Lebenszyklusemissionen_aufgebessert-1024x576.jpg\" class=\"attachment-large size-large wp-image-3268\" alt=\"\" srcset=\"https:\/\/kernd.de\/wp-content\/uploads\/2023\/04\/UNECE-CO2-Lebenszyklusemissionen_aufgebessert-1024x576.jpg 1024w, https:\/\/kernd.de\/wp-content\/uploads\/2023\/04\/UNECE-CO2-Lebenszyklusemissionen_aufgebessert-230x129.jpg 230w, https:\/\/kernd.de\/wp-content\/uploads\/2023\/04\/UNECE-CO2-Lebenszyklusemissionen_aufgebessert-600x338.jpg 600w, https:\/\/kernd.de\/wp-content\/uploads\/2023\/04\/UNECE-CO2-Lebenszyklusemissionen_aufgebessert-300x169.jpg 300w, https:\/\/kernd.de\/wp-content\/uploads\/2023\/04\/UNECE-CO2-Lebenszyklusemissionen_aufgebessert-768x432.jpg 768w, https:\/\/kernd.de\/wp-content\/uploads\/2023\/04\/UNECE-CO2-Lebenszyklusemissionen_aufgebessert.jpg 1280w\" sizes=\"(max-width: 750px) 100vw, 750px\" \/>\t\t\t\t\t\t\t\t\t\t\t\t\t\t\t<\/div>\n\t\t\t\t<\/div>\n\t\t\t\t\t<\/div>\n\t\t<\/div>\n\t\t\t\t\t<\/div>\n\t\t<\/section>\n\t\t\t\t<section class=\"elementor-section elementor-top-section elementor-element elementor-element-721467a elementor-section-boxed elementor-section-height-default elementor-section-height-default\" data-id=\"721467a\" data-element_type=\"section\" data-e-type=\"section\">\n\t\t\t\t\t\t<div class=\"elementor-container elementor-column-gap-default\">\n\t\t\t\t\t<div class=\"elementor-column elementor-col-100 elementor-top-column elementor-element elementor-element-5c977b8\" data-id=\"5c977b8\" data-element_type=\"column\" data-e-type=\"column\">\n\t\t\t<div class=\"elementor-widget-wrap elementor-element-populated\">\n\t\t\t\t\t\t<div class=\"elementor-element elementor-element-4ffbe62 elementor-widget elementor-widget-text-editor\" data-id=\"4ffbe62\" data-element_type=\"widget\" data-e-type=\"widget\" data-widget_type=\"text-editor.default\">\n\t\t\t\t<div class=\"elementor-widget-container\">\n\t\t\t\t\t\t\t\t\t<p>Eine neue Entwicklung ist die Nutzung der Abw\u00e4rme von Kernkraftwerken f\u00fcr Verfahren zur Direktentnahme von CO2 aus der Atmosph\u00e4re (Direct Air Capture). Derzeit wird im Zusammenhang mit dem kurz vor Baubeginn stehenden Kernkraftwerk Sizewell C im Vereinigten K\u00f6nigreich eine Pilotanlage zur DAC projektiert. Falls das Konzept der Pilotanlage sich bew\u00e4hrt, k\u00f6nnte eine Anlage im industriellen Ma\u00dfstab aufgebaut werden, die j\u00e4hrlich 1,5 Millionen Tonnen CO2 aus der Atmosph\u00e4re entnimmt, das entweder dauerhaft unterirdisch gelagert werden k\u00f6nnte \u2013 etwa in ersch\u00f6pften Erdgasfeldern \u2013 oder zur Herstellung von synthetischem Methangas oder von Synfuel f\u00fcr Flugzeuge, Schiffe, gro\u00dfe Maschinen, LKW oder PKW verwendet werden k\u00f6nnte. Ein Kernkraftwerk mit einer DAC-Anlage, die die Abw\u00e4rme nutzt, w\u00e4re eine CO2-Senke. Die Technik lie\u00dfe sich grunds\u00e4tzlich auf jedes Kernkraftwerk mit Leichtwasserreaktor anwenden, einschlie\u00dflich der Bestandsanlagen. DAC stellt damit neben der Meerwasserentsalzung die zweite gut skalierbare Anwendung f\u00fcr die Abw\u00e4rme von Leichtwasserreaktoren dar, die durch ein recht niedriges Temperaturniveau gekennzeichnet ist. In den meisten Anwendungsf\u00e4llen der Meerwasserentsalzung mit Kernenergie dient diese aber ausschlie\u00dflich oder \u00fcberwiegend dem Eigenbedarf der Kraftwerke.<\/p>\t\t\t\t\t\t\t\t<\/div>\n\t\t\t\t<\/div>\n\t\t\t\t\t<\/div>\n\t\t<\/div>\n\t\t\t\t\t<\/div>\n\t\t<\/section>\n\t\t\t\t<section class=\"elementor-section elementor-top-section elementor-element elementor-element-a703c7f elementor-section-boxed elementor-section-height-default elementor-section-height-default\" data-id=\"a703c7f\" data-element_type=\"section\" data-e-type=\"section\">\n\t\t\t\t\t\t<div class=\"elementor-container elementor-column-gap-default\">\n\t\t\t\t\t<div class=\"elementor-column elementor-col-100 elementor-top-column elementor-element elementor-element-bb36e32\" data-id=\"bb36e32\" data-element_type=\"column\" data-e-type=\"column\">\n\t\t\t<div class=\"elementor-widget-wrap elementor-element-populated\">\n\t\t\t\t\t\t<div class=\"elementor-element elementor-element-aea8a72 elementor-widget elementor-widget-image\" data-id=\"aea8a72\" data-element_type=\"widget\" data-e-type=\"widget\" data-widget_type=\"image.default\">\n\t\t\t\t<div class=\"elementor-widget-container\">\n\t\t\t\t\t\t\t\t\t\t\t\t\t\t\t<img decoding=\"async\" width=\"750\" height=\"422\" src=\"https:\/\/kernd.de\/wp-content\/uploads\/2023\/08\/Erzeugungsmix-Neuengland-in-Abhaengigkeit-von-CO2-Intensitaet-1-1024x576.jpg\" class=\"attachment-large size-large wp-image-4979\" alt=\"\" srcset=\"https:\/\/kernd.de\/wp-content\/uploads\/2023\/08\/Erzeugungsmix-Neuengland-in-Abhaengigkeit-von-CO2-Intensitaet-1-1024x576.jpg 1024w, https:\/\/kernd.de\/wp-content\/uploads\/2023\/08\/Erzeugungsmix-Neuengland-in-Abhaengigkeit-von-CO2-Intensitaet-1-230x129.jpg 230w, https:\/\/kernd.de\/wp-content\/uploads\/2023\/08\/Erzeugungsmix-Neuengland-in-Abhaengigkeit-von-CO2-Intensitaet-1-600x338.jpg 600w, https:\/\/kernd.de\/wp-content\/uploads\/2023\/08\/Erzeugungsmix-Neuengland-in-Abhaengigkeit-von-CO2-Intensitaet-1-300x169.jpg 300w, https:\/\/kernd.de\/wp-content\/uploads\/2023\/08\/Erzeugungsmix-Neuengland-in-Abhaengigkeit-von-CO2-Intensitaet-1-768x432.jpg 768w, https:\/\/kernd.de\/wp-content\/uploads\/2023\/08\/Erzeugungsmix-Neuengland-in-Abhaengigkeit-von-CO2-Intensitaet-1.jpg 1280w\" sizes=\"(max-width: 750px) 100vw, 750px\" \/>\t\t\t\t\t\t\t\t\t\t\t\t\t\t\t<\/div>\n\t\t\t\t<\/div>\n\t\t\t\t\t<\/div>\n\t\t<\/div>\n\t\t\t\t\t<\/div>\n\t\t<\/section>\n\t\t\t\t<section class=\"elementor-section elementor-top-section elementor-element elementor-element-4183d7d elementor-section-boxed elementor-section-height-default elementor-section-height-default\" data-id=\"4183d7d\" data-element_type=\"section\" data-e-type=\"section\">\n\t\t\t\t\t\t<div class=\"elementor-container elementor-column-gap-default\">\n\t\t\t\t\t<div class=\"elementor-column elementor-col-100 elementor-top-column elementor-element elementor-element-4086a62\" data-id=\"4086a62\" data-element_type=\"column\" data-e-type=\"column\">\n\t\t\t<div class=\"elementor-widget-wrap elementor-element-populated\">\n\t\t\t\t\t\t<div class=\"elementor-element elementor-element-ddd55e2 elementor-widget elementor-widget-text-editor\" data-id=\"ddd55e2\" data-element_type=\"widget\" data-e-type=\"widget\" data-widget_type=\"text-editor.default\">\n\t\t\t\t<div class=\"elementor-widget-container\">\n\t\t\t\t\t\t\t\t\t<p>Die Kernkraft ist f\u00fcr die so genannte tiefe Dekarbonisierung der Stromerzeugung, also f\u00fcr das Erreichen einer durchschnittlichen CO2-Intensit\u00e4t deutlich unter 100 Gramm pro Kilowattstunde f\u00fcr das gesamte Stromerzeugungssystem am besten geeignet. In der obigen Abbildung ist das Ergebnis einer kostenoptimierenden Analyse f\u00fcr die gesamte Stromerzeugung in Abh\u00e4ngigkeit von einem Zielwert der CO2-Intensit\u00e4t dargestellt. Das Beispiel wurde f\u00fcr das Stromnetz ISO-New England gerechnet, ist aber auf vergleichbare Klimaregionen ohne gro\u00dfes Wasserkraftpotential \u00fcbertrgbar. Das abgebildete Szenario ist RN&amp;S&amp;LWR (Gaskraft, Fotovoltaik, Windkraft, Pump- und Batteriespeicher, Kernkraft).&nbsp;<\/p>\n<p>Aus einem anderen Blickwinkel betrachtet der Bericht Futures \u00e9nerg\u00e9tiques 2050 (2021) des franz\u00f6sischen Stromnetzbetreibers RTE den Sachverhalt: Dort geht es um die Betrachtung des Szenarios eines Ausstiegs aus der Kernenergie in Frankreich bis 2035. Hinsichtlich der CO2-Intensit\u00e4t ist das Ergebnis, dass die CO2-Emissionen auch bei starkem Ausbau der erneuerbaren Energien um 56 Millionen Tonnen CO2 pro Jahr anwachsen. Das entspr\u00e4che einem Anstieg der CO2-Intensit\u00e4t um rund 100 g\/kWh von ca. 50 g\/kWh auf 150 g\/kWh.<\/p>\n<p>Auch im deutschen Fall gibt es Indizien aus der Praxis, dass eine tiefe Dekarbonisierung der Stromerzeugung nur mit erneuerbaren Energien nicht realisiert werden kann. So pendelt auch bei einem sehr hohen Anteil der erneuerbaren Energien an der Tagsstromerzeugung von um die 80 Prozent, wie dieser im Sommer \u00f6fter zu beobachten ist, und trotz Stromimporten die CO2-Intensit\u00e4t zwischen 200 und 300 g\/kWh.<\/p>\n<p>ie<\/p>\t\t\t\t\t\t\t\t<\/div>\n\t\t\t\t<\/div>\n\t\t\t\t\t<\/div>\n\t\t<\/div>\n\t\t\t\t\t<\/div>\n\t\t<\/section>\n\t\t\t\t<section class=\"elementor-section elementor-top-section elementor-element elementor-element-6da99cc elementor-section-boxed elementor-section-height-default elementor-section-height-default\" data-id=\"6da99cc\" data-element_type=\"section\" data-e-type=\"section\">\n\t\t\t\t\t\t<div class=\"elementor-container elementor-column-gap-default\">\n\t\t\t\t\t<div class=\"elementor-column elementor-col-100 elementor-top-column elementor-element elementor-element-afcc2d1\" data-id=\"afcc2d1\" data-element_type=\"column\" data-e-type=\"column\">\n\t\t\t<div class=\"elementor-widget-wrap elementor-element-populated\">\n\t\t\t\t\t\t<div class=\"elementor-element elementor-element-d9590c4 elementor-arrows-position-inside elementor-pagination-position-outside elementor-widget elementor-widget-image-carousel\" data-id=\"d9590c4\" data-element_type=\"widget\" data-e-type=\"widget\" data-settings=\"{&quot;navigation&quot;:&quot;both&quot;,&quot;autoplay&quot;:&quot;yes&quot;,&quot;pause_on_hover&quot;:&quot;yes&quot;,&quot;pause_on_interaction&quot;:&quot;yes&quot;,&quot;autoplay_speed&quot;:5000,&quot;infinite&quot;:&quot;yes&quot;,&quot;speed&quot;:500}\" data-widget_type=\"image-carousel.default\">\n\t\t\t\t<div class=\"elementor-widget-container\">\n\t\t\t\t\t\t\t<div class=\"elementor-image-carousel-wrapper swiper\" role=\"region\" aria-roledescription=\"carousel\" aria-label=\"Bilderkarussell\" dir=\"ltr\">\n\t\t\t<div class=\"elementor-image-carousel swiper-wrapper\" aria-live=\"off\">\n\t\t\t\t\t\t\t\t<div class=\"swiper-slide\" role=\"group\" aria-roledescription=\"slide\" aria-label=\"1 von 4\"><figure class=\"swiper-slide-inner\"><img decoding=\"async\" class=\"swiper-slide-image\" src=\"https:\/\/kernd.de\/wp-content\/uploads\/2023\/05\/KT-L-Logo-RGB-300x45.jpg\" alt=\"KT L Logo RGB\" \/><\/figure><\/div><div class=\"swiper-slide\" role=\"group\" aria-roledescription=\"slide\" aria-label=\"2 von 4\"><figure class=\"swiper-slide-inner\"><img decoding=\"async\" class=\"swiper-slide-image\" src=\"https:\/\/kernd.de\/wp-content\/uploads\/2022\/03\/Inforum.png\" alt=\"Inforum\" \/><\/figure><\/div><div class=\"swiper-slide\" role=\"group\" aria-roledescription=\"slide\" aria-label=\"3 von 4\"><figure class=\"swiper-slide-inner\"><img decoding=\"async\" class=\"swiper-slide-image\" src=\"https:\/\/kernd.de\/wp-content\/uploads\/2022\/03\/kernd.png\" alt=\"kernd\" \/><\/figure><\/div><div class=\"swiper-slide\" role=\"group\" aria-roledescription=\"slide\" aria-label=\"4 von 4\"><figure class=\"swiper-slide-inner\"><img decoding=\"async\" class=\"swiper-slide-image\" src=\"https:\/\/kernd.de\/wp-content\/uploads\/2022\/03\/ktg.png\" alt=\"ktg\" \/><\/figure><\/div>\t\t\t<\/div>\n\t\t\t\t\t\t\t\t\t\t\t\t<div class=\"elementor-swiper-button elementor-swiper-button-prev\" role=\"button\" tabindex=\"0\">\n\t\t\t\t\t\t<i aria-hidden=\"true\" class=\"eicon-chevron-left\"><\/i>\t\t\t\t\t<\/div>\n\t\t\t\t\t<div class=\"elementor-swiper-button elementor-swiper-button-next\" role=\"button\" tabindex=\"0\">\n\t\t\t\t\t\t<i aria-hidden=\"true\" class=\"eicon-chevron-right\"><\/i>\t\t\t\t\t<\/div>\n\t\t\t\t\n\t\t\t\t\t\t\t\t\t<div class=\"swiper-pagination\"><\/div>\n\t\t\t\t\t\t\t\t\t<\/div>\n\t\t\t\t\t\t<\/div>\n\t\t\t\t<\/div>\n\t\t\t\t\t<\/div>\n\t\t<\/div>\n\t\t\t\t\t<\/div>\n\t\t<\/section>\n\t\t\t\t<\/div>\n\t\t","protected":false},"excerpt":{"rendered":"<p>Klimafreundlichkeit Die Kernkraft geh\u00f6rt zu den klimafreundlichsten Stromerzeugungsarten und ist diesbez\u00fcglich vergleichbar mit oder besser als Windkraft und Wasserkraft. So haben die deutschen Kernkraftwerke mit ihrer Gesamterzeugung von 5.600 Terawattstunden Strom (5.600 Milliarden kWh) die Emission von rund 5,6 Milliarden Tonnen CO2 vermieden, entsprechend den aktuellen Treibhausgasemissionen aller Sektoren (Energiewirtschaft, [&hellip;]<\/p>\n","protected":false},"author":4,"featured_media":0,"parent":0,"menu_order":0,"comment_status":"closed","ping_status":"closed","template":"page-templates\/template-pagebuilder-full-width.php","meta":{"footnotes":""},"class_list":["post-3233","page","type-page","status-publish","hentry"],"aioseo_notices":[],"_links":{"self":[{"href":"https:\/\/kernd.de\/de\/wp-json\/wp\/v2\/pages\/3233","targetHints":{"allow":["GET"]}}],"collection":[{"href":"https:\/\/kernd.de\/de\/wp-json\/wp\/v2\/pages"}],"about":[{"href":"https:\/\/kernd.de\/de\/wp-json\/wp\/v2\/types\/page"}],"author":[{"embeddable":true,"href":"https:\/\/kernd.de\/de\/wp-json\/wp\/v2\/users\/4"}],"replies":[{"embeddable":true,"href":"https:\/\/kernd.de\/de\/wp-json\/wp\/v2\/comments?post=3233"}],"version-history":[{"count":0,"href":"https:\/\/kernd.de\/de\/wp-json\/wp\/v2\/pages\/3233\/revisions"}],"wp:attachment":[{"href":"https:\/\/kernd.de\/de\/wp-json\/wp\/v2\/media?parent=3233"}],"curies":[{"name":"wp","href":"https:\/\/api.w.org\/{rel}","templated":true}]}}