{"id":2628,"date":"2022-04-21T05:42:14","date_gmt":"2022-04-21T05:42:14","guid":{"rendered":"https:\/\/kerndd.live-website.com\/?page_id=2628"},"modified":"2025-03-25T09:13:29","modified_gmt":"2025-03-25T09:13:29","slug":"publikationen-2","status":"publish","type":"page","link":"https:\/\/kernd.de\/de\/publikationen-2\/","title":{"rendered":"Publikationen"},"content":{"rendered":"\t\t<div data-elementor-type=\"wp-page\" data-elementor-id=\"2628\" class=\"elementor elementor-2628\">\n\t\t\t\t\t\t<section class=\"elementor-section elementor-top-section elementor-element elementor-element-6ef8a28 elementor-section-boxed elementor-section-height-default elementor-section-height-default\" data-id=\"6ef8a28\" data-element_type=\"section\" data-e-type=\"section\">\n\t\t\t\t\t\t<div class=\"elementor-container elementor-column-gap-default\">\n\t\t\t\t\t<div class=\"elementor-column elementor-col-100 elementor-top-column elementor-element elementor-element-8095173\" data-id=\"8095173\" data-element_type=\"column\" data-e-type=\"column\">\n\t\t\t<div class=\"elementor-widget-wrap elementor-element-populated\">\n\t\t\t\t\t\t<div class=\"elementor-element elementor-element-713adf7 elementor-widget elementor-widget-spacer\" data-id=\"713adf7\" data-element_type=\"widget\" data-e-type=\"widget\" data-widget_type=\"spacer.default\">\n\t\t\t\t<div class=\"elementor-widget-container\">\n\t\t\t\t\t\t\t<div class=\"elementor-spacer\">\n\t\t\t<div class=\"elementor-spacer-inner\"><\/div>\n\t\t<\/div>\n\t\t\t\t\t\t<\/div>\n\t\t\t\t<\/div>\n\t\t\t\t\t<\/div>\n\t\t<\/div>\n\t\t\t\t\t<\/div>\n\t\t<\/section>\n\t\t\t\t<section class=\"elementor-section elementor-top-section elementor-element elementor-element-f185c86 elementor-section-boxed elementor-section-height-default elementor-section-height-default\" data-id=\"f185c86\" data-element_type=\"section\" data-e-type=\"section\">\n\t\t\t\t\t\t<div class=\"elementor-container elementor-column-gap-default\">\n\t\t\t\t\t<div class=\"elementor-column elementor-col-100 elementor-top-column elementor-element elementor-element-8a4b305\" data-id=\"8a4b305\" data-element_type=\"column\" data-e-type=\"column\">\n\t\t\t<div class=\"elementor-widget-wrap elementor-element-populated\">\n\t\t\t\t\t\t<div class=\"elementor-element elementor-element-55e7f17 elementor-widget elementor-widget-text-editor\" data-id=\"55e7f17\" data-element_type=\"widget\" data-e-type=\"widget\" data-widget_type=\"text-editor.default\">\n\t\t\t\t<div class=\"elementor-widget-container\">\n\t\t\t\t\t\t\t\t\t<p>Unser Verein versteht sich als <strong>Kompetenzzentrum<\/strong> f\u00fcr den \u00f6ffentlichen und regulatorischen Dialog im Bereich der <strong>Kerntechnik<\/strong>. Inhaltlich besch\u00e4ftigt sich <strong>KernD<\/strong> unter anderem mit den noch im Betrieb befindlichen Kernkraftwerken, dem R\u00fcckbau und der Entsorgung, dem Strahlenschutz, dem kerntechnischen Industrie- und Forschungsstandort, speziell in puncto Reaktorsicherheitsforschung, dem Transportwesen und der Kerntechnik im Alltag.<\/p>\t\t\t\t\t\t\t\t<\/div>\n\t\t\t\t<\/div>\n\t\t\t\t\t<\/div>\n\t\t<\/div>\n\t\t\t\t\t<\/div>\n\t\t<\/section>\n\t\t\t\t<section class=\"elementor-section elementor-top-section elementor-element elementor-element-221ec61 elementor-section-boxed elementor-section-height-default elementor-section-height-default\" data-id=\"221ec61\" data-element_type=\"section\" data-e-type=\"section\">\n\t\t\t\t\t\t<div class=\"elementor-container elementor-column-gap-default\">\n\t\t\t\t\t<div class=\"elementor-column elementor-col-100 elementor-top-column elementor-element elementor-element-110adea\" data-id=\"110adea\" data-element_type=\"column\" data-e-type=\"column\">\n\t\t\t<div class=\"elementor-widget-wrap\">\n\t\t\t\t\t\t\t<\/div>\n\t\t<\/div>\n\t\t\t\t\t<\/div>\n\t\t<\/section>\n\t\t\t\t<section class=\"elementor-section elementor-top-section elementor-element elementor-element-9c5331f elementor-section-boxed elementor-section-height-default elementor-section-height-default\" data-id=\"9c5331f\" data-element_type=\"section\" data-e-type=\"section\">\n\t\t\t\t\t\t<div class=\"elementor-container elementor-column-gap-default\">\n\t\t\t\t\t<div class=\"elementor-column elementor-col-100 elementor-top-column elementor-element elementor-element-31ffb27\" data-id=\"31ffb27\" data-element_type=\"column\" data-e-type=\"column\">\n\t\t\t<div class=\"elementor-widget-wrap elementor-element-populated\">\n\t\t\t\t\t\t<div class=\"elementor-element elementor-element-ff75dc2 elementor-widget elementor-widget-text-editor\" data-id=\"ff75dc2\" data-element_type=\"widget\" data-e-type=\"widget\" data-widget_type=\"text-editor.default\">\n\t\t\t\t<div class=\"elementor-widget-container\">\n\t\t\t\t\t\t\t\t\t<h3>Kernenergie Basiswissen<\/h3><p>Fachbuch, soft-cover, DIN A 4, 96 Seiten, November 2013, Preis: 16,80 Euro inkl. USt., zzgl. Versand, Inland DE: 2,80 Euro<span><\/span><\/p><p><span>Bestellung per Kontaktformular der Homepage<\/span><\/p><h3>Radioaktivit\u00e4t und Strahlenschutz<\/h3><p>Fachbuch, soft-cover, DIN A 4, 100 Seiten, Dezember 2012, Preis: 16,80 Euro inkl. USt., zzgl. Versand, Inland DE: 2,80 Euro<\/p><p><span>Bestellung per Kontaktformular der Homepage\u00a0<\/span><\/p><h6 class=\"listEntryTitle\"><i class=\"fa fa-download\" aria-hidden=\"true\"><\/i><a href=\"https:\/\/kernd.de\/wp-content\/uploads\/2022\/04\/056kernkraftwerke_europa.pdf\">Kernkraftwerke in Europa und weltweit &#8211; Nuclear Power Plants in Europe and Worldwide<span>\u00a0<\/span><span class=\"listEntrySize\">(1641 KB)<\/span><\/a><\/h6><p class=\"listEntryDescription\">Poster DIN A2, Juli 2020<\/p><h6 class=\"listEntryTitle\"><i class=\"fa fa-download\" aria-hidden=\"true\"><\/i><a href=\"https:\/\/kernd.de\/wp-content\/uploads\/2022\/04\/055standortkarte.pdf\">Kernenergie in Deutschland &#8211; Nuclear Power in Germany<span>\u00a0<\/span><span class=\"listEntrySize\">(178 KB)<\/span><\/a><\/h6><p class=\"listEntryDescription\">Poster DIN A3, April 2020<\/p><div class=\"listEntryInner\"><h6 class=\"listEntryTitle\"><i class=\"fa fa-download\" aria-hidden=\"true\"><\/i><a href=\"https:\/\/kernd.de\/wp-content\/uploads\/2022\/04\/620versorgungssicherheit.pdf\">Versorgungssicherheit<span>\u00a0<\/span><span class=\"listEntrySize\">(2149 KB)<\/span><\/a><\/h6><p class=\"listEntryDescription\">24 Seiten, Mai 2019<\/p><h6 class=\"listEntryTitle\"><i class=\"fa fa-download\" aria-hidden=\"true\"><\/i><a href=\"https:\/\/kernd.de\/wp-content\/uploads\/2022\/04\/048Rohstoff-Uran.pdf\">Rohstoff Uran<span>\u00a0<\/span><span class=\"listEntrySize\">(4469 KB)<\/span><\/a><\/h6><p class=\"listEntryDescription\">20 Seiten,<span> M\u00e4rz 2017<\/span><\/p><div class=\"listEntryInner\"><h6 class=\"listEntryTitle\"><i class=\"fa fa-download\" aria-hidden=\"true\"><\/i><a href=\"https:\/\/kernd.de\/wp-content\/uploads\/2022\/04\/021sicherheit.pdf\">Sicherheit ist das oberste Gebot<span>\u00a0<\/span><span class=\"listEntrySize\">(1929 KB)<\/span><\/a><\/h6><p class=\"listEntryDescription\">36 Seiten, Mai 2019<\/p><\/div><div class=\"listEntryInner\"><h6 class=\"listEntryTitle\"><i class=\"fa fa-download\" aria-hidden=\"true\"><\/i><a href=\"https:\/\/kernd.de\/wp-content\/uploads\/2022\/04\/017kerntechnik-in-forschung-u-alltag2015.pdf\">Kerntechnik in Forschung und Alltag<span>\u00a0<\/span><span class=\"listEntrySize\">(3021 KB)<\/span><\/a><\/h6><p class=\"listEntryDescription\">32 Seiten, Dezember 2015<\/p><\/div><div class=\"listEntryInner\"><h6 class=\"listEntryTitle\"><i class=\"fa fa-download\" aria-hidden=\"true\"><\/i><a href=\"https:\/\/kernd.de\/wp-content\/uploads\/2022\/04\/024reaktorunfall_fukushima.pdf\">Der Reaktorunfall in Fukushima Daiichi<span>\u00a0<\/span><span class=\"listEntrySize\">(1047 KB)<\/span><\/a><\/h6><p class=\"listEntryDescription\">16 Seiten, Mai 2019<\/p><\/div><div class=\"listEntryInner\"><h6 class=\"listEntryTitle\"><i class=\"fa fa-download\" aria-hidden=\"true\"><\/i><a href=\"https:\/\/kernd.de\/wp-content\/uploads\/2022\/04\/011-datf-core-magazin-1.pdf\">Core. Das Magazin zu Berufen in der Kerntechnik<span>\u00a0<\/span><span class=\"listEntrySize\">(8970 KB)<\/span><\/a><\/h6><p class=\"listEntryDescription\">40 Seiten, Dezember 2014<\/p><\/div><div class=\"listEntryInner\"><h6 class=\"listEntryTitle\"><i class=\"fa fa-download\" aria-hidden=\"true\"><\/i><a href=\"https:\/\/kernd.de\/wp-content\/uploads\/2022\/04\/623tschernobyl_2014.pdf\">Deutsche Sicherheitstechnik im Vergleich zum Tschernobyl-Reaktor<span>\u00a0<\/span><span class=\"listEntrySize\">(175 KB)<\/span><\/a><\/h6><p class=\"listEntryDescription\">12 Seiten, April 2014<\/p><\/div><div class=\"listEntryInner\"><h6 class=\"listEntryTitle\"><i class=\"fa fa-download\" aria-hidden=\"true\"><\/i><a href=\"https:\/\/kernd.de\/wp-content\/uploads\/2022\/04\/025reaktorunfall_tschernobyl2011.pdf\">Der Reaktorunfall in Tschernobyl<span>\u00a0<\/span><span class=\"listEntrySize\">(1720 KB)<\/span><\/a><\/h6><p class=\"listEntryDescription\">52 Seiten, April 2011<\/p><\/div><div class=\"listEntryInner\"><h6 class=\"listEntryTitle\"><i class=\"fa fa-download\" aria-hidden=\"true\"><\/i><a href=\"https:\/\/kernd.de\/wp-content\/uploads\/2022\/04\/021lexikon.pdf\">Lexikon zur Kernenergie<span>\u00a0<\/span><span class=\"listEntrySize\">(22963 KB)<\/span><\/a><\/h6><p class=\"listEntryDescription\">260 Seiten, 2017 Winfried Koelzer, KIT Scientific Publishing, Karlsruhe<\/p><div class=\"listEntryInner\"><h6 class=\"listEntryTitle\"><i class=\"fa fa-download\" aria-hidden=\"true\"><\/i><a href=\"https:\/\/kernd.de\/wp-content\/uploads\/2022\/04\/068Transporte2014.pdf\">Der Transport radioaktiver Stoffe<span>\u00a0<\/span><span class=\"listEntrySize\">(976 KB)<\/span><\/a><\/h6><p class=\"listEntryDescription\">16 Seiten, Dezember 2014<\/p><\/div><div class=\"listEntryInner\"><h6 class=\"listEntryTitle\"><i class=\"fa fa-download\" aria-hidden=\"true\"><\/i><a href=\"https:\/\/kernd.de\/wp-content\/uploads\/2022\/04\/060rueckbau-von-kkw.pdf\">Stilllegung und R\u00fcckbau von Kernkraftwerken<span>\u00a0<\/span><span class=\"listEntrySize\">(3306 KB)<\/span><\/a><\/h6><p class=\"listEntryDescription\">28 Seiten, Januar 2013<\/p><div class=\"listEntryInner\"><h6 class=\"listEntryTitle\"><i class=\"fa fa-download\" aria-hidden=\"true\"><\/i><a href=\"https:\/\/kernd.de\/wp-content\/uploads\/2022\/04\/062zwischenlager.pdf\">Zwischenlagerung von radioaktiven Abf\u00e4llen in Deutschland<span>\u00a0<\/span><span class=\"listEntrySize\">(1572 KB)<\/span><\/a><\/h6><p class=\"listEntryDescription\">16 Seiten, Januar 2019<\/p><\/div><div class=\"listEntryInner\"><h6 class=\"listEntryTitle\"><i class=\"fa fa-download\" aria-hidden=\"true\"><\/i><a href=\"https:\/\/kernd.de\/wp-content\/uploads\/2022\/04\/063endlagerung-law2018.pdf\">Endlagerung von schwach- und mittelradioaktiven Stoffen<span>\u00a0<\/span><span class=\"listEntrySize\">(1179 KB)<\/span><\/a><\/h6><p class=\"listEntryDescription\">16 Seiten, November 2018<\/p><\/div><div class=\"listEntryInner\"><h6 class=\"listEntryTitle\"><i class=\"fa fa-download\" aria-hidden=\"true\"><\/i><a href=\"https:\/\/kernd.de\/wp-content\/uploads\/2022\/04\/059_Ruecknahme-von-Abfaellen-aus-der-Wiederaufarbeitung.pdf\">R\u00fccknahme von Abf\u00e4llen aus der Wiederaufarbeitung<span>\u00a0<\/span><span class=\"listEntrySize\">(1004 KB)<\/span><\/a><\/h6><p class=\"listEntryDescription\">8 Seiten, November 2018<\/p><\/div><div class=\"listEntryInner\"><h6 class=\"listEntryTitle\"><i class=\"fa fa-download\" aria-hidden=\"true\"><\/i><a href=\"https:\/\/kernd.de\/wp-content\/uploads\/2022\/04\/061endlagerung-haw.pdf\">Endlagerung hochradioaktiver Abf\u00e4lle<span>\u00a0<\/span><span class=\"listEntrySize\">(1998 KB)<\/span><\/a><\/h6><p class=\"listEntryDescription\">44 Seiten, April 2018<\/p><\/div><div class=\"listEntryInner\"><h6 class=\"listEntryTitle\"><i class=\"fa fa-download\" aria-hidden=\"true\"><\/i><a href=\"https:\/\/kernd.de\/wp-content\/uploads\/2022\/04\/atw2013_0809_sonderdruck-breloer-entsorgung.pdf\">atw-Sonderdruck zu Gorleben<span>\u00a0<\/span><span class=\"listEntrySize\">(294 KB)<\/span><\/a><\/h6><p class=\"listEntryDescription\">Die Entsorgung ist nicht gesichert. Wie es dazu kam. Von B.J. Breloer, W. Breyer | August\/September 2013<\/p><div class=\"listEntryInner\"><h6 class=\"listEntryTitle\"><a href=\"https:\/\/kernd.de\/wp-content\/uploads\/2022\/04\/012flyer-radioaktivitaet-u-strahlung2015.pdf\">Radioaktivit\u00e4t \u2013 Strahlenarten und Messgr\u00f6\u00dfen<span>\u00a0<\/span><span class=\"listEntrySize\">(191 KB)<\/span><\/a><\/h6><p class=\"listEntryDescription\">8 Seiten, Dezember 2016<\/p><\/div><div class=\"listEntryInner\"><div class=\"listEntryInner\"><h6 class=\"listEntryTitle\"><a href=\"https:\/\/kernd.de\/wp-content\/uploads\/2022\/04\/047_Euratom_Ein-europaeischer-Erfolg.pdf\">Euratom &#8211; Ein europ\u00e4ischer Erfolg<span>\u00a0<\/span><span class=\"listEntrySize\">(205 KB)<\/span><\/a><\/h6><p class=\"listEntryDescription\">10 Seiten, November 2018<\/p><\/div><div class=\"listEntryInner\"><h6 class=\"listEntryTitle\"><i class=\"fa fa-download\" aria-hidden=\"true\"><\/i><a href=\"https:\/\/kernd.de\/wp-content\/uploads\/2022\/04\/046internationale-organisationen2013.pdf\">Internationale Organisationen auf dem Gebiet der Kernenergie<span>\u00a0<\/span><span class=\"listEntrySize\">(529 KB)<\/span><\/a><\/h6><p class=\"listEntryDescription\">36 Seiten, Dezember 2013<\/p><\/div><\/div><\/div><\/div><h6 class=\"listEntryTitle\"><i class=\"fa fa-download\" aria-hidden=\"true\"><\/i><a href=\"https:\/\/kernd.de\/wp-content\/uploads\/2022\/04\/057kkw-rueckbau-umgang-mit-reststoffen.pdf\">KKW-R\u00fcckbau: Der Umgang mit Reststoffen<span>\u00a0<\/span><span class=\"listEntrySize\">(409 KB)<\/span><\/a><\/h6><p class=\"listEntryDescription\">8 Seiten, Mai 2018<\/p><\/div><\/div>\t\t\t\t\t\t\t\t<\/div>\n\t\t\t\t<\/div>\n\t\t\t\t\t<\/div>\n\t\t<\/div>\n\t\t\t\t\t<\/div>\n\t\t<\/section>\n\t\t\t\t<section class=\"elementor-section elementor-top-section elementor-element elementor-element-1fef71f elementor-section-boxed elementor-section-height-default elementor-section-height-default\" data-id=\"1fef71f\" data-element_type=\"section\" data-e-type=\"section\">\n\t\t\t\t\t\t<div class=\"elementor-container elementor-column-gap-default\">\n\t\t\t\t\t<div class=\"elementor-column elementor-col-100 elementor-top-column elementor-element elementor-element-4c1548d\" data-id=\"4c1548d\" data-element_type=\"column\" data-e-type=\"column\">\n\t\t\t<div class=\"elementor-widget-wrap elementor-element-populated\">\n\t\t\t\t\t\t<div class=\"elementor-element elementor-element-bf21e72 elementor-widget elementor-widget-spacer\" data-id=\"bf21e72\" data-element_type=\"widget\" data-e-type=\"widget\" data-widget_type=\"spacer.default\">\n\t\t\t\t<div class=\"elementor-widget-container\">\n\t\t\t\t\t\t\t<div class=\"elementor-spacer\">\n\t\t\t<div class=\"elementor-spacer-inner\"><\/div>\n\t\t<\/div>\n\t\t\t\t\t\t<\/div>\n\t\t\t\t<\/div>\n\t\t\t\t\t<\/div>\n\t\t<\/div>\n\t\t\t\t\t<\/div>\n\t\t<\/section>\n\t\t\t\t<section class=\"elementor-section elementor-top-section elementor-element elementor-element-b37ed90 elementor-section-boxed elementor-section-height-default elementor-section-height-default\" data-id=\"b37ed90\" data-element_type=\"section\" data-e-type=\"section\">\n\t\t\t\t\t\t<div class=\"elementor-container elementor-column-gap-default\">\n\t\t\t\t\t<div class=\"elementor-column elementor-col-100 elementor-top-column elementor-element elementor-element-2e9e501\" data-id=\"2e9e501\" data-element_type=\"column\" data-e-type=\"column\">\n\t\t\t<div class=\"elementor-widget-wrap elementor-element-populated\">\n\t\t\t\t\t\t<div class=\"elementor-element elementor-element-30c798a elementor-arrows-position-inside elementor-pagination-position-outside elementor-widget elementor-widget-image-carousel\" data-id=\"30c798a\" data-element_type=\"widget\" data-e-type=\"widget\" data-settings=\"{&quot;slides_to_show&quot;:&quot;4&quot;,&quot;navigation&quot;:&quot;both&quot;,&quot;autoplay&quot;:&quot;yes&quot;,&quot;pause_on_hover&quot;:&quot;yes&quot;,&quot;pause_on_interaction&quot;:&quot;yes&quot;,&quot;autoplay_speed&quot;:5000,&quot;infinite&quot;:&quot;yes&quot;,&quot;speed&quot;:500}\" data-widget_type=\"image-carousel.default\">\n\t\t\t\t<div class=\"elementor-widget-container\">\n\t\t\t\t\t\t\t<div class=\"elementor-image-carousel-wrapper swiper\" role=\"region\" aria-roledescription=\"carousel\" aria-label=\"Bild Karussell\" dir=\"ltr\">\n\t\t\t<div class=\"elementor-image-carousel swiper-wrapper\" aria-live=\"off\">\n\t\t\t\t\t\t\t\t<div class=\"swiper-slide\" role=\"group\" aria-roledescription=\"slide\" aria-label=\"1 von 4\"><figure class=\"swiper-slide-inner\"><img decoding=\"async\" class=\"swiper-slide-image\" src=\"https:\/\/kernd.de\/wp-content\/uploads\/2022\/03\/Inforum.png\" alt=\"Inforum\" \/><\/figure><\/div><div class=\"swiper-slide\" role=\"group\" aria-roledescription=\"slide\" aria-label=\"2 von 4\"><figure class=\"swiper-slide-inner\"><img decoding=\"async\" class=\"swiper-slide-image\" src=\"https:\/\/kernd.de\/wp-content\/uploads\/2022\/03\/kernd.png\" alt=\"kernd\" \/><\/figure><\/div><div class=\"swiper-slide\" role=\"group\" aria-roledescription=\"slide\" aria-label=\"3 von 4\"><figure class=\"swiper-slide-inner\"><img decoding=\"async\" class=\"swiper-slide-image\" src=\"https:\/\/kernd.de\/wp-content\/uploads\/2022\/03\/ktg.png\" alt=\"ktg\" \/><\/figure><\/div><div class=\"swiper-slide\" role=\"group\" aria-roledescription=\"slide\" aria-label=\"4 von 4\"><figure class=\"swiper-slide-inner\"><img decoding=\"async\" class=\"swiper-slide-image\" src=\"https:\/\/kernd.de\/wp-content\/uploads\/2023\/05\/KT-L-Logo-RGB-300x45.jpg\" alt=\"KT L Logo RGB\" \/><\/figure><\/div>\t\t\t<\/div>\n\t\t\t\t\t\t\t\t\t\t\t\t<div class=\"elementor-swiper-button elementor-swiper-button-prev\" role=\"button\" tabindex=\"0\">\n\t\t\t\t\t\t<i aria-hidden=\"true\" class=\"eicon-chevron-left\"><\/i>\t\t\t\t\t<\/div>\n\t\t\t\t\t<div class=\"elementor-swiper-button elementor-swiper-button-next\" role=\"button\" tabindex=\"0\">\n\t\t\t\t\t\t<i aria-hidden=\"true\" class=\"eicon-chevron-right\"><\/i>\t\t\t\t\t<\/div>\n\t\t\t\t\n\t\t\t\t\t\t\t\t\t<div class=\"swiper-pagination\"><\/div>\n\t\t\t\t\t\t\t\t\t<\/div>\n\t\t\t\t\t\t<\/div>\n\t\t\t\t<\/div>\n\t\t\t\t\t<\/div>\n\t\t<\/div>\n\t\t\t\t\t<\/div>\n\t\t<\/section>\n\t\t\t\t<\/div>\n\t\t","protected":false},"excerpt":{"rendered":"<p>Unser Verein versteht sich als Kompetenzzentrum f\u00fcr den \u00f6ffentlichen und regulatorischen Dialog im Bereich der Kerntechnik. Inhaltlich besch\u00e4ftigt sich KernD unter anderem mit den noch im Betrieb befindlichen Kernkraftwerken, dem R\u00fcckbau und der Entsorgung, dem Strahlenschutz, dem kerntechnischen Industrie- und Forschungsstandort, speziell in puncto Reaktorsicherheitsforschung, dem Transportwesen und der Kerntechnik [&hellip;]<\/p>\n","protected":false},"author":3,"featured_media":2619,"parent":0,"menu_order":0,"comment_status":"closed","ping_status":"closed","template":"page-templates\/template-fullwidth.php","meta":{"footnotes":""},"class_list":["post-2628","page","type-page","status-publish","has-post-thumbnail","hentry"],"aioseo_notices":[],"_links":{"self":[{"href":"https:\/\/kernd.de\/de\/wp-json\/wp\/v2\/pages\/2628","targetHints":{"allow":["GET"]}}],"collection":[{"href":"https:\/\/kernd.de\/de\/wp-json\/wp\/v2\/pages"}],"about":[{"href":"https:\/\/kernd.de\/de\/wp-json\/wp\/v2\/types\/page"}],"author":[{"embeddable":true,"href":"https:\/\/kernd.de\/de\/wp-json\/wp\/v2\/users\/3"}],"replies":[{"embeddable":true,"href":"https:\/\/kernd.de\/de\/wp-json\/wp\/v2\/comments?post=2628"}],"version-history":[{"count":3,"href":"https:\/\/kernd.de\/de\/wp-json\/wp\/v2\/pages\/2628\/revisions"}],"predecessor-version":[{"id":7612,"href":"https:\/\/kernd.de\/de\/wp-json\/wp\/v2\/pages\/2628\/revisions\/7612"}],"wp:featuredmedia":[{"embeddable":true,"href":"https:\/\/kernd.de\/de\/wp-json\/wp\/v2\/media\/2619"}],"wp:attachment":[{"href":"https:\/\/kernd.de\/de\/wp-json\/wp\/v2\/media?parent=2628"}],"curies":[{"name":"wp","href":"https:\/\/api.w.org\/{rel}","templated":true}]}}