{"id":23,"date":"2022-03-21T10:38:15","date_gmt":"2022-03-21T10:38:15","guid":{"rendered":"https:\/\/kerndd.live-website.com\/?page_id=23"},"modified":"2026-03-24T07:46:03","modified_gmt":"2026-03-24T07:46:03","slug":"impressum","status":"publish","type":"page","link":"https:\/\/kernd.de\/de\/impressum\/","title":{"rendered":"Impressum"},"content":{"rendered":"\t\t<div data-elementor-type=\"wp-page\" data-elementor-id=\"23\" class=\"elementor elementor-23\">\n\t\t\t\t\t\t<section class=\"elementor-section elementor-top-section elementor-element elementor-element-eed05ef elementor-section-boxed elementor-section-height-default elementor-section-height-default\" data-id=\"eed05ef\" data-element_type=\"section\" data-e-type=\"section\">\n\t\t\t\t\t\t<div class=\"elementor-container elementor-column-gap-default\">\n\t\t\t\t\t<div class=\"elementor-column elementor-col-100 elementor-top-column elementor-element elementor-element-05c71db\" data-id=\"05c71db\" data-element_type=\"column\" data-e-type=\"column\">\n\t\t\t<div class=\"elementor-widget-wrap elementor-element-populated\">\n\t\t\t\t\t\t<div class=\"elementor-element elementor-element-777a03d elementor-widget elementor-widget-text-editor\" data-id=\"777a03d\" data-element_type=\"widget\" data-e-type=\"widget\" data-widget_type=\"text-editor.default\">\n\t\t\t\t<div class=\"elementor-widget-container\">\n\t\t\t\t\t\t\t\t\t<div class=\"elementStandard elementContent elementHeadline elementHeadline_var0\" id=\"anchor_91c78125_Impressum\"><h1>Impressum<\/h1><\/div><div class=\"elementStandard elementContent elementHeadline elementHeadline_var0\" id=\"anchor_4a218508_Herausgeber-und-Redaktion\"><h2>Herausgeber und Redaktion<\/h2><\/div><div class=\"elementStandard elementContent elementText elementText_var0\"><p>INFORUM Verlags- und Verwaltungsgesellschaft mbH<br \/>Berliner Stra\u00dfe 88 A<br \/>13467 Berlin<br \/>Fon: +49\u00a030 319 88 2 99<span><\/span><\/p><p class=\"hasOnlyATag\"><a href=\"https:\/\/www.kernd.de\/kernd\/impressum\/#wEmpty\" class=\"wpst\">info@kernd.de<\/a><\/p><p>Aufsichtsratsvorsitzender: Thomas Seipolt<br \/>Gesch\u00e4ftsf\u00fchrerin: Nicole Koch<br \/>Sitz und Handelsregister: Berlin HRB 88477<br \/>USt-IdNr. DE 230112153<\/p><\/div><div class=\"elementStandard elementContent elementText elementText_var0\"><h2><a href=\"https:\/\/www.navigate.de\/leistungen\/konzeption.html\" target=\"_blank\" class=\"hidden\" rel=\"noopener\"><\/a><\/h2><h2>Konzeption,<span>\u00a0<\/span>Design<span>\u00a0<\/span>and Programmierung<\/h2><p><strong>Tin Man \u2013 Fotografie &amp; Online Marketing<\/strong><br \/><a href=\"http:\/\/www.tin-man.de\/\">www.tin-man.de<\/a><br \/><a href=\"mailto:mail@tin-man.de\">mail@tin-man.de<\/a><\/p><h2>Bildnachweis<\/h2><\/div><div class=\"elementStandard elementContent elementText elementText_var0\"><p>Die Bilder unter kernd.de sind urheberrechtlich gesch\u00fctzt.\u00a0<\/p><p>Bildquellen u. a.: Adobe Stock; Framatome GmbH; GNS Gesellschaft f\u00fcr Nuklear-Service mbH; Getty Images; INFORUM GmbH; Karlsruhe Institut f\u00fcr Technologie (KIT); Kerntechnik Deutschland e. V. (Kernd); Kerntechnische Entsorgung Karlsruhe;<span>\u00a0<\/span><span class=\"extern\">Photocase<\/span>; Teollisuuden Voima Oy &#8211; TVO; Tin Man.<\/p><\/div><div class=\"elementStandard elementContent elementHeadline elementHeadline_var0\" id=\"anchor_8208c5a9_Disclaimer\"><h2>Disclaimer<\/h2><\/div><div class=\"elementStandard elementContent elementHeadline elementHeadline_var0\" id=\"anchor_906a844d_Inhalt\"><h3>Inhalt<\/h3><\/div><div class=\"elementStandard elementContent elementText elementText_var0\"><p>Das Internet-Angebot kernd.de (im Weiteren als Autor bezeichnet) \u00fcbernimmt keinerlei Gew\u00e4hr f\u00fcr die Aktualit\u00e4t, Richtigkeit, Vollst\u00e4ndigkeit oder Qualit\u00e4t der bereit gestellten Informationen. Haftungsanspr\u00fcche gegen\u00fcber dem Autor, welche sich auf jedwede Sch\u00e4den beziehen, die durch die Nutzung oder Nichtnutzung der dargebotenen Informationen bzw. durch die Nutzung fehlerhafter und unvollst\u00e4ndiger Informationen verursacht werden und wurden sind grunds\u00e4tzlich ausgeschlossen. Alle Angebote sind freibleibend und unverbindlich.<\/p><\/div><div class=\"elementStandard elementContent elementHeadline elementHeadline_var0\" id=\"anchor_ac29caab_Urheber--und-Kennzeichenrecht\"><h3>Urheber- und Kennzeichenrecht<\/h3><\/div><div class=\"elementStandard elementContent elementText elementText_var0\"><p>Der Autor ist bestrebt, in allen Publikationen die Urheberrechte der verwendeten Grafiken, Tondokumente, Videosequenzen und Texte zu beachten, von ihm selbst erstellte Grafiken, Tondokumente, Videosequenzen und Texte zu nutzen oder auf lizenzfreie Grafiken, Tondokumente, Videosequenzen und Texte zur\u00fcckzugreifen.<br \/>Alle innerhalb des Internetangebotes genannten und ggf. durch Dritte gesch\u00fctzten Marken- und Warenzeichen unterliegen uneingeschr\u00e4nkt den Bestimmungen des jeweils g\u00fcltigen Kennzeichenrechts und den Besitzrechten der jeweiligen eingetragenen Eigent\u00fcmer. Das Copyright f\u00fcr ver\u00f6ffentlichte, vom Autor selbst erstellte Objekte bleibt allein beim Autor von kernenergie.de. Eine Vervielf\u00e4ltigung oder Verwendung solcher Objekte in anderen elektronischen oder gedruckten Publikationen ist ohne ausdr\u00fcckliche Zustimmung des Autors nicht gestattet.<\/p><\/div><div class=\"elementStandard elementContent elementHeadline elementHeadline_var0\" id=\"anchor_6a97f030_Rechtswirksamkeit-dieses-Haftungsausschlusses\"><h3>Rechtswirksamkeit dieses Haftungsausschlusses<\/h3><\/div><div class=\"elementStandard elementContent elementText elementText_var0\"><p>Dieser Haftungsausschluss ist als Teil des Internetangebotes kernd.de zu betrachten. Sofern Teile oder Formulierungen dieses Textes der geltenden Rechtslage nicht, nicht vollst\u00e4ndig oder in Zukunft teilweise oder ganz nicht entsprechen sollten, bleiben die \u00fcbrigen Teile dieses Haftungsausschlusses in ihrem Inhalt und ihrer G\u00fcltigkeit davon unber\u00fchrt. An Stelle tritt die jeweilig g\u00fcltige Rechtsvorschrift.<\/p><\/div>\t\t\t\t\t\t\t\t<\/div>\n\t\t\t\t<\/div>\n\t\t\t\t\t<\/div>\n\t\t<\/div>\n\t\t\t\t\t<\/div>\n\t\t<\/section>\n\t\t\t\t<\/div>\n\t\t","protected":false},"excerpt":{"rendered":"<p>Impressum Herausgeber und Redaktion INFORUM Verlags- und Verwaltungsgesellschaft mbHBerliner Stra\u00dfe 88 A13467 BerlinFon: +49\u00a030 319 88 2 99 info@kernd.de Aufsichtsratsvorsitzender: Thomas SeipoltGesch\u00e4ftsf\u00fchrerin: Nicole KochSitz und Handelsregister: Berlin HRB 88477USt-IdNr. DE 230112153 Konzeption,\u00a0Design\u00a0and Programmierung Tin Man \u2013 Fotografie &amp; Online Marketingwww.tin-man.demail@tin-man.de Bildnachweis Die Bilder unter kernd.de sind urheberrechtlich gesch\u00fctzt.\u00a0 Bildquellen u. [&hellip;]<\/p>\n","protected":false},"author":1,"featured_media":0,"parent":0,"menu_order":0,"comment_status":"closed","ping_status":"closed","template":"page-templates\/template-pagebuilder-full-width.php","meta":{"footnotes":""},"class_list":["post-23","page","type-page","status-publish","hentry"],"aioseo_notices":[],"_links":{"self":[{"href":"https:\/\/kernd.de\/de\/wp-json\/wp\/v2\/pages\/23","targetHints":{"allow":["GET"]}}],"collection":[{"href":"https:\/\/kernd.de\/de\/wp-json\/wp\/v2\/pages"}],"about":[{"href":"https:\/\/kernd.de\/de\/wp-json\/wp\/v2\/types\/page"}],"author":[{"embeddable":true,"href":"https:\/\/kernd.de\/de\/wp-json\/wp\/v2\/users\/1"}],"replies":[{"embeddable":true,"href":"https:\/\/kernd.de\/de\/wp-json\/wp\/v2\/comments?post=23"}],"version-history":[{"count":3,"href":"https:\/\/kernd.de\/de\/wp-json\/wp\/v2\/pages\/23\/revisions"}],"predecessor-version":[{"id":9672,"href":"https:\/\/kernd.de\/de\/wp-json\/wp\/v2\/pages\/23\/revisions\/9672"}],"wp:attachment":[{"href":"https:\/\/kernd.de\/de\/wp-json\/wp\/v2\/media?parent=23"}],"curies":[{"name":"wp","href":"https:\/\/api.w.org\/{rel}","templated":true}]}}