{"id":2058,"date":"2022-03-29T15:34:54","date_gmt":"2022-03-29T15:34:54","guid":{"rendered":"https:\/\/kerndd.live-website.com\/?page_id=2058"},"modified":"2023-07-19T12:43:29","modified_gmt":"2023-07-19T12:43:29","slug":"europawahl-2014","status":"publish","type":"page","link":"https:\/\/kernd.de\/de\/europawahl-2014\/","title":{"rendered":"Europawahl 2014"},"content":{"rendered":"\t\t<div data-elementor-type=\"wp-page\" data-elementor-id=\"2058\" class=\"elementor elementor-2058\">\n\t\t\t\t\t\t<section class=\"elementor-section elementor-top-section elementor-element elementor-element-c863b46 elementor-section-boxed elementor-section-height-default elementor-section-height-default\" data-id=\"c863b46\" data-element_type=\"section\" data-e-type=\"section\">\n\t\t\t\t\t\t<div class=\"elementor-container elementor-column-gap-default\">\n\t\t\t\t\t<div class=\"elementor-column elementor-col-100 elementor-top-column elementor-element elementor-element-2c998e9\" data-id=\"2c998e9\" data-element_type=\"column\" data-e-type=\"column\">\n\t\t\t<div class=\"elementor-widget-wrap elementor-element-populated\">\n\t\t\t\t\t\t<div class=\"elementor-element elementor-element-a4787b8 elementor-widget elementor-widget-spacer\" data-id=\"a4787b8\" data-element_type=\"widget\" data-e-type=\"widget\" data-widget_type=\"spacer.default\">\n\t\t\t\t<div class=\"elementor-widget-container\">\n\t\t\t\t\t\t\t<div class=\"elementor-spacer\">\n\t\t\t<div class=\"elementor-spacer-inner\"><\/div>\n\t\t<\/div>\n\t\t\t\t\t\t<\/div>\n\t\t\t\t<\/div>\n\t\t\t\t\t<\/div>\n\t\t<\/div>\n\t\t\t\t\t<\/div>\n\t\t<\/section>\n\t\t\t\t<section class=\"elementor-section elementor-top-section elementor-element elementor-element-362cced elementor-section-boxed elementor-section-height-default elementor-section-height-default\" data-id=\"362cced\" data-element_type=\"section\" data-e-type=\"section\">\n\t\t\t\t\t\t<div class=\"elementor-container elementor-column-gap-default\">\n\t\t\t\t\t<div class=\"elementor-column elementor-col-100 elementor-top-column elementor-element elementor-element-cce29a5\" data-id=\"cce29a5\" data-element_type=\"column\" data-e-type=\"column\">\n\t\t\t<div class=\"elementor-widget-wrap elementor-element-populated\">\n\t\t\t\t\t\t<div class=\"elementor-element elementor-element-de067ef elementor-widget elementor-widget-heading\" data-id=\"de067ef\" data-element_type=\"widget\" data-e-type=\"widget\" data-widget_type=\"heading.default\">\n\t\t\t\t<div class=\"elementor-widget-container\">\n\t\t\t\t\t<h1 class=\"elementor-heading-title elementor-size-default\">Wahlspezial zur Europawahl 2014<\/h1>\t\t\t\t<\/div>\n\t\t\t\t<\/div>\n\t\t\t\t\t<\/div>\n\t\t<\/div>\n\t\t\t\t\t<\/div>\n\t\t<\/section>\n\t\t\t\t<section class=\"elementor-section elementor-top-section elementor-element elementor-element-730a7ec elementor-section-boxed elementor-section-height-default elementor-section-height-default\" data-id=\"730a7ec\" data-element_type=\"section\" data-e-type=\"section\">\n\t\t\t\t\t\t<div class=\"elementor-container elementor-column-gap-default\">\n\t\t\t\t\t<div class=\"elementor-column elementor-col-100 elementor-top-column elementor-element elementor-element-5e71687\" data-id=\"5e71687\" data-element_type=\"column\" data-e-type=\"column\">\n\t\t\t<div class=\"elementor-widget-wrap elementor-element-populated\">\n\t\t\t\t\t\t<div class=\"elementor-element elementor-element-869a2ca elementor-widget elementor-widget-spacer\" data-id=\"869a2ca\" data-element_type=\"widget\" data-e-type=\"widget\" data-widget_type=\"spacer.default\">\n\t\t\t\t<div class=\"elementor-widget-container\">\n\t\t\t\t\t\t\t<div class=\"elementor-spacer\">\n\t\t\t<div class=\"elementor-spacer-inner\"><\/div>\n\t\t<\/div>\n\t\t\t\t\t\t<\/div>\n\t\t\t\t<\/div>\n\t\t\t\t\t<\/div>\n\t\t<\/div>\n\t\t\t\t\t<\/div>\n\t\t<\/section>\n\t\t\t\t<section class=\"elementor-section elementor-top-section elementor-element elementor-element-b2ab256 elementor-section-boxed elementor-section-height-default elementor-section-height-default\" data-id=\"b2ab256\" data-element_type=\"section\" data-e-type=\"section\">\n\t\t\t\t\t\t<div class=\"elementor-container elementor-column-gap-default\">\n\t\t\t\t\t<div class=\"elementor-column elementor-col-50 elementor-top-column elementor-element elementor-element-b2d4c98\" data-id=\"b2d4c98\" data-element_type=\"column\" data-e-type=\"column\">\n\t\t\t<div class=\"elementor-widget-wrap elementor-element-populated\">\n\t\t\t\t\t\t<div class=\"elementor-element elementor-element-381c9e2 elementor-widget elementor-widget-image\" data-id=\"381c9e2\" data-element_type=\"widget\" data-e-type=\"widget\" data-widget_type=\"image.default\">\n\t\t\t\t<div class=\"elementor-widget-container\">\n\t\t\t\t\t\t\t\t\t\t\t\t\t\t\t<img fetchpriority=\"high\" decoding=\"async\" width=\"750\" height=\"521\" src=\"https:\/\/kernd.de\/wp-content\/uploads\/2022\/03\/wahlen.jpg\" class=\"attachment-large size-large wp-image-1577\" alt=\"wahlen\" srcset=\"https:\/\/kernd.de\/wp-content\/uploads\/2022\/03\/wahlen.jpg 960w, https:\/\/kernd.de\/wp-content\/uploads\/2022\/03\/wahlen-230x160.jpg 230w, https:\/\/kernd.de\/wp-content\/uploads\/2022\/03\/wahlen-600x417.jpg 600w, https:\/\/kernd.de\/wp-content\/uploads\/2022\/03\/wahlen-300x208.jpg 300w, https:\/\/kernd.de\/wp-content\/uploads\/2022\/03\/wahlen-768x534.jpg 768w, https:\/\/kernd.de\/wp-content\/uploads\/2022\/03\/wahlen-18x12.jpg 18w\" sizes=\"(max-width: 750px) 100vw, 750px\" \/>\t\t\t\t\t\t\t\t\t\t\t\t\t\t\t<\/div>\n\t\t\t\t<\/div>\n\t\t\t\t\t<\/div>\n\t\t<\/div>\n\t\t\t\t<div class=\"elementor-column elementor-col-50 elementor-top-column elementor-element elementor-element-ef5bcb5\" data-id=\"ef5bcb5\" data-element_type=\"column\" data-e-type=\"column\">\n\t\t\t<div class=\"elementor-widget-wrap elementor-element-populated\">\n\t\t\t\t\t\t<div class=\"elementor-element elementor-element-57a2ae6 elementor-widget elementor-widget-accordion\" data-id=\"57a2ae6\" data-element_type=\"widget\" data-e-type=\"widget\" data-widget_type=\"accordion.default\">\n\t\t\t\t<div class=\"elementor-widget-container\">\n\t\t\t\t\t\t\t<div class=\"elementor-accordion\">\n\t\t\t\t\t\t\t<div class=\"elementor-accordion-item\">\n\t\t\t\t\t<div id=\"elementor-tab-title-9181\" class=\"elementor-tab-title\" data-tab=\"1\" role=\"button\" aria-controls=\"elementor-tab-content-9181\" aria-expanded=\"false\">\n\t\t\t\t\t\t\t\t\t\t\t\t\t<span class=\"elementor-accordion-icon elementor-accordion-icon-left\" aria-hidden=\"true\">\n\t\t\t\t\t\t\t\t\t\t\t\t\t\t\t<span class=\"elementor-accordion-icon-closed\"><i class=\"fas fa-caret-right\"><\/i><\/span>\n\t\t\t\t\t\t\t\t<span class=\"elementor-accordion-icon-opened\"><i class=\"fas fa-minus\"><\/i><\/span>\n\t\t\t\t\t\t\t\t\t\t\t\t\t\t<\/span>\n\t\t\t\t\t\t\t\t\t\t\t\t<a class=\"elementor-accordion-title\" tabindex=\"0\">Was wollen die Parteien<\/a>\n\t\t\t\t\t<\/div>\n\t\t\t\t\t<div id=\"elementor-tab-content-9181\" class=\"elementor-tab-content elementor-clearfix\" data-tab=\"1\" role=\"region\" aria-labelledby=\"elementor-tab-title-9181\"><p>Im Vorfeld der Europawahl am 25. Mai 2014 haben wir Fragen aus der politischen Diskussion zum Thema Kernenergie aufgegriffen und diese mit den Aussagen der Parteien abgeglichen und die Menschen nach Ihrer Meinung dazu gefragt.<\/p><p>Eine im April 2014 vom DAtF beauftragte Umfrage des forsa-Instituts ergab:<\/p><p>72 Prozent der Befragten bef\u00fcrworteten eine einheitliche europ\u00e4ische Energiepolitik, w\u00e4hrend 23 Prozent diese ablehnten. Dabei gaben 56 Prozent an, dass Deutschland seine energiepolitischen Zielen beibehalten sollte. 40 Prozent der Befragten, meinten, dass diese \u00fcberdacht werden sollten.<\/p><\/div>\n\t\t\t\t<\/div>\n\t\t\t\t\t\t\t<div class=\"elementor-accordion-item\">\n\t\t\t\t\t<div id=\"elementor-tab-title-9182\" class=\"elementor-tab-title\" data-tab=\"2\" role=\"button\" aria-controls=\"elementor-tab-content-9182\" aria-expanded=\"false\">\n\t\t\t\t\t\t\t\t\t\t\t\t\t<span class=\"elementor-accordion-icon elementor-accordion-icon-left\" aria-hidden=\"true\">\n\t\t\t\t\t\t\t\t\t\t\t\t\t\t\t<span class=\"elementor-accordion-icon-closed\"><i class=\"fas fa-caret-right\"><\/i><\/span>\n\t\t\t\t\t\t\t\t<span class=\"elementor-accordion-icon-opened\"><i class=\"fas fa-minus\"><\/i><\/span>\n\t\t\t\t\t\t\t\t\t\t\t\t\t\t<\/span>\n\t\t\t\t\t\t\t\t\t\t\t\t<a class=\"elementor-accordion-title\" tabindex=\"0\">Video<\/a>\n\t\t\t\t\t<\/div>\n\t\t\t\t\t<div id=\"elementor-tab-content-9182\" class=\"elementor-tab-content elementor-clearfix\" data-tab=\"2\" role=\"region\" aria-labelledby=\"elementor-tab-title-9182\"><p><a href=\"https:\/\/www.youtube.com\/watch?v=YQGe9ic9At8\">Vox Pop: Europawahl 2014 &#8211; YouTube<\/a><\/p><p><\/p><\/div>\n\t\t\t\t<\/div>\n\t\t\t\t\t\t\t\t<\/div>\n\t\t\t\t\t\t<\/div>\n\t\t\t\t<\/div>\n\t\t\t\t\t<\/div>\n\t\t<\/div>\n\t\t\t\t\t<\/div>\n\t\t<\/section>\n\t\t\t\t<section class=\"elementor-section elementor-top-section elementor-element elementor-element-6a42474 elementor-section-boxed elementor-section-height-default elementor-section-height-default\" data-id=\"6a42474\" data-element_type=\"section\" data-e-type=\"section\">\n\t\t\t\t\t\t<div class=\"elementor-container elementor-column-gap-default\">\n\t\t\t\t\t<div class=\"elementor-column elementor-col-100 elementor-top-column elementor-element elementor-element-9e324a7\" data-id=\"9e324a7\" data-element_type=\"column\" data-e-type=\"column\">\n\t\t\t<div class=\"elementor-widget-wrap elementor-element-populated\">\n\t\t\t\t\t\t<div class=\"elementor-element elementor-element-c15b906 elementor-widget elementor-widget-accordion\" data-id=\"c15b906\" data-element_type=\"widget\" data-e-type=\"widget\" data-widget_type=\"accordion.default\">\n\t\t\t\t<div class=\"elementor-widget-container\">\n\t\t\t\t\t\t\t<div class=\"elementor-accordion\">\n\t\t\t\t\t\t\t<div class=\"elementor-accordion-item\">\n\t\t\t\t\t<div id=\"elementor-tab-title-2021\" class=\"elementor-tab-title\" data-tab=\"1\" role=\"button\" aria-controls=\"elementor-tab-content-2021\" aria-expanded=\"false\">\n\t\t\t\t\t\t\t\t\t\t\t\t\t<span class=\"elementor-accordion-icon elementor-accordion-icon-left\" aria-hidden=\"true\">\n\t\t\t\t\t\t\t\t\t\t\t\t\t\t\t<span class=\"elementor-accordion-icon-closed\"><i class=\"fas fa-angle-double-down\"><\/i><\/span>\n\t\t\t\t\t\t\t\t<span class=\"elementor-accordion-icon-opened\"><i class=\"fas fa-minus\"><\/i><\/span>\n\t\t\t\t\t\t\t\t\t\t\t\t\t\t<\/span>\n\t\t\t\t\t\t\t\t\t\t\t\t<a class=\"elementor-accordion-title\" tabindex=\"0\">Sollte es auch in Zukunft in Deutschland Kompetenz in nuklearer Sicherheit, Entsorgung und Strahlenschutz sowie Nuklearforschung geben?<\/a>\n\t\t\t\t\t<\/div>\n\t\t\t\t\t<div id=\"elementor-tab-content-2021\" class=\"elementor-tab-content elementor-clearfix\" data-tab=\"1\" role=\"region\" aria-labelledby=\"elementor-tab-title-2021\"><div id=\"accordion_5353731b6e967d5216490dac677805ef\" class=\"wglAccordion\" data-initopen=\"false\" data-collapsible=\"1\" data-multiple=\"1\"><div class=\"accordionContent accordionContentVisible\"><div class=\"elementStandard elementContent elementText elementText_var0\"><p><strong>CDU:<\/strong><span>\u00a0<\/span>\u201eDeutschland will auf die internationale Sicherheitsdiskussion Einfluss nehmen. Daher werden auch nach dem Ausstieg geeignete institutionell gef\u00f6rderte Forschungseinrichtungen, unabh\u00e4ngige Sachverst\u00e4ndigeninstitutionen und ausreichende beh\u00f6rdliche Fachkompetenz zur Beurteilung der Sicherheit von Kernkraftwerken und ihres R\u00fcckbaus, des Strahlenschutzes und der nuklearen Entsorgung gebraucht.\u201c<span>\u00a0<\/span><em>(Europawahlprogramm der CDU, S. 39, 5. April 2014)<\/em><\/p><p><em><\/em><strong>Linke:<\/strong><span>\u00a0<\/span>\u201eDie Europ\u00e4ische Forschungsf\u00f6rderung muss mehr an den Zukunftsherausforderungen der Gesellschaft statt an den Interessen der Industrie ausgerichtet werden. Dazu geh\u00f6rt insbesondere die sozial-\u00f6kologische Transformation, die Umstellung der Energieforschung auf zukunftsf\u00e4hige Energietr\u00e4ger sowie der Ausstieg aus der Atomenergieforschung und dem Fusionsprojekt ITER.\u201c\u00a0<span>\u00a0<\/span><em>(Wahlprogramm der Partei Die Linke zur Europawahl, S. 52, 15. Februar 2014)<\/em><\/p><p><em><br \/><\/em><strong>Gr\u00fcne:\u00a0<\/strong>\u201eEs muss Schluss sein mit der Forschungsf\u00f6rderung zum Ausbau der Atomenergie, mit Genehmigungsprivilegien und Beg\u00fcnstigung von Investitionen f\u00fcr Atomkraft. Stattdessen wollen wir die Forschung im Bereich Atomenergie auf Gesundheits-, auf Sicherheits- und auf Entsorgungsfragen konzentrieren.\u201c<span>\u00a0<\/span><em>(Europawahlprogramm 2014 von B\u00dcNDNIS 90\/DIE GR\u00dcNEN, S. 21\/22, 7.-9. Februar 2014)<\/em><\/p><\/div><\/div><\/div><\/div>\n\t\t\t\t<\/div>\n\t\t\t\t\t\t\t<div class=\"elementor-accordion-item\">\n\t\t\t\t\t<div id=\"elementor-tab-title-2022\" class=\"elementor-tab-title\" data-tab=\"2\" role=\"button\" aria-controls=\"elementor-tab-content-2022\" aria-expanded=\"false\">\n\t\t\t\t\t\t\t\t\t\t\t\t\t<span class=\"elementor-accordion-icon elementor-accordion-icon-left\" aria-hidden=\"true\">\n\t\t\t\t\t\t\t\t\t\t\t\t\t\t\t<span class=\"elementor-accordion-icon-closed\"><i class=\"fas fa-angle-double-down\"><\/i><\/span>\n\t\t\t\t\t\t\t\t<span class=\"elementor-accordion-icon-opened\"><i class=\"fas fa-minus\"><\/i><\/span>\n\t\t\t\t\t\t\t\t\t\t\t\t\t\t<\/span>\n\t\t\t\t\t\t\t\t\t\t\t\t<a class=\"elementor-accordion-title\" tabindex=\"0\">Sollte die Europ\u00e4ische Union angesichts der schwierigen Marktbedingungen f\u00fcr praktisch alle neuen Kraftwerke die F\u00f6rderung klimaschonender Stromerzeugung, wie z.B. auch f\u00fcr neue Kernkraftwerke in Gro\u00dfbritannien geplant, erlauben?<\/a>\n\t\t\t\t\t<\/div>\n\t\t\t\t\t<div id=\"elementor-tab-content-2022\" class=\"elementor-tab-content elementor-clearfix\" data-tab=\"2\" role=\"region\" aria-labelledby=\"elementor-tab-title-2022\"><p><strong>CDU:<span>\u00a0<\/span><\/strong>\u201eEine F\u00f6rderung der Kernenergie lehnen wir jedoch nachdr\u00fccklich ab.\u201c<span>\u00a0<\/span><em>(Europawahlprogramm der CDU, S. 39, 5. April 2014)<\/em><\/p><p><strong>AfD:<span>\u00a0<\/span><\/strong>&#8222;Die dauerhafte Subventionierung jeglicher Art der Energieerzeugung lehnt die AfD ab.&#8220;<span>\u00a0<\/span><em>(Programm der Alternative f\u00fcr Deutschland (AfD) f\u00fcr die Wahl zum Europ\u00e4ischen Parlament, S. 19, 22. M\u00e4rz 2014)<\/em><\/p><p><strong>Piraten:<\/strong><span>\u00a0<\/span>&#8222;\u00d6ffentliche Subventionen f\u00fcr die fossile und nukleare Energiegewinnung untergraben den von uns angestrebten Wechsel hin zu einer zukunftsf\u00e4higen, klimafreundlichen und m\u00f6glichst autarken Energieversorgung in Europa. Wir PIRATEN fordern die Abschaffung jeglicher Subventionen und Beihilfen f\u00fcr die F\u00f6rderung fossiler und atomarer Energien. Dazu z\u00e4hlen insbesondere indirekte Beihilfen in Form von gesetzlichen Haftungsfreistellungen f\u00fcr Atomkraftwerke.&#8220;<span>\u00a0<\/span><em>(Die Piratenpartei Wahlprogramm zur Europawahl 2014, 4.\/5. Januar 2014)<\/em><\/p><\/div>\n\t\t\t\t<\/div>\n\t\t\t\t\t\t\t<div class=\"elementor-accordion-item\">\n\t\t\t\t\t<div id=\"elementor-tab-title-2023\" class=\"elementor-tab-title\" data-tab=\"3\" role=\"button\" aria-controls=\"elementor-tab-content-2023\" aria-expanded=\"false\">\n\t\t\t\t\t\t\t\t\t\t\t\t\t<span class=\"elementor-accordion-icon elementor-accordion-icon-left\" aria-hidden=\"true\">\n\t\t\t\t\t\t\t\t\t\t\t\t\t\t\t<span class=\"elementor-accordion-icon-closed\"><i class=\"fas fa-angle-double-down\"><\/i><\/span>\n\t\t\t\t\t\t\t\t<span class=\"elementor-accordion-icon-opened\"><i class=\"fas fa-minus\"><\/i><\/span>\n\t\t\t\t\t\t\t\t\t\t\t\t\t\t<\/span>\n\t\t\t\t\t\t\t\t\t\t\t\t<a class=\"elementor-accordion-title\" tabindex=\"0\">Sollte der deutsche Atomausstieg auch auf andere L\u00e4nder in der Europ\u00e4ischen Union \u00fcbertragen werden?<\/a>\n\t\t\t\t\t<\/div>\n\t\t\t\t\t<div id=\"elementor-tab-content-2023\" class=\"elementor-tab-content elementor-clearfix\" data-tab=\"3\" role=\"region\" aria-labelledby=\"elementor-tab-title-2023\"><p><strong>Linke:<span>\u00a0<\/span><\/strong>\u201eDIE LINKE k\u00e4mpft f\u00fcr den sofortigen Ausstieg aus der Atomenergie.\u201c<span>\u00a0<\/span><em>(Wahlprogramm der Partei Die Linke zur Europawahl, S. 31, 15. Februar 2014)<\/em><\/p><p><strong>Gr\u00fcne:<\/strong><span>\u00a0<\/span>\u201eWir setzen uns f\u00fcr verbindliche und ambitionierte europ\u00e4ische Klima- und Energieziele ein und sagen: Atomkraft, nein danke \u2013 in ganz Europa.\u201c<em>(Europawahlprogramm 2014 von B\u00dcNDNIS 90\/DIE GR\u00dcNEN, S. 16, 7.-9. Februar 2014)<\/em><\/p><p><strong>FDP:<\/strong><span>\u00a0<\/span>\u201eWenn es notwendig ist, die Laufzeiten von Atomkraftwerken zu verl\u00e4ngern, um die Grundlastversorgung in Deutschland sicherzustellen, dann muss man dar\u00fcber reden \u2013 auch wenn einige dann gleich wieder vom Ausstieg aus dem Ausstieg schwadronieren. Aber man kann doch nicht so tun, als ob die Welt sich nicht weitergedreht h\u00e4tte! Und den Ausstieg aus Deutschland als Industriestandort m\u00f6chte ich nicht verantworten.\u201c<span>\u00a0<\/span><em>(Spitzenkandidat der FDP f\u00fcr die Europawahl, Alexander Graf Lambsdorff in DIE WELT Online, 13. April 2014)<\/em><\/p><\/div>\n\t\t\t\t<\/div>\n\t\t\t\t\t\t\t<div class=\"elementor-accordion-item\">\n\t\t\t\t\t<div id=\"elementor-tab-title-2024\" class=\"elementor-tab-title\" data-tab=\"4\" role=\"button\" aria-controls=\"elementor-tab-content-2024\" aria-expanded=\"false\">\n\t\t\t\t\t\t\t\t\t\t\t\t\t<span class=\"elementor-accordion-icon elementor-accordion-icon-left\" aria-hidden=\"true\">\n\t\t\t\t\t\t\t\t\t\t\t\t\t\t\t<span class=\"elementor-accordion-icon-closed\"><i class=\"fas fa-angle-double-down\"><\/i><\/span>\n\t\t\t\t\t\t\t\t<span class=\"elementor-accordion-icon-opened\"><i class=\"fas fa-minus\"><\/i><\/span>\n\t\t\t\t\t\t\t\t\t\t\t\t\t\t<\/span>\n\t\t\t\t\t\t\t\t\t\t\t\t<a class=\"elementor-accordion-title\" tabindex=\"0\">Sind in der Europ\u00e4ischen Union Vertrags\u00e4nderungen im Bereich der Kernenergie notwendig?<\/a>\n\t\t\t\t\t<\/div>\n\t\t\t\t\t<div id=\"elementor-tab-content-2024\" class=\"elementor-tab-content elementor-clearfix\" data-tab=\"4\" role=\"region\" aria-labelledby=\"elementor-tab-title-2024\"><p><strong>Linke:<span>\u00a0<\/span><\/strong>\u201eDie europ\u00e4ische Vertragsgemeinschaft Euratom muss gek\u00fcndigt und aufgel\u00f6st werden.\u201c<span>\u00a0<\/span><em>(Wahlprogramm der Partei Die Linke zur Europawahl, S. 31, 15. Februar 2014)<\/em><\/p><p><strong>Gr\u00fcne:<\/strong><span>\u00a0<\/span>\u201eDer Euratom-Vertrag ist ein Relikt aus einer anderen Zeit. [\u2026] Wir sagen dazu entschieden nein! [\u2026] Wir setzen uns deshalb daf\u00fcr ein, den Euratom-Vertrag grundlegend zu reformieren und zu demokratisieren. Wir wollen, dass endlich das Europ\u00e4ische Parlament \u00fcber entsprechende Gesetze mitentscheidet und die B\u00fcrgerInnen das Recht erhalten, auch zu allen Fragen der Atomenergie eine Europ\u00e4ische B\u00fcrgerinitiative zu ergreifen. [\u2026] Es ist Zeit f\u00fcr eine europ\u00e4ische Energiewende mit dem Ausstieg aus der Europ\u00e4ischen Gemeinschaft f\u00fcr Atomenergie und dem Einstieg in eine Europ\u00e4ische Gemeinschaft f\u00fcr Erneuerbare Energien (ERENE). Sie soll den effizienten Ausbau Erneuerbarer Energien innerhalb der EU f\u00f6rdern und Europa so zum Vorreiter der Energieversorgung des 21. Jahrhunderts machen.\u201c<span>\u00a0<\/span><em>(Europawahlprogramm 2014 von B\u00dcNDNIS 90\/DIE GR\u00dcNEN, S. 21\/22, 7.-9. Februar 2014)<\/em><\/p><\/div>\n\t\t\t\t<\/div>\n\t\t\t\t\t\t\t<div class=\"elementor-accordion-item\">\n\t\t\t\t\t<div id=\"elementor-tab-title-2025\" class=\"elementor-tab-title\" data-tab=\"5\" role=\"button\" aria-controls=\"elementor-tab-content-2025\" aria-expanded=\"false\">\n\t\t\t\t\t\t\t\t\t\t\t\t\t<span class=\"elementor-accordion-icon elementor-accordion-icon-left\" aria-hidden=\"true\">\n\t\t\t\t\t\t\t\t\t\t\t\t\t\t\t<span class=\"elementor-accordion-icon-closed\"><i class=\"fas fa-angle-double-down\"><\/i><\/span>\n\t\t\t\t\t\t\t\t<span class=\"elementor-accordion-icon-opened\"><i class=\"fas fa-minus\"><\/i><\/span>\n\t\t\t\t\t\t\t\t\t\t\t\t\t\t<\/span>\n\t\t\t\t\t\t\t\t\t\t\t\t<a class=\"elementor-accordion-title\" tabindex=\"0\">Sollen die hohen Sicherheitsstandards der Kernenergie, wie sie in Deutschland pr\u00e4gend sind, in der ganzen EU vereinheitlicht werden?<\/a>\n\t\t\t\t\t<\/div>\n\t\t\t\t\t<div id=\"elementor-tab-content-2025\" class=\"elementor-tab-content elementor-clearfix\" data-tab=\"5\" role=\"region\" aria-labelledby=\"elementor-tab-title-2025\"><p><strong>CDU:<span>\u00a0<\/span><\/strong>\u201eRisiken machen nicht an Grenzen halt. Deshalb m\u00fcssen die Kraftwerke ein H\u00f6chstma\u00df an Sicherheit bieten. Wir werden uns in Europa daf\u00fcr einsetzen, die Sicherheit der Kernkraftwerke zu erh\u00f6hen und verbindliche Sicherheitsziele festzuschreiben. Wir wollen ein System wechselseitiger Kontrolle bei fortbestehender nationaler Verantwortung f\u00fcr die Sicherheit. Wir setzen uns auf europ\u00e4ischer Ebene f\u00fcr eine enge Zusammenarbeit und umfassende Transparenz in allen sicherheitsrelevanten Fragen ein.\u201c<span>\u00a0<\/span><em>(Europawahlprogramm der CDU, S. 39, 5. April 2014)<\/em><em><\/em><\/p><p><strong>Gr\u00fcne:<\/strong><span>\u00a0<\/span>\u201eEs m\u00fcssen gemeinsame strikte Sicherheitsstandards auf dem Stand von Wissenschaft und Technik eingef\u00fchrt und strenge und stetige Kontrollen garantiert werden.\u201c<span>\u00a0<\/span><em>(Europawahlprogramm 2014 von B\u00dcNDNIS 90\/DIE GR\u00dcNEN, S. 22, 7.-9. Februar 2014)<\/em><\/p><\/div>\n\t\t\t\t<\/div>\n\t\t\t\t\t\t\t\t<\/div>\n\t\t\t\t\t\t<\/div>\n\t\t\t\t<\/div>\n\t\t\t\t\t<\/div>\n\t\t<\/div>\n\t\t\t\t\t<\/div>\n\t\t<\/section>\n\t\t\t\t<section class=\"elementor-section elementor-top-section elementor-element elementor-element-2d97b39 elementor-section-boxed elementor-section-height-default elementor-section-height-default\" data-id=\"2d97b39\" data-element_type=\"section\" data-e-type=\"section\">\n\t\t\t\t\t\t<div class=\"elementor-container elementor-column-gap-default\">\n\t\t\t\t\t<div class=\"elementor-column elementor-col-100 elementor-top-column elementor-element elementor-element-0e8a77d\" data-id=\"0e8a77d\" data-element_type=\"column\" data-e-type=\"column\">\n\t\t\t<div class=\"elementor-widget-wrap\">\n\t\t\t\t\t\t\t<\/div>\n\t\t<\/div>\n\t\t\t\t\t<\/div>\n\t\t<\/section>\n\t\t\t\t<section class=\"elementor-section elementor-top-section elementor-element elementor-element-a756940 elementor-section-boxed elementor-section-height-default elementor-section-height-default\" data-id=\"a756940\" data-element_type=\"section\" data-e-type=\"section\">\n\t\t\t\t\t\t<div class=\"elementor-container elementor-column-gap-default\">\n\t\t\t\t\t<div class=\"elementor-column elementor-col-100 elementor-top-column elementor-element elementor-element-5d9020f\" data-id=\"5d9020f\" data-element_type=\"column\" data-e-type=\"column\">\n\t\t\t<div class=\"elementor-widget-wrap elementor-element-populated\">\n\t\t\t\t\t\t<div class=\"elementor-element elementor-element-2c10d38 elementor-arrows-position-inside elementor-pagination-position-outside elementor-widget elementor-widget-image-carousel\" data-id=\"2c10d38\" data-element_type=\"widget\" data-e-type=\"widget\" data-settings=\"{&quot;navigation&quot;:&quot;both&quot;,&quot;autoplay&quot;:&quot;yes&quot;,&quot;pause_on_hover&quot;:&quot;yes&quot;,&quot;pause_on_interaction&quot;:&quot;yes&quot;,&quot;autoplay_speed&quot;:5000,&quot;infinite&quot;:&quot;yes&quot;,&quot;speed&quot;:500}\" data-widget_type=\"image-carousel.default\">\n\t\t\t\t<div class=\"elementor-widget-container\">\n\t\t\t\t\t\t\t<div class=\"elementor-image-carousel-wrapper swiper\" role=\"region\" aria-roledescription=\"carousel\" aria-label=\"Bilderkarussell\" dir=\"ltr\">\n\t\t\t<div class=\"elementor-image-carousel swiper-wrapper\" aria-live=\"off\">\n\t\t\t\t\t\t\t\t<div class=\"swiper-slide\" role=\"group\" aria-roledescription=\"slide\" aria-label=\"1 von 4\"><figure class=\"swiper-slide-inner\"><img decoding=\"async\" class=\"swiper-slide-image\" src=\"https:\/\/kernd.de\/wp-content\/uploads\/2022\/03\/ktg.png\" alt=\"ktg\" \/><\/figure><\/div><div class=\"swiper-slide\" role=\"group\" aria-roledescription=\"slide\" aria-label=\"2 von 4\"><figure class=\"swiper-slide-inner\"><img decoding=\"async\" class=\"swiper-slide-image\" src=\"https:\/\/kernd.de\/wp-content\/uploads\/2022\/03\/kernd.png\" alt=\"kernd\" \/><\/figure><\/div><div class=\"swiper-slide\" role=\"group\" aria-roledescription=\"slide\" aria-label=\"3 von 4\"><figure class=\"swiper-slide-inner\"><img decoding=\"async\" class=\"swiper-slide-image\" src=\"https:\/\/kernd.de\/wp-content\/uploads\/2022\/03\/Inforum.png\" alt=\"Inforum\" \/><\/figure><\/div><div class=\"swiper-slide\" role=\"group\" aria-roledescription=\"slide\" aria-label=\"4 von 4\"><figure class=\"swiper-slide-inner\"><img decoding=\"async\" class=\"swiper-slide-image\" src=\"https:\/\/kernd.de\/wp-content\/uploads\/2023\/05\/KT-L-Logo-RGB-300x45.jpg\" alt=\"KT L Logo RGB\" \/><\/figure><\/div>\t\t\t<\/div>\n\t\t\t\t\t\t\t\t\t\t\t\t<div class=\"elementor-swiper-button elementor-swiper-button-prev\" role=\"button\" tabindex=\"0\">\n\t\t\t\t\t\t<i aria-hidden=\"true\" class=\"eicon-chevron-left\"><\/i>\t\t\t\t\t<\/div>\n\t\t\t\t\t<div class=\"elementor-swiper-button elementor-swiper-button-next\" role=\"button\" tabindex=\"0\">\n\t\t\t\t\t\t<i aria-hidden=\"true\" class=\"eicon-chevron-right\"><\/i>\t\t\t\t\t<\/div>\n\t\t\t\t\n\t\t\t\t\t\t\t\t\t<div class=\"swiper-pagination\"><\/div>\n\t\t\t\t\t\t\t\t\t<\/div>\n\t\t\t\t\t\t<\/div>\n\t\t\t\t<\/div>\n\t\t\t\t\t<\/div>\n\t\t<\/div>\n\t\t\t\t\t<\/div>\n\t\t<\/section>\n\t\t\t\t<\/div>\n\t\t","protected":false},"excerpt":{"rendered":"<p>Wahlspezial zur Europawahl 2014 Was wollen die Parteien Im Vorfeld der Europawahl am 25. Mai 2014 haben wir Fragen aus der politischen Diskussion zum Thema Kernenergie aufgegriffen und diese mit den Aussagen der Parteien abgeglichen und die Menschen nach Ihrer Meinung dazu gefragt. Eine im April 2014 vom DAtF beauftragte [&hellip;]<\/p>\n","protected":false},"author":1,"featured_media":0,"parent":0,"menu_order":0,"comment_status":"closed","ping_status":"closed","template":"elementor_header_footer","meta":{"footnotes":""},"class_list":["post-2058","page","type-page","status-publish","hentry"],"aioseo_notices":[],"_links":{"self":[{"href":"https:\/\/kernd.de\/de\/wp-json\/wp\/v2\/pages\/2058","targetHints":{"allow":["GET"]}}],"collection":[{"href":"https:\/\/kernd.de\/de\/wp-json\/wp\/v2\/pages"}],"about":[{"href":"https:\/\/kernd.de\/de\/wp-json\/wp\/v2\/types\/page"}],"author":[{"embeddable":true,"href":"https:\/\/kernd.de\/de\/wp-json\/wp\/v2\/users\/1"}],"replies":[{"embeddable":true,"href":"https:\/\/kernd.de\/de\/wp-json\/wp\/v2\/comments?post=2058"}],"version-history":[{"count":0,"href":"https:\/\/kernd.de\/de\/wp-json\/wp\/v2\/pages\/2058\/revisions"}],"wp:attachment":[{"href":"https:\/\/kernd.de\/de\/wp-json\/wp\/v2\/media?parent=2058"}],"curies":[{"name":"wp","href":"https:\/\/api.w.org\/{rel}","templated":true}]}}